{"id":26487,"date":"2026-02-09T11:03:07","date_gmt":"2026-02-09T11:03:07","guid":{"rendered":"http:\/\/logic-vault.com\/?post_type=product&#038;p=26487"},"modified":"2026-02-11T13:39:51","modified_gmt":"2026-02-11T13:39:51","slug":"scientific-diagram-simplified-explanation","status":"publish","type":"product","link":"https:\/\/logic-vault.com\/tr\/urun\/scientific-diagram-simplified-explanation\/","title":{"rendered":"Bilimsel Diyagram\u0131n Basitle\u015ftirilmi\u015f A\u00e7\u0131klamas\u0131"},"content":{"rendered":"<p>Bu komut, bir yapay zekan\u0131n biyoloji, kimya, fizik, t\u0131p, m\u00fchendislik veya \u00e7evre bilimi gibi bilimsel bir diyagram\u0131 al\u0131p \u00f6\u011frenciler veya uzman olmayanlar i\u00e7in uygun, anla\u015f\u0131l\u0131r bir a\u00e7\u0131klamaya d\u00f6n\u00fc\u015ft\u00fcrmesini sa\u011flar.<\/p>\n<p>Yapay zek\u00e2, g\u00f6sterilen temel kavram\u0131 belirlemeli, s\u00fcreci ad\u0131m ad\u0131m a\u00e7\u0131klamal\u0131 ve ili\u015fkileri ve neden-sonu\u00e7 ba\u011f\u0131nt\u0131lar\u0131n\u0131 basit bir dille izah etmelidir. Bilimsel terimlere izin verilir ancak bunlar sade bir dille a\u00e7\u0131klanmal\u0131 ve yararl\u0131 oldu\u011funda benzetmelerden yararlan\u0131labilir.<\/p>\n<p>Son a\u00e7\u0131klama, be\u015f net b\u00f6l\u00fcme (genel bak\u0131\u015f, ad\u0131m ad\u0131m, temel kavramlar, yayg\u0131n yanl\u0131\u015f anlamalar ve son \u00f6zet) ayr\u0131lm\u0131\u015ft\u0131r ve gereksiz teknik terimlerden, g\u00f6rsel a\u00e7\u0131klamalardan veya diyagramla desteklenmeyen ek bilgilerden ka\u00e7\u0131n\u0131lm\u0131\u015ft\u0131r.<\/p>\n<p>Sonu\u00e7 olarak, derslerde, \u00e7al\u0131\u015fma k\u0131lavuzlar\u0131nda veya s\u0131n\u0131f sunumlar\u0131nda kullan\u0131labilecek, eri\u015filebilir bir e\u011fitimsel a\u00e7\u0131klama ortaya \u00e7\u0131km\u0131\u015ft\u0131r.<\/p>","protected":false},"excerpt":{"rendered":"<p>This prompt guides an AI to take a scientific diagram\u2014whether from biology, chemistry, physics, medicine, engineering, or environmental science\u2014and convert it into a clear, beginner-friendly explanation suitable for students or non-experts. The AI must identify the core concept being illustrated, break down the process step by step, and explain relationships and cause-and-effect in simple language. [&hellip;]<\/p>\n","protected":false},"featured_media":25468,"comment_status":"open","ping_status":"closed","template":"","meta":[],"product_brand":[],"product_cat":[4091],"product_tag":[],"class_list":{"0":"post-26487","1":"product","2":"type-product","3":"status-publish","4":"has-post-thumbnail","6":"product_cat-coding-development","8":"first","9":"instock","10":"downloadable","11":"virtual","12":"product-type-simple"},"bundled_by":[],"bundle_stock_status":"instock","bundle_stock_quantity":null,"bundle_virtual":false,"bundle_layout":"","bundle_add_to_cart_form_location":"","bundle_editable_in_cart":false,"bundle_sold_individually_context":"","bundle_item_grouping":"","bundle_min_size":"","bundle_max_size":"","bundle_price":[],"bundled_items":[],"bundle_sell_ids":[],"_links":{"self":[{"href":"https:\/\/logic-vault.com\/tr\/wp-json\/wp\/v2\/product\/26487","targetHints":{"allow":["GET"]}}],"collection":[{"href":"https:\/\/logic-vault.com\/tr\/wp-json\/wp\/v2\/product"}],"about":[{"href":"https:\/\/logic-vault.com\/tr\/wp-json\/wp\/v2\/types\/product"}],"replies":[{"embeddable":true,"href":"https:\/\/logic-vault.com\/tr\/wp-json\/wp\/v2\/comments?post=26487"}],"wp:featuredmedia":[{"embeddable":true,"href":"https:\/\/logic-vault.com\/tr\/wp-json\/wp\/v2\/media\/25468"}],"wp:attachment":[{"href":"https:\/\/logic-vault.com\/tr\/wp-json\/wp\/v2\/media?parent=26487"}],"wp:term":[{"taxonomy":"product_brand","embeddable":true,"href":"https:\/\/logic-vault.com\/tr\/wp-json\/wp\/v2\/product_brand?post=26487"},{"taxonomy":"product_cat","embeddable":true,"href":"https:\/\/logic-vault.com\/tr\/wp-json\/wp\/v2\/product_cat?post=26487"},{"taxonomy":"product_tag","embeddable":true,"href":"https:\/\/logic-vault.com\/tr\/wp-json\/wp\/v2\/product_tag?post=26487"}],"curies":[{"name":"wp","href":"https:\/\/api.w.org\/{rel}","templated":true}]}}