{"id":26485,"date":"2026-02-09T11:03:07","date_gmt":"2026-02-09T11:03:07","guid":{"rendered":"http:\/\/logic-vault.com\/?post_type=product&#038;p=26485"},"modified":"2026-02-11T13:39:51","modified_gmt":"2026-02-11T13:39:51","slug":"product-packaging-design-analysis-and-improvement","status":"publish","type":"product","link":"https:\/\/logic-vault.com\/tr\/urun\/product-packaging-design-analysis-and-improvement\/","title":{"rendered":"\u00dcr\u00fcn Ambalaj Tasar\u0131m\u0131 Analizi ve \u0130yile\u015ftirme"},"content":{"rendered":"<p>Bu komut, yapay zek\u00e2n\u0131n \u00fcr\u00fcn ambalaj tasar\u0131mlar\u0131n\u0131 (foto\u011fraflar, maketler, renderlar veya ma\u011faza i\u00e7i raf \u00e7ekimleri \u00fczerinden) analiz etmesini ve m\u00fc\u015fterileri ne kadar etkili bir \u015fekilde \u00e7ekti\u011fini, de\u011feri nas\u0131l iletti\u011fini ve sat\u0131n alma kararlar\u0131n\u0131 nas\u0131l destekledi\u011fini de\u011ferlendirmesini sa\u011flar. Yapay zek\u00e2, ilk izlenimleri, mesaj netli\u011fini, g\u00f6rsel hiyerar\u015fiyi, raf performans\u0131n\u0131, t\u00fcketici alg\u0131s\u0131n\u0131 ve pratik kullan\u0131labilirli\u011fi de\u011ferlendirmelidir.<\/p>\n<p>G\u00fc\u00e7l\u00fc y\u00f6nleri, zay\u0131f y\u00f6nleri, riskleri ve s\u00fcrt\u00fcnme noktalar\u0131n\u0131 belirledikten sonra, yapay zeka ileti\u015fim, farkl\u0131la\u015fma ve d\u00f6n\u00fc\u015f\u00fcm\u00fc art\u0131rmak i\u00e7in net, spesifik ve uygulanabilir iyile\u015ftirmeler \u00f6nermelidir. \u00d6neriler etki \u00f6nceli\u011fine g\u00f6re s\u0131ralanmal\u0131 ve tamamen sunulan g\u00f6rsel kan\u0131tlara dayanmal\u0131d\u0131r.<\/p>\n<p>Son \u00e7\u0131kt\u0131, ger\u00e7ek d\u00fcnya \u00fcr\u00fcn tasar\u0131m incelemeleri, yeniden tasar\u0131m brifingleri veya payda\u015f sunumlar\u0131 i\u00e7in uygun, iyi tan\u0131mlanm\u0131\u015f b\u00f6l\u00fcmlere ayr\u0131lm\u0131\u015ft\u0131r.<\/p>","protected":false},"excerpt":{"rendered":"<p>This prompt guides an AI to analyze product packaging designs\u2014across photos, mockups, renders, or in-store shelf shots\u2014and evaluate how effectively they attract customers, communicate value, and support purchase decisions. The AI must assess first impressions, message clarity, visual hierarchy, shelf performance, consumer perception, and practical usability. After identifying strengths, weaknesses, risks, and friction points, the [&hellip;]<\/p>\n","protected":false},"featured_media":25651,"comment_status":"open","ping_status":"closed","template":"","meta":[],"product_brand":[],"product_cat":[4096],"product_tag":[],"class_list":{"0":"post-26485","1":"product","2":"type-product","3":"status-publish","4":"has-post-thumbnail","6":"product_cat-customer-support-sales","8":"first","9":"instock","10":"downloadable","11":"virtual","12":"product-type-simple"},"bundled_by":[],"bundle_stock_status":"instock","bundle_stock_quantity":null,"bundle_virtual":false,"bundle_layout":"","bundle_add_to_cart_form_location":"","bundle_editable_in_cart":false,"bundle_sold_individually_context":"","bundle_item_grouping":"","bundle_min_size":"","bundle_max_size":"","bundle_price":[],"bundled_items":[],"bundle_sell_ids":[],"_links":{"self":[{"href":"https:\/\/logic-vault.com\/tr\/wp-json\/wp\/v2\/product\/26485","targetHints":{"allow":["GET"]}}],"collection":[{"href":"https:\/\/logic-vault.com\/tr\/wp-json\/wp\/v2\/product"}],"about":[{"href":"https:\/\/logic-vault.com\/tr\/wp-json\/wp\/v2\/types\/product"}],"replies":[{"embeddable":true,"href":"https:\/\/logic-vault.com\/tr\/wp-json\/wp\/v2\/comments?post=26485"}],"wp:featuredmedia":[{"embeddable":true,"href":"https:\/\/logic-vault.com\/tr\/wp-json\/wp\/v2\/media\/25651"}],"wp:attachment":[{"href":"https:\/\/logic-vault.com\/tr\/wp-json\/wp\/v2\/media?parent=26485"}],"wp:term":[{"taxonomy":"product_brand","embeddable":true,"href":"https:\/\/logic-vault.com\/tr\/wp-json\/wp\/v2\/product_brand?post=26485"},{"taxonomy":"product_cat","embeddable":true,"href":"https:\/\/logic-vault.com\/tr\/wp-json\/wp\/v2\/product_cat?post=26485"},{"taxonomy":"product_tag","embeddable":true,"href":"https:\/\/logic-vault.com\/tr\/wp-json\/wp\/v2\/product_tag?post=26485"}],"curies":[{"name":"wp","href":"https:\/\/api.w.org\/{rel}","templated":true}]}}