{"id":26484,"date":"2026-02-09T11:03:07","date_gmt":"2026-02-09T11:03:07","guid":{"rendered":"http:\/\/logic-vault.com\/?post_type=product&#038;p=26484"},"modified":"2026-02-11T13:39:51","modified_gmt":"2026-02-11T13:39:51","slug":"architectural-sketch-interpretation-and-documentation","status":"publish","type":"product","link":"https:\/\/logic-vault.com\/tr\/urun\/architectural-sketch-interpretation-and-documentation\/","title":{"rendered":"Mimari \u00c7izim Yorumlama ve Belgeleme"},"content":{"rendered":"<p>Bu komut, yapay zek\u00e2n\u0131n elle \u00e7izilmi\u015f, a\u00e7\u0131klamal\u0131, kavramsal veya yerle\u015fim plan\u0131na dayal\u0131 mimari \u00e7izimleri analiz etmesini ve bunlar\u0131 mimari ileti\u015fim, tasar\u0131m incelemesi ve daha fazla geli\u015ftirme i\u00e7in uygun, net ve yap\u0131land\u0131r\u0131lm\u0131\u015f bir teknik belgeye d\u00f6n\u00fc\u015ft\u00fcrmesini ama\u00e7lamaktad\u0131r. Yapay zek\u00e2, temel mimari amac\u0131 yorumlamal\u0131, mekanlar\u0131 ve aralar\u0131ndaki ili\u015fkileri belirlemeli ve \u00e7izimlerle desteklenmeyen ayr\u0131nt\u0131lar eklemeden tasar\u0131m\u0131n ard\u0131ndaki mant\u0131\u011f\u0131 a\u00e7\u0131klamal\u0131d\u0131r.<\/p>\n<p>Olu\u015fturulan dok\u00fcmantasyon, proje ba\u011flam\u0131n\u0131, mekansal program\u0131, temel mimari unsurlar\u0131, dola\u015f\u0131m mant\u0131\u011f\u0131n\u0131 ve i\u015flevsel gerek\u00e7eyi \u00f6zetlemelidir. Model ayr\u0131ca belirsiz veya eksik bilgileri vurgulamal\u0131, varsay\u0131mlar\u0131 listelemeli ve daha ileri tasar\u0131m a\u015famalar\u0131na ge\u00e7meden \u00f6nce a\u00e7\u0131kl\u0131\u011fa kavu\u015fturulmas\u0131 gereken sorular\u0131 sunmal\u0131d\u0131r. \u00dcslup, mimarlar, m\u00fc\u015fteriler veya tasar\u0131m ekipleri i\u00e7in temel bir belge olarak kullan\u0131labilecek \u015fekilde, kesin, tarafs\u0131z ve profesyonel kalmal\u0131d\u0131r.<\/p>","protected":false},"excerpt":{"rendered":"<p>This prompt instructs an AI to analyze architectural sketches\u2014whether hand-drawn, annotated, conceptual, or layout-based\u2014and convert them into a clear, structured technical document suitable for architectural communication, design review, and further development. The AI must interpret the underlying architectural intent, identify spaces and their relationships, and explain the logic behind the design without adding details not [&hellip;]<\/p>\n","protected":false},"featured_media":25468,"comment_status":"open","ping_status":"closed","template":"","meta":[],"product_brand":[],"product_cat":[4091],"product_tag":[],"class_list":{"0":"post-26484","1":"product","2":"type-product","3":"status-publish","4":"has-post-thumbnail","6":"product_cat-coding-development","8":"first","9":"instock","10":"downloadable","11":"virtual","12":"product-type-simple"},"bundled_by":[],"bundle_stock_status":"instock","bundle_stock_quantity":null,"bundle_virtual":false,"bundle_layout":"","bundle_add_to_cart_form_location":"","bundle_editable_in_cart":false,"bundle_sold_individually_context":"","bundle_item_grouping":"","bundle_min_size":"","bundle_max_size":"","bundle_price":[],"bundled_items":[],"bundle_sell_ids":[],"_links":{"self":[{"href":"https:\/\/logic-vault.com\/tr\/wp-json\/wp\/v2\/product\/26484","targetHints":{"allow":["GET"]}}],"collection":[{"href":"https:\/\/logic-vault.com\/tr\/wp-json\/wp\/v2\/product"}],"about":[{"href":"https:\/\/logic-vault.com\/tr\/wp-json\/wp\/v2\/types\/product"}],"replies":[{"embeddable":true,"href":"https:\/\/logic-vault.com\/tr\/wp-json\/wp\/v2\/comments?post=26484"}],"wp:featuredmedia":[{"embeddable":true,"href":"https:\/\/logic-vault.com\/tr\/wp-json\/wp\/v2\/media\/25468"}],"wp:attachment":[{"href":"https:\/\/logic-vault.com\/tr\/wp-json\/wp\/v2\/media?parent=26484"}],"wp:term":[{"taxonomy":"product_brand","embeddable":true,"href":"https:\/\/logic-vault.com\/tr\/wp-json\/wp\/v2\/product_brand?post=26484"},{"taxonomy":"product_cat","embeddable":true,"href":"https:\/\/logic-vault.com\/tr\/wp-json\/wp\/v2\/product_cat?post=26484"},{"taxonomy":"product_tag","embeddable":true,"href":"https:\/\/logic-vault.com\/tr\/wp-json\/wp\/v2\/product_tag?post=26484"}],"curies":[{"name":"wp","href":"https:\/\/api.w.org\/{rel}","templated":true}]}}