{"id":26482,"date":"2026-02-09T11:03:04","date_gmt":"2026-02-09T11:03:04","guid":{"rendered":"http:\/\/logic-vault.com\/?post_type=product&#038;p=26482"},"modified":"2026-02-10T12:03:28","modified_gmt":"2026-02-10T12:03:28","slug":"advertisement-layout-evaluation-and-audience-reaction-prediction","status":"publish","type":"product","link":"https:\/\/logic-vault.com\/tr\/urun\/advertisement-layout-evaluation-and-audience-reaction-prediction\/","title":{"rendered":"Reklam D\u00fczeni De\u011ferlendirmesi ve \u0130zleyici Tepkisi Tahmini"},"content":{"rendered":"<p>Bu komut, bir yapay zek\u00e2ya reklam d\u00fczenlerini de\u011ferlendirmesini ve tasar\u0131m, mesaj netli\u011fi ve psikolojik etki temelinde hedef kitle tepkilerini tahmin etmesini emreder. Model, her reklam\u0131n g\u00f6rsel hiyerar\u015fisini, mesaj g\u00fcc\u00fcn\u00fc, harekete ge\u00e7irici mesaj netli\u011fini ve kafa kar\u0131\u015ft\u0131r\u0131c\u0131 unsurlar\u0131n\u0131 analiz etmelidir. Ard\u0131ndan, \u00e7e\u015fitli hedef kitle segmentlerinin (yeni ve geri d\u00f6nen kullan\u0131c\u0131lar, fiyat duyarl\u0131 ve premium, uzman ve s\u0131radan) reklam\u0131 g\u00f6rd\u00fckten sonraki ilk saniyelerde duygusal ve davran\u0131\u015fsal olarak nas\u0131l tepki vereceklerini tahmin etmelidir. Yapay zek\u00e2, dikkat ak\u0131\u015f\u0131, g\u00fcven sinyalleri, \u015f\u00fcphecilik tetikleyicileri ve durdurma g\u00fcc\u00fc unsurlar\u0131 da dahil olmak \u00fczere olumlu ve olumsuz tepki etkenlerini belirler. Potansiyel etkile\u015fim ve d\u00f6n\u00fc\u015f\u00fcm risklerini de\u011ferlendirmeli ve karma\u015fa, zay\u0131f hiyerar\u015fi, belirsiz de\u011fer \u00f6nerisi veya ton uyumsuzlu\u011fu gibi sorunlar\u0131 vurgulamal\u0131d\u0131r. Son olarak, estetik ele\u015ftiriden ziyade alg\u0131, davran\u0131\u015f ve karar verme \u00fczerinde durarak, d\u00fczeni, mesajla\u015fmay\u0131 ve etkinli\u011fi iyile\u015ftirmek i\u00e7in somut, \u00f6ncelikli \u00f6neriler sunmal\u0131d\u0131r.<\/p>","protected":false},"excerpt":{"rendered":"<p>This prompt instructs an AI to evaluate advertisement layouts and predict audience reactions based on design, messaging clarity, and psychological impact. The model must analyze each ad\u2019s visual hierarchy, message strength, CTA clarity, and any confusing elements. It must then predict how various audience segments (new vs returning users, price-sensitive vs premium, expert vs casual) [&hellip;]<\/p>\n","protected":false},"featured_media":26657,"comment_status":"open","ping_status":"closed","template":"","meta":[],"product_brand":[],"product_cat":[4097],"product_tag":[],"class_list":{"0":"post-26482","1":"product","2":"type-product","3":"status-publish","4":"has-post-thumbnail","6":"product_cat-design-creativity","8":"first","9":"instock","10":"downloadable","11":"virtual","12":"product-type-simple"},"bundled_by":[],"bundle_stock_status":"instock","bundle_stock_quantity":null,"bundle_virtual":false,"bundle_layout":"","bundle_add_to_cart_form_location":"","bundle_editable_in_cart":false,"bundle_sold_individually_context":"","bundle_item_grouping":"","bundle_min_size":"","bundle_max_size":"","bundle_price":[],"bundled_items":[],"bundle_sell_ids":[],"_links":{"self":[{"href":"https:\/\/logic-vault.com\/tr\/wp-json\/wp\/v2\/product\/26482","targetHints":{"allow":["GET"]}}],"collection":[{"href":"https:\/\/logic-vault.com\/tr\/wp-json\/wp\/v2\/product"}],"about":[{"href":"https:\/\/logic-vault.com\/tr\/wp-json\/wp\/v2\/types\/product"}],"replies":[{"embeddable":true,"href":"https:\/\/logic-vault.com\/tr\/wp-json\/wp\/v2\/comments?post=26482"}],"wp:featuredmedia":[{"embeddable":true,"href":"https:\/\/logic-vault.com\/tr\/wp-json\/wp\/v2\/media\/26657"}],"wp:attachment":[{"href":"https:\/\/logic-vault.com\/tr\/wp-json\/wp\/v2\/media?parent=26482"}],"wp:term":[{"taxonomy":"product_brand","embeddable":true,"href":"https:\/\/logic-vault.com\/tr\/wp-json\/wp\/v2\/product_brand?post=26482"},{"taxonomy":"product_cat","embeddable":true,"href":"https:\/\/logic-vault.com\/tr\/wp-json\/wp\/v2\/product_cat?post=26482"},{"taxonomy":"product_tag","embeddable":true,"href":"https:\/\/logic-vault.com\/tr\/wp-json\/wp\/v2\/product_tag?post=26482"}],"curies":[{"name":"wp","href":"https:\/\/api.w.org\/{rel}","templated":true}]}}