{"id":26479,"date":"2026-02-09T11:03:03","date_gmt":"2026-02-09T11:03:03","guid":{"rendered":"http:\/\/logic-vault.com\/?post_type=product&#038;p=26479"},"modified":"2026-02-11T13:39:51","modified_gmt":"2026-02-11T13:39:51","slug":"logo-comparison-and-impact-ranking","status":"publish","type":"product","link":"https:\/\/logic-vault.com\/tr\/urun\/logo-comparison-and-impact-ranking\/","title":{"rendered":"Logo Kar\u015f\u0131la\u015ft\u0131rmas\u0131 ve Etki S\u0131ralamas\u0131"},"content":{"rendered":"<p>Bu komut, bir yapay zek\u00e2 modelinin birden fazla logo \u00f6nerisini profesyonel bir marka stratejisti gibi de\u011ferlendirmesini ama\u00e7lamaktad\u0131r. Yapay zek\u00e2, logolar\u0131 yan yana kar\u015f\u0131la\u015ft\u0131rmal\u0131 ve netlik, tan\u0131nabilirlik, sekt\u00f6rle ilgili olma, g\u00f6rsel etki, \u00f6l\u00e7eklenebilirlik ve pratik uygulama a\u00e7\u0131s\u0131ndan de\u011ferlendirmelidir. Her logo i\u00e7in g\u00fc\u00e7l\u00fc ve zay\u0131f y\u00f6nleri ve potansiyel sorunlar\u0131 belirlemeli, \u00f6znel veya zevke dayal\u0131 yarg\u0131lardan ka\u00e7\u0131nmal\u0131d\u0131r. Ard\u0131ndan, yapay zek\u00e2, marka mant\u0131\u011f\u0131na dayal\u0131 net bir gerek\u00e7eyle, en g\u00fc\u00e7l\u00fcden en zay\u0131fa do\u011fru s\u0131ralanm\u0131\u015f bir liste olu\u015fturmal\u0131d\u0131r. Son olarak, payda\u015flar i\u00e7in ger\u00e7ek d\u00fcnya marka kararlar\u0131n\u0131 desteklemek \u00fczere, bir logonun se\u00e7ilmesi veya iyile\u015ftirilmesi gerekip gerekmedi\u011fi de dahil olmak \u00fczere, uygulanabilir \u00f6neriler sunmal\u0131d\u0131r.<\/p>","protected":false},"excerpt":{"rendered":"<p>This prompt instructs an AI model to evaluate multiple logo proposals as a professional brand strategist. The AI must compare logos side by side and assess them based on clarity, recognizability, industry relevance, visual impact, scalability, and practical application. It requires identifying strengths, weaknesses, and potential issues for each logo while avoiding subjective or taste-based [&hellip;]<\/p>\n","protected":false},"featured_media":25529,"comment_status":"open","ping_status":"closed","template":"","meta":[],"product_brand":[],"product_cat":[4094],"product_tag":[],"class_list":{"0":"post-26479","1":"product","2":"type-product","3":"status-publish","4":"has-post-thumbnail","6":"product_cat-business-marketing","8":"first","9":"instock","10":"downloadable","11":"virtual","12":"product-type-simple"},"bundled_by":[],"bundle_stock_status":"instock","bundle_stock_quantity":null,"bundle_virtual":false,"bundle_layout":"","bundle_add_to_cart_form_location":"","bundle_editable_in_cart":false,"bundle_sold_individually_context":"","bundle_item_grouping":"","bundle_min_size":"","bundle_max_size":"","bundle_price":[],"bundled_items":[],"bundle_sell_ids":[],"_links":{"self":[{"href":"https:\/\/logic-vault.com\/tr\/wp-json\/wp\/v2\/product\/26479","targetHints":{"allow":["GET"]}}],"collection":[{"href":"https:\/\/logic-vault.com\/tr\/wp-json\/wp\/v2\/product"}],"about":[{"href":"https:\/\/logic-vault.com\/tr\/wp-json\/wp\/v2\/types\/product"}],"replies":[{"embeddable":true,"href":"https:\/\/logic-vault.com\/tr\/wp-json\/wp\/v2\/comments?post=26479"}],"wp:featuredmedia":[{"embeddable":true,"href":"https:\/\/logic-vault.com\/tr\/wp-json\/wp\/v2\/media\/25529"}],"wp:attachment":[{"href":"https:\/\/logic-vault.com\/tr\/wp-json\/wp\/v2\/media?parent=26479"}],"wp:term":[{"taxonomy":"product_brand","embeddable":true,"href":"https:\/\/logic-vault.com\/tr\/wp-json\/wp\/v2\/product_brand?post=26479"},{"taxonomy":"product_cat","embeddable":true,"href":"https:\/\/logic-vault.com\/tr\/wp-json\/wp\/v2\/product_cat?post=26479"},{"taxonomy":"product_tag","embeddable":true,"href":"https:\/\/logic-vault.com\/tr\/wp-json\/wp\/v2\/product_tag?post=26479"}],"curies":[{"name":"wp","href":"https:\/\/api.w.org\/{rel}","templated":true}]}}