{"id":26478,"date":"2026-02-09T11:03:03","date_gmt":"2026-02-09T11:03:03","guid":{"rendered":"http:\/\/logic-vault.com\/?post_type=product&#038;p=26478"},"modified":"2026-02-11T13:39:51","modified_gmt":"2026-02-11T13:39:51","slug":"business-process-inefficiency-detection","status":"publish","type":"product","link":"https:\/\/logic-vault.com\/tr\/urun\/business-process-inefficiency-detection\/","title":{"rendered":"\u0130\u015f S\u00fcreci Verimsizli\u011finin Tespiti"},"content":{"rendered":"<p>Bu komut, bir yapay zek\u00e2 modelinin hem metin a\u00e7\u0131klamalar\u0131n\u0131 hem de destekleyici g\u00f6rselleri (diyagramlar, ekran g\u00f6r\u00fcnt\u00fcleri, operasyonel foto\u011fraflar) kullanarak bir i\u015f s\u00fcrecini b\u00fct\u00fcnsel olarak analiz etmesini sa\u011flar. Yapay zek\u00e2, u\u00e7tan uca i\u015f ak\u0131\u015f\u0131n\u0131 yeniden olu\u015fturmal\u0131, rolleri, girdileri, \u00e7\u0131kt\u0131lar\u0131 ve ba\u015far\u0131 kriterlerini belirlemeli ve gereksiz aktar\u0131mlar, gecikmeler, manuel g\u00f6revler, belirsiz sahiplik veya dok\u00fcmantasyon ve g\u00f6rseller aras\u0131ndaki uyumsuzluklar gibi operasyonel verimsizlikleri tespit etmelidir. Darbo\u011fazlar, hataya a\u00e7\u0131k ad\u0131mlar veya tek hata noktalar\u0131 gibi risklerin de\u011ferlendirilmesini ve bu bulgular\u0131n uygulanabilir optimizasyon \u00f6nerilerine d\u00f6n\u00fc\u015ft\u00fcr\u00fclmesini gerektirir. \u0130yile\u015ftirmeler, etkiye g\u00f6re \u00f6nceliklendirilmeli ve h\u0131zl\u0131 kazan\u0131mlar ile daha b\u00fcy\u00fck yap\u0131sal de\u011fi\u015fiklikler olarak ayr\u0131lmal\u0131d\u0131r. Bu komut, ger\u00e7ek d\u00fcnya operasyonel analizi, s\u00fcre\u00e7 yeniden tasar\u0131m\u0131 ve karar verme deste\u011fi i\u00e7in tasarlanm\u0131\u015ft\u0131r.<\/p>","protected":false},"excerpt":{"rendered":"<p>This prompt instructs an AI model to analyze a business process holistically using both text descriptions and supporting images (diagrams, screenshots, operational photos). The AI must reconstruct the end-to-end workflow, identify roles, inputs, outputs, and success criteria, and pinpoint operational inefficiencies such as unnecessary handoffs, delays, manual tasks, unclear ownership, or mismatches between documentation and [&hellip;]<\/p>\n","protected":false},"featured_media":25468,"comment_status":"open","ping_status":"closed","template":"","meta":[],"product_brand":[],"product_cat":[4091],"product_tag":[],"class_list":{"0":"post-26478","1":"product","2":"type-product","3":"status-publish","4":"has-post-thumbnail","6":"product_cat-coding-development","8":"first","9":"instock","10":"downloadable","11":"virtual","12":"product-type-simple"},"bundled_by":[],"bundle_stock_status":"instock","bundle_stock_quantity":null,"bundle_virtual":false,"bundle_layout":"","bundle_add_to_cart_form_location":"","bundle_editable_in_cart":false,"bundle_sold_individually_context":"","bundle_item_grouping":"","bundle_min_size":"","bundle_max_size":"","bundle_price":[],"bundled_items":[],"bundle_sell_ids":[],"_links":{"self":[{"href":"https:\/\/logic-vault.com\/tr\/wp-json\/wp\/v2\/product\/26478","targetHints":{"allow":["GET"]}}],"collection":[{"href":"https:\/\/logic-vault.com\/tr\/wp-json\/wp\/v2\/product"}],"about":[{"href":"https:\/\/logic-vault.com\/tr\/wp-json\/wp\/v2\/types\/product"}],"replies":[{"embeddable":true,"href":"https:\/\/logic-vault.com\/tr\/wp-json\/wp\/v2\/comments?post=26478"}],"wp:featuredmedia":[{"embeddable":true,"href":"https:\/\/logic-vault.com\/tr\/wp-json\/wp\/v2\/media\/25468"}],"wp:attachment":[{"href":"https:\/\/logic-vault.com\/tr\/wp-json\/wp\/v2\/media?parent=26478"}],"wp:term":[{"taxonomy":"product_brand","embeddable":true,"href":"https:\/\/logic-vault.com\/tr\/wp-json\/wp\/v2\/product_brand?post=26478"},{"taxonomy":"product_cat","embeddable":true,"href":"https:\/\/logic-vault.com\/tr\/wp-json\/wp\/v2\/product_cat?post=26478"},{"taxonomy":"product_tag","embeddable":true,"href":"https:\/\/logic-vault.com\/tr\/wp-json\/wp\/v2\/product_tag?post=26478"}],"curies":[{"name":"wp","href":"https:\/\/api.w.org\/{rel}","templated":true}]}}