{"id":26477,"date":"2026-02-09T11:03:03","date_gmt":"2026-02-09T11:03:03","guid":{"rendered":"http:\/\/logic-vault.com\/?post_type=product&#038;p=26477"},"modified":"2026-02-11T13:39:50","modified_gmt":"2026-02-11T13:39:50","slug":"scanned-document-knowledge-extraction","status":"publish","type":"product","link":"https:\/\/logic-vault.com\/tr\/urun\/scanned-document-knowledge-extraction\/","title":{"rendered":"Taranm\u0131\u015f Belge Bilgi \u00c7\u0131karma"},"content":{"rendered":"<p>Bu komut, bir yapay zek\u00e2 modeline taranm\u0131\u015f veya foto\u011fraflanm\u0131\u015f belgeleri yorumlamas\u0131n\u0131 ve i\u00e7eriklerini veritabanlar\u0131, elektronik tablolar veya otomatik sistemler i\u00e7in uygun, temiz ve yap\u0131land\u0131r\u0131lm\u0131\u015f verilere d\u00f6n\u00fc\u015ft\u00fcrmesini emreder. Belge t\u00fcr\u00fcn\u00fc ve amac\u0131n\u0131 belirlemeyi, temel alanlar\u0131 (isimler, tarihler, tutarlar, kimlikler, terimler vb.) \u00e7\u0131karmay\u0131, bi\u00e7imleri normalle\u015ftirmeyi ve belirsiz veya eksik bilgileri tahmin etmeden i\u015faretlemeyi gerektirir. Yapay zek\u00e2, do\u011frulu\u011fu korumal\u0131, alanlar aras\u0131ndaki ili\u015fkileri muhafaza etmeli ve a\u00e7\u0131k\u00e7a organize edilmi\u015f bir yap\u0131 \u00fcretmelidir. Bu komut, belge dijitalle\u015ftirme, i\u015f ak\u0131\u015f\u0131 otomasyonu, veri giri\u015fi yerine ge\u00e7me ve b\u00fcy\u00fck \u00f6l\u00e7ekli ar\u015fivleme i\u015flemleri i\u00e7in idealdir.<\/p>","protected":false},"excerpt":{"rendered":"<p>This prompt instructs an AI model to interpret scanned or photographed documents and convert their contents into clean, structured data suitable for databases, spreadsheets, or automated systems. It requires identifying the document type and purpose, extracting key fields (names, dates, amounts, IDs, terms, etc.), normalizing formats, and flagging unclear or missing information without guessing. The [&hellip;]<\/p>\n","protected":false},"featured_media":25590,"comment_status":"open","ping_status":"closed","template":"","meta":[],"product_brand":[],"product_cat":[4095],"product_tag":[],"class_list":{"0":"post-26477","1":"product","2":"type-product","3":"status-publish","4":"has-post-thumbnail","6":"product_cat-content-writing","8":"first","9":"instock","10":"downloadable","11":"virtual","12":"product-type-simple"},"bundled_by":[],"bundle_stock_status":"instock","bundle_stock_quantity":null,"bundle_virtual":false,"bundle_layout":"","bundle_add_to_cart_form_location":"","bundle_editable_in_cart":false,"bundle_sold_individually_context":"","bundle_item_grouping":"","bundle_min_size":"","bundle_max_size":"","bundle_price":[],"bundled_items":[],"bundle_sell_ids":[],"_links":{"self":[{"href":"https:\/\/logic-vault.com\/tr\/wp-json\/wp\/v2\/product\/26477","targetHints":{"allow":["GET"]}}],"collection":[{"href":"https:\/\/logic-vault.com\/tr\/wp-json\/wp\/v2\/product"}],"about":[{"href":"https:\/\/logic-vault.com\/tr\/wp-json\/wp\/v2\/types\/product"}],"replies":[{"embeddable":true,"href":"https:\/\/logic-vault.com\/tr\/wp-json\/wp\/v2\/comments?post=26477"}],"wp:featuredmedia":[{"embeddable":true,"href":"https:\/\/logic-vault.com\/tr\/wp-json\/wp\/v2\/media\/25590"}],"wp:attachment":[{"href":"https:\/\/logic-vault.com\/tr\/wp-json\/wp\/v2\/media?parent=26477"}],"wp:term":[{"taxonomy":"product_brand","embeddable":true,"href":"https:\/\/logic-vault.com\/tr\/wp-json\/wp\/v2\/product_brand?post=26477"},{"taxonomy":"product_cat","embeddable":true,"href":"https:\/\/logic-vault.com\/tr\/wp-json\/wp\/v2\/product_cat?post=26477"},{"taxonomy":"product_tag","embeddable":true,"href":"https:\/\/logic-vault.com\/tr\/wp-json\/wp\/v2\/product_tag?post=26477"}],"curies":[{"name":"wp","href":"https:\/\/api.w.org\/{rel}","templated":true}]}}