{"id":26475,"date":"2026-02-09T11:03:03","date_gmt":"2026-02-09T11:03:03","guid":{"rendered":"http:\/\/logic-vault.com\/?post_type=product&#038;p=26475"},"modified":"2026-02-11T13:39:50","modified_gmt":"2026-02-11T13:39:50","slug":"user-photo-analysis-for-product-improvement","status":"publish","type":"product","link":"https:\/\/logic-vault.com\/tr\/urun\/user-photo-analysis-for-product-improvement\/","title":{"rendered":"\u00dcr\u00fcn Geli\u015ftirme i\u00e7in Kullan\u0131c\u0131 Foto\u011fraf Analizi"},"content":{"rendered":"<p>Bu komut, bir yapay zek\u00e2 modeline, ger\u00e7ek d\u00fcnyadaki \u00fcr\u00fcn kullan\u0131m\u0131n\u0131 g\u00f6steren kullan\u0131c\u0131 taraf\u0131ndan y\u00fcklenen foto\u011fraflar\u0131 analiz etmesini ve bu g\u00f6zlemleri pratik \u00fcr\u00fcn geli\u015ftirme fikirlerine d\u00f6n\u00fc\u015ft\u00fcrmesini emreder. Yapay zek\u00e2, g\u00f6r\u00fcnt\u00fclerde g\u00f6r\u00fcnen kullan\u0131c\u0131 davran\u0131\u015f\u0131n\u0131, ba\u011flam\u0131 ve sorun noktalar\u0131n\u0131 belirlemeli, kar\u015f\u0131lanmam\u0131\u015f ihtiya\u00e7lar\u0131 veya ge\u00e7ici \u00e7\u00f6z\u00fcmleri tan\u0131mal\u0131 ve bu bulgular\u0131 etki \u00f6nceli\u011fine g\u00f6re eyleme ge\u00e7irilebilir \u00f6zellik, tasar\u0131m veya kullan\u0131labilirlik iyile\u015ftirmelerine d\u00f6n\u00fc\u015ft\u00fcrmelidir. Ayr\u0131ca varsay\u0131mlar\u0131, riskleri ve daha fazla do\u011frulama gerektiren alanlar\u0131 belirlemeyi de i\u00e7erir. Bu komut, ger\u00e7ek d\u00fcnyadaki \u00fcr\u00fcn performans\u0131n\u0131 iyile\u015ftirmek i\u00e7in saha ara\u015ft\u0131rmas\u0131, UX \u00e7al\u0131\u015fmalar\u0131 veya g\u00f6rsel geri bildirim analizi yapan \u00fcr\u00fcn ekipleri i\u00e7in idealdir.<\/p>","protected":false},"excerpt":{"rendered":"<p>This prompt instructs an AI model to analyze user-uploaded photos that show real-world product usage and convert those observations into practical product improvement ideas. The AI must identify user behavior, context, and pain points visible in the images, recognize unmet needs or workarounds, and translate these findings into actionable feature, design, or usability enhancements\u2014prioritized by [&hellip;]<\/p>\n","protected":false},"featured_media":25590,"comment_status":"open","ping_status":"closed","template":"","meta":[],"product_brand":[],"product_cat":[4095],"product_tag":[],"class_list":{"0":"post-26475","1":"product","2":"type-product","3":"status-publish","4":"has-post-thumbnail","6":"product_cat-content-writing","8":"first","9":"instock","10":"downloadable","11":"virtual","12":"product-type-simple"},"bundled_by":[],"bundle_stock_status":"instock","bundle_stock_quantity":null,"bundle_virtual":false,"bundle_layout":"","bundle_add_to_cart_form_location":"","bundle_editable_in_cart":false,"bundle_sold_individually_context":"","bundle_item_grouping":"","bundle_min_size":"","bundle_max_size":"","bundle_price":[],"bundled_items":[],"bundle_sell_ids":[],"_links":{"self":[{"href":"https:\/\/logic-vault.com\/tr\/wp-json\/wp\/v2\/product\/26475","targetHints":{"allow":["GET"]}}],"collection":[{"href":"https:\/\/logic-vault.com\/tr\/wp-json\/wp\/v2\/product"}],"about":[{"href":"https:\/\/logic-vault.com\/tr\/wp-json\/wp\/v2\/types\/product"}],"replies":[{"embeddable":true,"href":"https:\/\/logic-vault.com\/tr\/wp-json\/wp\/v2\/comments?post=26475"}],"wp:featuredmedia":[{"embeddable":true,"href":"https:\/\/logic-vault.com\/tr\/wp-json\/wp\/v2\/media\/25590"}],"wp:attachment":[{"href":"https:\/\/logic-vault.com\/tr\/wp-json\/wp\/v2\/media?parent=26475"}],"wp:term":[{"taxonomy":"product_brand","embeddable":true,"href":"https:\/\/logic-vault.com\/tr\/wp-json\/wp\/v2\/product_brand?post=26475"},{"taxonomy":"product_cat","embeddable":true,"href":"https:\/\/logic-vault.com\/tr\/wp-json\/wp\/v2\/product_cat?post=26475"},{"taxonomy":"product_tag","embeddable":true,"href":"https:\/\/logic-vault.com\/tr\/wp-json\/wp\/v2\/product_tag?post=26475"}],"curies":[{"name":"wp","href":"https:\/\/api.w.org\/{rel}","templated":true}]}}