{"id":26474,"date":"2026-02-09T11:03:03","date_gmt":"2026-02-09T11:03:03","guid":{"rendered":"http:\/\/logic-vault.com\/?post_type=product&#038;p=26474"},"modified":"2026-02-11T13:39:50","modified_gmt":"2026-02-11T13:39:50","slug":"infographic-understanding-and-key-ideas-extraction","status":"publish","type":"product","link":"https:\/\/logic-vault.com\/tr\/urun\/infographic-understanding-and-key-ideas-extraction\/","title":{"rendered":"\u0130nfografik Anlay\u0131\u015f\u0131 ve Ana Fikirlerin \u00c7\u0131kar\u0131lmas\u0131"},"content":{"rendered":"<p>Bu komut, bir yapay zeka modelinin karma\u015f\u0131k bir infografi\u011fi yorumlamas\u0131n\u0131 ve temel anlam\u0131n\u0131 net, yap\u0131land\u0131r\u0131lm\u0131\u015f bir bi\u00e7imde \u00e7\u0131karmas\u0131n\u0131 sa\u011flar. Ana mesaj\u0131 belirlemeyi, temel fikirleri \u00f6zetlemeyi, bilgilerin nas\u0131l organize edildi\u011fini a\u00e7\u0131kl\u0131\u011fa kavu\u015fturmay\u0131 ve dekoratif veya g\u00f6rsel unsurlarda kaybolmadan ilgili veri noktalar\u0131n\u0131 vurgulamay\u0131 gerektirir. Yapay zeka, g\u00f6r\u00fcn\u00fcmden ziyade anlama odaklanmal\u0131, gereksiz bilgileri ortadan kald\u0131rmal\u0131 ve kafa kar\u0131\u015ft\u0131r\u0131c\u0131 veya belirsiz k\u0131s\u0131mlar\u0131 belirtirken temel i\u00e7g\u00f6r\u00fcleri ortaya \u00e7\u0131karmal\u0131d\u0131r. Bu komut, g\u00f6rsel olarak yo\u011fun infografikleri raporlar, brifingler ve karar alma ba\u011flamlar\u0131 i\u00e7in \u00f6zl\u00fc, sunuma haz\u0131r \u00f6zetlere d\u00f6n\u00fc\u015ft\u00fcrmek i\u00e7in idealdir.<\/p>","protected":false},"excerpt":{"rendered":"<p>This prompt instructs an AI model to interpret a complex infographic and extract its core meaning in a clear, structured format. It requires identifying the main message, summarizing primary ideas, clarifying how information is organized, and highlighting relevant data points without getting lost in decorative or visual elements. The AI must focus on meaning rather [&hellip;]<\/p>\n","protected":false},"featured_media":25590,"comment_status":"open","ping_status":"closed","template":"","meta":[],"product_brand":[],"product_cat":[4095],"product_tag":[],"class_list":{"0":"post-26474","1":"product","2":"type-product","3":"status-publish","4":"has-post-thumbnail","6":"product_cat-content-writing","8":"first","9":"instock","10":"downloadable","11":"virtual","12":"product-type-simple"},"bundled_by":[],"bundle_stock_status":"instock","bundle_stock_quantity":null,"bundle_virtual":false,"bundle_layout":"","bundle_add_to_cart_form_location":"","bundle_editable_in_cart":false,"bundle_sold_individually_context":"","bundle_item_grouping":"","bundle_min_size":"","bundle_max_size":"","bundle_price":[],"bundled_items":[],"bundle_sell_ids":[],"_links":{"self":[{"href":"https:\/\/logic-vault.com\/tr\/wp-json\/wp\/v2\/product\/26474","targetHints":{"allow":["GET"]}}],"collection":[{"href":"https:\/\/logic-vault.com\/tr\/wp-json\/wp\/v2\/product"}],"about":[{"href":"https:\/\/logic-vault.com\/tr\/wp-json\/wp\/v2\/types\/product"}],"replies":[{"embeddable":true,"href":"https:\/\/logic-vault.com\/tr\/wp-json\/wp\/v2\/comments?post=26474"}],"wp:featuredmedia":[{"embeddable":true,"href":"https:\/\/logic-vault.com\/tr\/wp-json\/wp\/v2\/media\/25590"}],"wp:attachment":[{"href":"https:\/\/logic-vault.com\/tr\/wp-json\/wp\/v2\/media?parent=26474"}],"wp:term":[{"taxonomy":"product_brand","embeddable":true,"href":"https:\/\/logic-vault.com\/tr\/wp-json\/wp\/v2\/product_brand?post=26474"},{"taxonomy":"product_cat","embeddable":true,"href":"https:\/\/logic-vault.com\/tr\/wp-json\/wp\/v2\/product_cat?post=26474"},{"taxonomy":"product_tag","embeddable":true,"href":"https:\/\/logic-vault.com\/tr\/wp-json\/wp\/v2\/product_tag?post=26474"}],"curies":[{"name":"wp","href":"https:\/\/api.w.org\/{rel}","templated":true}]}}