{"id":26472,"date":"2026-02-09T11:03:03","date_gmt":"2026-02-09T11:03:03","guid":{"rendered":"http:\/\/logic-vault.com\/?post_type=product&#038;p=26472"},"modified":"2026-02-11T13:39:50","modified_gmt":"2026-02-11T13:39:50","slug":"ux-flow-evaluation","status":"publish","type":"product","link":"https:\/\/logic-vault.com\/tr\/urun\/ux-flow-evaluation\/","title":{"rendered":"Kullan\u0131c\u0131 Deneyimi Ak\u0131\u015f\u0131 De\u011ferlendirmesi"},"content":{"rendered":"<p>Bu komut, bir yapay zeka modeline, kullan\u0131c\u0131 aray\u00fcz\u00fc ekran g\u00f6r\u00fcnt\u00fclerinden olu\u015fan bir diziyi ba\u011flant\u0131l\u0131 bir kullan\u0131c\u0131 ak\u0131\u015f\u0131 olarak de\u011ferlendirmesini, kullan\u0131c\u0131 deneyimi sorunlar\u0131n\u0131, s\u00fcrt\u00fcnme noktalar\u0131n\u0131 ve kullan\u0131c\u0131 kar\u0131\u015f\u0131kl\u0131\u011f\u0131na veya terkine neden olabilecek hata noktalar\u0131n\u0131 belirlemesini emreder. Model, ama\u00e7lanan ak\u0131\u015f\u0131 yeniden olu\u015fturmal\u0131, hiyerar\u015fiyi, etkile\u015fimleri, eri\u015filebilirli\u011fi, tutarl\u0131l\u0131\u011f\u0131 ve ekranlar aras\u0131 netli\u011fi analiz etmeli ve eyleme ge\u00e7irilebilir, \u00f6nceliklendirilmi\u015f kullan\u0131c\u0131 deneyimi iyile\u015ftirmeleri sunmal\u0131d\u0131r. Bu komut, kullan\u0131c\u0131 deneyimi denetimleri, yeniden tasar\u0131m planlamas\u0131 ve yeni kullan\u0131c\u0131lar\u0131n sisteme entegrasyonu, \u00f6deme i\u015flemleri veya herhangi bir \u00e7ok ad\u0131ml\u0131 dijital ak\u0131\u015fta kullan\u0131labilirlik sorunlar\u0131n\u0131n te\u015fhisi i\u00e7in idealdir.<\/p>","protected":false},"excerpt":{"rendered":"<p>This prompt instructs an AI model to evaluate a sequence of UI screenshots as a connected user flow, identifying UX issues, friction points, and points of failure that may cause user confusion or drop-off. The model must reconstruct the intended flow, analyze hierarchy, interactions, accessibility, consistency, and clarity across screens, and deliver actionable, prioritized UX [&hellip;]<\/p>\n","protected":false},"featured_media":25712,"comment_status":"open","ping_status":"closed","template":"","meta":[],"product_brand":[],"product_cat":[4097],"product_tag":[],"class_list":{"0":"post-26472","1":"product","2":"type-product","3":"status-publish","4":"has-post-thumbnail","6":"product_cat-design-creativity","8":"first","9":"instock","10":"downloadable","11":"virtual","12":"product-type-simple"},"bundled_by":[],"bundle_stock_status":"instock","bundle_stock_quantity":null,"bundle_virtual":false,"bundle_layout":"","bundle_add_to_cart_form_location":"","bundle_editable_in_cart":false,"bundle_sold_individually_context":"","bundle_item_grouping":"","bundle_min_size":"","bundle_max_size":"","bundle_price":[],"bundled_items":[],"bundle_sell_ids":[],"_links":{"self":[{"href":"https:\/\/logic-vault.com\/tr\/wp-json\/wp\/v2\/product\/26472","targetHints":{"allow":["GET"]}}],"collection":[{"href":"https:\/\/logic-vault.com\/tr\/wp-json\/wp\/v2\/product"}],"about":[{"href":"https:\/\/logic-vault.com\/tr\/wp-json\/wp\/v2\/types\/product"}],"replies":[{"embeddable":true,"href":"https:\/\/logic-vault.com\/tr\/wp-json\/wp\/v2\/comments?post=26472"}],"wp:featuredmedia":[{"embeddable":true,"href":"https:\/\/logic-vault.com\/tr\/wp-json\/wp\/v2\/media\/25712"}],"wp:attachment":[{"href":"https:\/\/logic-vault.com\/tr\/wp-json\/wp\/v2\/media?parent=26472"}],"wp:term":[{"taxonomy":"product_brand","embeddable":true,"href":"https:\/\/logic-vault.com\/tr\/wp-json\/wp\/v2\/product_brand?post=26472"},{"taxonomy":"product_cat","embeddable":true,"href":"https:\/\/logic-vault.com\/tr\/wp-json\/wp\/v2\/product_cat?post=26472"},{"taxonomy":"product_tag","embeddable":true,"href":"https:\/\/logic-vault.com\/tr\/wp-json\/wp\/v2\/product_tag?post=26472"}],"curies":[{"name":"wp","href":"https:\/\/api.w.org\/{rel}","templated":true}]}}