{"id":26469,"date":"2026-02-09T11:03:03","date_gmt":"2026-02-09T11:03:03","guid":{"rendered":"http:\/\/logic-vault.com\/?post_type=product&#038;p=26469"},"modified":"2026-02-11T13:39:50","modified_gmt":"2026-02-11T13:39:50","slug":"store-shelf-pricing-comparison","status":"publish","type":"product","link":"https:\/\/logic-vault.com\/tr\/urun\/store-shelf-pricing-comparison\/","title":{"rendered":"Ma\u011faza Raf Fiyat Kar\u015f\u0131la\u015ft\u0131rmas\u0131"},"content":{"rendered":"<p>Bu komut, bir yapay zeka modelinin ma\u011faza raf foto\u011fraflar\u0131n\u0131 analiz etmesini ve \u00fcr\u00fcnler ve lokasyonlar genelinde fiyat tutars\u0131zl\u0131klar\u0131n\u0131 tespit etmesini sa\u011flar. \u00dcr\u00fcnleri tan\u0131mlamay\u0131, g\u00f6r\u00fcn\u00fcr fiyatlar\u0131 \u00e7\u0131karmay\u0131, bunlar\u0131 birden fazla g\u00f6r\u00fcnt\u00fcde kar\u015f\u0131la\u015ft\u0131rmay\u0131 ve uyumsuzluklar\u0131, eksik etiketleri, belirsiz ili\u015fkileri veya olas\u0131 fiyatland\u0131rma hatalar\u0131n\u0131 listelemeyi gerektirir. Model, bu tutars\u0131zl\u0131klar\u0131n i\u015fletme \u00fczerindeki etkisini a\u00e7\u0131klamal\u0131 ve ciddiyetine g\u00f6re \u00f6nceliklendirilmi\u015f, uygulanabilir d\u00fczeltici \u00f6neriler sunmal\u0131d\u0131r. Bu komut, perakende denetimleri, uyumluluk incelemeleri, operasyonel kalite g\u00fcvencesi ve g\u00fcveni korumak ve gelir veya yasal sorunlar\u0131 \u00f6nlemek i\u00e7in do\u011fru raf fiyatland\u0131rmas\u0131n\u0131 sa\u011flamak i\u00e7in idealdir.<\/p>","protected":false},"excerpt":{"rendered":"<p>This prompt instructs an AI model to analyze store shelf photos and detect pricing inconsistencies across products and locations. It requires identifying products, extracting visible prices, comparing them across multiple images, and listing mismatches, missing labels, unclear associations, or potential pricing errors. The model must explain the business impact of these inconsistencies and provide actionable [&hellip;]<\/p>\n","protected":false},"featured_media":25529,"comment_status":"open","ping_status":"closed","template":"","meta":[],"product_brand":[],"product_cat":[4094],"product_tag":[],"class_list":{"0":"post-26469","1":"product","2":"type-product","3":"status-publish","4":"has-post-thumbnail","6":"product_cat-business-marketing","8":"first","9":"instock","10":"downloadable","11":"virtual","12":"product-type-simple"},"bundled_by":[],"bundle_stock_status":"instock","bundle_stock_quantity":null,"bundle_virtual":false,"bundle_layout":"","bundle_add_to_cart_form_location":"","bundle_editable_in_cart":false,"bundle_sold_individually_context":"","bundle_item_grouping":"","bundle_min_size":"","bundle_max_size":"","bundle_price":[],"bundled_items":[],"bundle_sell_ids":[],"_links":{"self":[{"href":"https:\/\/logic-vault.com\/tr\/wp-json\/wp\/v2\/product\/26469","targetHints":{"allow":["GET"]}}],"collection":[{"href":"https:\/\/logic-vault.com\/tr\/wp-json\/wp\/v2\/product"}],"about":[{"href":"https:\/\/logic-vault.com\/tr\/wp-json\/wp\/v2\/types\/product"}],"replies":[{"embeddable":true,"href":"https:\/\/logic-vault.com\/tr\/wp-json\/wp\/v2\/comments?post=26469"}],"wp:featuredmedia":[{"embeddable":true,"href":"https:\/\/logic-vault.com\/tr\/wp-json\/wp\/v2\/media\/25529"}],"wp:attachment":[{"href":"https:\/\/logic-vault.com\/tr\/wp-json\/wp\/v2\/media?parent=26469"}],"wp:term":[{"taxonomy":"product_brand","embeddable":true,"href":"https:\/\/logic-vault.com\/tr\/wp-json\/wp\/v2\/product_brand?post=26469"},{"taxonomy":"product_cat","embeddable":true,"href":"https:\/\/logic-vault.com\/tr\/wp-json\/wp\/v2\/product_cat?post=26469"},{"taxonomy":"product_tag","embeddable":true,"href":"https:\/\/logic-vault.com\/tr\/wp-json\/wp\/v2\/product_tag?post=26469"}],"curies":[{"name":"wp","href":"https:\/\/api.w.org\/{rel}","templated":true}]}}