{"id":26468,"date":"2026-02-09T11:03:03","date_gmt":"2026-02-09T11:03:03","guid":{"rendered":"http:\/\/logic-vault.com\/?post_type=product&#038;p=26468"},"modified":"2026-02-11T13:39:49","modified_gmt":"2026-02-11T13:39:49","slug":"whiteboard-to-structured-plan","status":"publish","type":"product","link":"https:\/\/logic-vault.com\/tr\/urun\/whiteboard-to-structured-plan\/","title":{"rendered":"Beyaz tahtadan yap\u0131land\u0131r\u0131lm\u0131\u015f plana"},"content":{"rendered":"<p>Bu komut, yapay zek\u00e2 modeline, el yaz\u0131s\u0131 notlar, \u00e7izimler, diyagramlar, oklar ve par\u00e7alanm\u0131\u015f fikirler i\u00e7eren da\u011f\u0131n\u0131k bir beyaz tahta foto\u011fraf\u0131n\u0131 temiz, d\u00fczenli ve uygulanabilir bir stratejik plana d\u00f6n\u00fc\u015ft\u00fcrme talimat\u0131 veriyor. Yapay zek\u00e2, i\u00e7eri\u011fin ard\u0131ndaki anlam\u0131 yorumlamal\u0131, hedefleri, fikirleri, g\u00f6revleri, kararlar\u0131 ve \u00f6ncelikleri belirlemeli ve bunlar\u0131 \u00fcr\u00fcn planlamas\u0131 veya proje y\u00fcr\u00fctmesi i\u00e7in uygun yap\u0131land\u0131r\u0131lm\u0131\u015f b\u00f6l\u00fcmlere yeniden d\u00fczenlemelidir. Komut, yeni fikirler \u00fcretmeden netli\u011fi, uygulanabilirli\u011fi ve do\u011fru yorumlamay\u0131 vurgulayarak, beyin f\u0131rt\u0131nas\u0131 oturumlar\u0131n\u0131 kullan\u0131labilir belgelere, toplant\u0131 notlar\u0131na veya uygulama planlar\u0131na d\u00f6n\u00fc\u015ft\u00fcrmek i\u00e7in idealdir.<\/p>","protected":false},"excerpt":{"rendered":"<p>This prompt instructs an AI model to convert a messy whiteboard photo\u2014containing handwritten notes, sketches, diagrams, arrows, and fragmented ideas\u2014into a clean, organized, and actionable strategic plan. The AI must interpret the meaning behind the content, identify goals, ideas, tasks, decisions, and priorities, and reorganize them into structured sections suitable for product planning or project [&hellip;]<\/p>\n","protected":false},"featured_media":25590,"comment_status":"open","ping_status":"closed","template":"","meta":[],"product_brand":[],"product_cat":[4095],"product_tag":[],"class_list":{"0":"post-26468","1":"product","2":"type-product","3":"status-publish","4":"has-post-thumbnail","6":"product_cat-content-writing","8":"first","9":"instock","10":"downloadable","11":"virtual","12":"product-type-simple"},"bundled_by":[],"bundle_stock_status":"instock","bundle_stock_quantity":null,"bundle_virtual":false,"bundle_layout":"","bundle_add_to_cart_form_location":"","bundle_editable_in_cart":false,"bundle_sold_individually_context":"","bundle_item_grouping":"","bundle_min_size":"","bundle_max_size":"","bundle_price":[],"bundled_items":[],"bundle_sell_ids":[],"_links":{"self":[{"href":"https:\/\/logic-vault.com\/tr\/wp-json\/wp\/v2\/product\/26468","targetHints":{"allow":["GET"]}}],"collection":[{"href":"https:\/\/logic-vault.com\/tr\/wp-json\/wp\/v2\/product"}],"about":[{"href":"https:\/\/logic-vault.com\/tr\/wp-json\/wp\/v2\/types\/product"}],"replies":[{"embeddable":true,"href":"https:\/\/logic-vault.com\/tr\/wp-json\/wp\/v2\/comments?post=26468"}],"wp:featuredmedia":[{"embeddable":true,"href":"https:\/\/logic-vault.com\/tr\/wp-json\/wp\/v2\/media\/25590"}],"wp:attachment":[{"href":"https:\/\/logic-vault.com\/tr\/wp-json\/wp\/v2\/media?parent=26468"}],"wp:term":[{"taxonomy":"product_brand","embeddable":true,"href":"https:\/\/logic-vault.com\/tr\/wp-json\/wp\/v2\/product_brand?post=26468"},{"taxonomy":"product_cat","embeddable":true,"href":"https:\/\/logic-vault.com\/tr\/wp-json\/wp\/v2\/product_cat?post=26468"},{"taxonomy":"product_tag","embeddable":true,"href":"https:\/\/logic-vault.com\/tr\/wp-json\/wp\/v2\/product_tag?post=26468"}],"curies":[{"name":"wp","href":"https:\/\/api.w.org\/{rel}","templated":true}]}}