{"id":26465,"date":"2026-02-09T11:03:03","date_gmt":"2026-02-09T11:03:03","guid":{"rendered":"http:\/\/logic-vault.com\/?post_type=product&#038;p=26465"},"modified":"2026-02-11T13:39:49","modified_gmt":"2026-02-11T13:39:49","slug":"branding-consistency-evaluation","status":"publish","type":"product","link":"https:\/\/logic-vault.com\/tr\/urun\/branding-consistency-evaluation\/","title":{"rendered":"Marka Tutarl\u0131l\u0131\u011f\u0131 De\u011ferlendirmesi"},"content":{"rendered":"<p>Bu komut, bir yapay zek\u00e2 modelinin, birle\u015fik bir marka sisteminin par\u00e7alar\u0131 olarak birden fazla marka varl\u0131\u011f\u0131n\u0131 de\u011ferlendirmesini sa\u011flar. Renk, tipografi, d\u00fczen, g\u00f6rsel ve ton tutars\u0131zl\u0131klar\u0131n\u0131 belirlemeyi; stilistik \u00e7at\u0131\u015fmalar\u0131 veya bo\u015fluklar\u0131 te\u015fhis etmeyi; ve materyallerin tutarl\u0131 m\u0131 yoksa par\u00e7al\u0131 m\u0131 oldu\u011funu de\u011ferlendirmeyi gerektirir. Yapay zek\u00e2 daha sonra net, birle\u015fik bir marka temas\u0131 \u00f6nermeli ve t\u00fcm varl\u0131klar\u0131 tutarl\u0131 bir kimli\u011fe hizalamak i\u00e7in somut, \u00f6nceliklendirilmi\u015f \u00f6neriler sunmal\u0131d\u0131r. Bu komut, marka denetimleri, yeniden markalama \u00e7al\u0131\u015fmalar\u0131 ve resmi marka k\u0131lavuzu geli\u015ftirme i\u00e7in girdi haz\u0131rlama a\u00e7\u0131s\u0131ndan idealdir.<\/p>","protected":false},"excerpt":{"rendered":"<p>This prompt guides an AI model to evaluate multiple branding assets as parts of a unified brand system. It requires identifying inconsistencies in color, typography, layout, imagery, and tone; diagnosing stylistic conflicts or gaps; and assessing whether the materials feel cohesive or fragmented. The AI must then propose a clear, unified brand theme and provide [&hellip;]<\/p>\n","protected":false},"featured_media":25468,"comment_status":"open","ping_status":"closed","template":"","meta":[],"product_brand":[],"product_cat":[4091],"product_tag":[],"class_list":{"0":"post-26465","1":"product","2":"type-product","3":"status-publish","4":"has-post-thumbnail","6":"product_cat-coding-development","8":"first","9":"instock","10":"downloadable","11":"virtual","12":"product-type-simple"},"bundled_by":[],"bundle_stock_status":"instock","bundle_stock_quantity":null,"bundle_virtual":false,"bundle_layout":"","bundle_add_to_cart_form_location":"","bundle_editable_in_cart":false,"bundle_sold_individually_context":"","bundle_item_grouping":"","bundle_min_size":"","bundle_max_size":"","bundle_price":[],"bundled_items":[],"bundle_sell_ids":[],"_links":{"self":[{"href":"https:\/\/logic-vault.com\/tr\/wp-json\/wp\/v2\/product\/26465","targetHints":{"allow":["GET"]}}],"collection":[{"href":"https:\/\/logic-vault.com\/tr\/wp-json\/wp\/v2\/product"}],"about":[{"href":"https:\/\/logic-vault.com\/tr\/wp-json\/wp\/v2\/types\/product"}],"replies":[{"embeddable":true,"href":"https:\/\/logic-vault.com\/tr\/wp-json\/wp\/v2\/comments?post=26465"}],"wp:featuredmedia":[{"embeddable":true,"href":"https:\/\/logic-vault.com\/tr\/wp-json\/wp\/v2\/media\/25468"}],"wp:attachment":[{"href":"https:\/\/logic-vault.com\/tr\/wp-json\/wp\/v2\/media?parent=26465"}],"wp:term":[{"taxonomy":"product_brand","embeddable":true,"href":"https:\/\/logic-vault.com\/tr\/wp-json\/wp\/v2\/product_brand?post=26465"},{"taxonomy":"product_cat","embeddable":true,"href":"https:\/\/logic-vault.com\/tr\/wp-json\/wp\/v2\/product_cat?post=26465"},{"taxonomy":"product_tag","embeddable":true,"href":"https:\/\/logic-vault.com\/tr\/wp-json\/wp\/v2\/product_tag?post=26465"}],"curies":[{"name":"wp","href":"https:\/\/api.w.org\/{rel}","templated":true}]}}