{"id":26462,"date":"2026-02-09T11:03:02","date_gmt":"2026-02-09T11:03:02","guid":{"rendered":"http:\/\/logic-vault.com\/?post_type=product&#038;p=26462"},"modified":"2026-02-11T13:39:49","modified_gmt":"2026-02-11T13:39:49","slug":"product-concept-creation-from-text-and-reference-images","status":"publish","type":"product","link":"https:\/\/logic-vault.com\/tr\/urun\/product-concept-creation-from-text-and-reference-images\/","title":{"rendered":"Metin ve Referans G\u00f6rsellerden \u00dcr\u00fcn Konsepti Olu\u015fturma"},"content":{"rendered":"<p>Bu komut, bir yapay zekay\u0131 k\u0131demli bir \u00fcr\u00fcn tasar\u0131mc\u0131s\u0131 ve UX stratejisti olarak hareket etmeye, metinsel fikirleri ve g\u00f6rsel referans g\u00f6r\u00fcnt\u00fclerini birle\u015ftirerek tamamen d\u00fc\u015f\u00fcn\u00fclm\u00fc\u015f bir \u00fcr\u00fcn konsepti olu\u015fturmaya y\u00f6nlendirir. Modelin, \u00fcr\u00fcn\u00fcn sorununu, kullan\u0131c\u0131lar\u0131n\u0131, de\u011fer \u00f6nerisini, g\u00f6rsel y\u00f6n\u00fcn\u00fc, temel \u00f6zelliklerini, UX prensiplerini, farkl\u0131la\u015fmas\u0131n\u0131 ve i\u015f de\u011ferini tan\u0131mlamas\u0131n\u0131 sa\u011flar; g\u00f6rselleri yaln\u0131zca y\u00f6nlendirme ilham\u0131 olarak kullan\u0131r. Sonu\u00e7, ger\u00e7ek bir tasar\u0131m ve geli\u015ftirme ekibinin \u00fcr\u00fcn ke\u015ffi, UX ara\u015ft\u0131rmas\u0131 veya payda\u015f uyumu i\u00e7in ba\u015flang\u0131\u00e7 noktas\u0131 olarak kullanabilece\u011fi yap\u0131land\u0131r\u0131lm\u0131\u015f, pratik bir konsept belgesidir.<\/p>","protected":false},"excerpt":{"rendered":"<p>This prompt instructs an AI to act as a senior product designer and UX strategist, turning a combination of textual ideas and visual reference images into a fully thought-through product concept. It guides the model to define the product\u2019s problem, users, value proposition, visual direction, key features, UX principles, differentiation, and business value\u2014using the images [&hellip;]<\/p>\n","protected":false},"featured_media":25468,"comment_status":"open","ping_status":"closed","template":"","meta":[],"product_brand":[],"product_cat":[4091],"product_tag":[],"class_list":{"0":"post-26462","1":"product","2":"type-product","3":"status-publish","4":"has-post-thumbnail","6":"product_cat-coding-development","8":"first","9":"instock","10":"downloadable","11":"virtual","12":"product-type-simple"},"bundled_by":[],"bundle_stock_status":"instock","bundle_stock_quantity":null,"bundle_virtual":false,"bundle_layout":"","bundle_add_to_cart_form_location":"","bundle_editable_in_cart":false,"bundle_sold_individually_context":"","bundle_item_grouping":"","bundle_min_size":"","bundle_max_size":"","bundle_price":[],"bundled_items":[],"bundle_sell_ids":[],"_links":{"self":[{"href":"https:\/\/logic-vault.com\/tr\/wp-json\/wp\/v2\/product\/26462","targetHints":{"allow":["GET"]}}],"collection":[{"href":"https:\/\/logic-vault.com\/tr\/wp-json\/wp\/v2\/product"}],"about":[{"href":"https:\/\/logic-vault.com\/tr\/wp-json\/wp\/v2\/types\/product"}],"replies":[{"embeddable":true,"href":"https:\/\/logic-vault.com\/tr\/wp-json\/wp\/v2\/comments?post=26462"}],"wp:featuredmedia":[{"embeddable":true,"href":"https:\/\/logic-vault.com\/tr\/wp-json\/wp\/v2\/media\/25468"}],"wp:attachment":[{"href":"https:\/\/logic-vault.com\/tr\/wp-json\/wp\/v2\/media?parent=26462"}],"wp:term":[{"taxonomy":"product_brand","embeddable":true,"href":"https:\/\/logic-vault.com\/tr\/wp-json\/wp\/v2\/product_brand?post=26462"},{"taxonomy":"product_cat","embeddable":true,"href":"https:\/\/logic-vault.com\/tr\/wp-json\/wp\/v2\/product_cat?post=26462"},{"taxonomy":"product_tag","embeddable":true,"href":"https:\/\/logic-vault.com\/tr\/wp-json\/wp\/v2\/product_tag?post=26462"}],"curies":[{"name":"wp","href":"https:\/\/api.w.org\/{rel}","templated":true}]}}