{"id":26461,"date":"2026-02-09T11:03:02","date_gmt":"2026-02-09T11:03:02","guid":{"rendered":"http:\/\/logic-vault.com\/?post_type=product&#038;p=26461"},"modified":"2026-02-11T13:39:49","modified_gmt":"2026-02-11T13:39:49","slug":"app-screenshot-ux-audit-and-improvement-plan","status":"publish","type":"product","link":"https:\/\/logic-vault.com\/tr\/urun\/app-screenshot-ux-audit-and-improvement-plan\/","title":{"rendered":"Uygulama Ekran G\u00f6r\u00fcnt\u00fcs\u00fc Kullan\u0131c\u0131 Deneyimi Denetimi ve \u0130yile\u015ftirme Plan\u0131"},"content":{"rendered":"<p>Bu komut, bir yapay zeka modelinin bir ekran g\u00f6r\u00fcnt\u00fcs\u00fcne dayanarak uygulama aray\u00fcz\u00fcn\u00fcn ayr\u0131nt\u0131l\u0131, profesyonel d\u00fczeyde bir kullan\u0131c\u0131 deneyimi (UX) denetimini ger\u00e7ekle\u015ftirmesini sa\u011flar. Yapay zekan\u0131n uygulama t\u00fcr\u00fcn\u00fc belirlemesi, kullan\u0131labilirlik sorunlar\u0131n\u0131 de\u011ferlendirmesi, eri\u015filebilirli\u011fi ve g\u00f6rsel tasar\u0131m kalitesini de\u011ferlendirmesi, beklenen kullan\u0131c\u0131 davran\u0131\u015f\u0131n\u0131 analiz etmesi, uygulanabilir aray\u00fcz iyile\u015ftirmeleri \u00f6nermesi ve bunlar\u0131n i\u015f metrikleri \u00fczerindeki etkisini a\u00e7\u0131klamas\u0131 gerekir. Analizin pratik, spesifik ve g\u00f6rsel kan\u0131tlara dayal\u0131 olmas\u0131 gerekti\u011finden, bu komut, uzman d\u00fczeyinde aray\u00fcz ele\u015ftirisi ve optimizasyon rehberli\u011fi arayan \u00fcr\u00fcn ekipleri i\u00e7in idealdir.<\/p>","protected":false},"excerpt":{"rendered":"<p>This prompt guides an AI model to perform a detailed, professional-grade UX audit of an app interface based on a screenshot. It requires the AI to identify the app type, evaluate usability issues, assess accessibility and visual design quality, analyze expected user behavior, propose actionable interface improvements, and explain their impact on business metrics. The [&hellip;]<\/p>\n","protected":false},"featured_media":25529,"comment_status":"open","ping_status":"closed","template":"","meta":[],"product_brand":[],"product_cat":[4094],"product_tag":[],"class_list":{"0":"post-26461","1":"product","2":"type-product","3":"status-publish","4":"has-post-thumbnail","6":"product_cat-business-marketing","8":"first","9":"instock","10":"downloadable","11":"virtual","12":"product-type-simple"},"bundled_by":[],"bundle_stock_status":"instock","bundle_stock_quantity":null,"bundle_virtual":false,"bundle_layout":"","bundle_add_to_cart_form_location":"","bundle_editable_in_cart":false,"bundle_sold_individually_context":"","bundle_item_grouping":"","bundle_min_size":"","bundle_max_size":"","bundle_price":[],"bundled_items":[],"bundle_sell_ids":[],"_links":{"self":[{"href":"https:\/\/logic-vault.com\/tr\/wp-json\/wp\/v2\/product\/26461","targetHints":{"allow":["GET"]}}],"collection":[{"href":"https:\/\/logic-vault.com\/tr\/wp-json\/wp\/v2\/product"}],"about":[{"href":"https:\/\/logic-vault.com\/tr\/wp-json\/wp\/v2\/types\/product"}],"replies":[{"embeddable":true,"href":"https:\/\/logic-vault.com\/tr\/wp-json\/wp\/v2\/comments?post=26461"}],"wp:featuredmedia":[{"embeddable":true,"href":"https:\/\/logic-vault.com\/tr\/wp-json\/wp\/v2\/media\/25529"}],"wp:attachment":[{"href":"https:\/\/logic-vault.com\/tr\/wp-json\/wp\/v2\/media?parent=26461"}],"wp:term":[{"taxonomy":"product_brand","embeddable":true,"href":"https:\/\/logic-vault.com\/tr\/wp-json\/wp\/v2\/product_brand?post=26461"},{"taxonomy":"product_cat","embeddable":true,"href":"https:\/\/logic-vault.com\/tr\/wp-json\/wp\/v2\/product_cat?post=26461"},{"taxonomy":"product_tag","embeddable":true,"href":"https:\/\/logic-vault.com\/tr\/wp-json\/wp\/v2\/product_tag?post=26461"}],"curies":[{"name":"wp","href":"https:\/\/api.w.org\/{rel}","templated":true}]}}