{"id":26457,"date":"2026-02-09T11:03:02","date_gmt":"2026-02-09T11:03:02","guid":{"rendered":"http:\/\/logic-vault.com\/?post_type=product&#038;p=26457"},"modified":"2026-02-11T13:39:49","modified_gmt":"2026-02-11T13:39:49","slug":"chart-analysis-to-business-insights","status":"publish","type":"product","link":"https:\/\/logic-vault.com\/tr\/urun\/chart-analysis-to-business-insights\/","title":{"rendered":"Grafik Analizinden \u0130\u015fletme \u0130\u00e7g\u00f6r\u00fclerine"},"content":{"rendered":"<p>Bu komut, bir yapay zeka sisteminin i\u015f grafiklerini ve veri g\u00f6rselle\u015ftirmelerini hassasiyet ve netlikle yorumlamas\u0131n\u0131 sa\u011flar. Modelin grafik yap\u0131s\u0131n\u0131 tan\u0131mlamas\u0131na, temel e\u011filimleri belirlemesine, g\u00f6rsel kal\u0131plar\u0131 anlaml\u0131 i\u015f i\u00e7g\u00f6r\u00fclerine d\u00f6n\u00fc\u015ft\u00fcrmesine ve verilerde g\u00f6r\u00fcnen riskleri ve f\u0131rsatlar\u0131 vurgulamas\u0131na rehberlik eder. Komut, t\u00fcm sonu\u00e7lar\u0131n kesinlikle grafi\u011fin g\u00f6sterdiklerine dayanmas\u0131n\u0131 sa\u011flayarak, \u00fcr\u00fcn ekipleri, analistler ve karar vericiler i\u00e7in yararl\u0131, eyleme ge\u00e7irilebilir, y\u00f6neticiye haz\u0131r \u00f6neriler \u00fcretir.<\/p>","protected":false},"excerpt":{"rendered":"<p>This prompt enables an AI system to interpret business charts and data visualizations with precision and clarity. It guides the model to describe the chart structure, identify key trends, translate visual patterns into meaningful business insights, and highlight risks and opportunities visible in the data. The prompt ensures that all conclusions remain grounded strictly in [&hellip;]<\/p>\n","protected":false},"featured_media":25529,"comment_status":"open","ping_status":"closed","template":"","meta":[],"product_brand":[],"product_cat":[4094],"product_tag":[],"class_list":{"0":"post-26457","1":"product","2":"type-product","3":"status-publish","4":"has-post-thumbnail","6":"product_cat-business-marketing","8":"first","9":"instock","10":"downloadable","11":"virtual","12":"product-type-simple"},"bundled_by":[],"bundle_stock_status":"instock","bundle_stock_quantity":null,"bundle_virtual":false,"bundle_layout":"","bundle_add_to_cart_form_location":"","bundle_editable_in_cart":false,"bundle_sold_individually_context":"","bundle_item_grouping":"","bundle_min_size":"","bundle_max_size":"","bundle_price":[],"bundled_items":[],"bundle_sell_ids":[],"_links":{"self":[{"href":"https:\/\/logic-vault.com\/tr\/wp-json\/wp\/v2\/product\/26457","targetHints":{"allow":["GET"]}}],"collection":[{"href":"https:\/\/logic-vault.com\/tr\/wp-json\/wp\/v2\/product"}],"about":[{"href":"https:\/\/logic-vault.com\/tr\/wp-json\/wp\/v2\/types\/product"}],"replies":[{"embeddable":true,"href":"https:\/\/logic-vault.com\/tr\/wp-json\/wp\/v2\/comments?post=26457"}],"wp:featuredmedia":[{"embeddable":true,"href":"https:\/\/logic-vault.com\/tr\/wp-json\/wp\/v2\/media\/25529"}],"wp:attachment":[{"href":"https:\/\/logic-vault.com\/tr\/wp-json\/wp\/v2\/media?parent=26457"}],"wp:term":[{"taxonomy":"product_brand","embeddable":true,"href":"https:\/\/logic-vault.com\/tr\/wp-json\/wp\/v2\/product_brand?post=26457"},{"taxonomy":"product_cat","embeddable":true,"href":"https:\/\/logic-vault.com\/tr\/wp-json\/wp\/v2\/product_cat?post=26457"},{"taxonomy":"product_tag","embeddable":true,"href":"https:\/\/logic-vault.com\/tr\/wp-json\/wp\/v2\/product_tag?post=26457"}],"curies":[{"name":"wp","href":"https:\/\/api.w.org\/{rel}","templated":true}]}}