{"id":26456,"date":"2026-02-09T11:03:02","date_gmt":"2026-02-09T11:03:02","guid":{"rendered":"http:\/\/logic-vault.com\/?post_type=product&#038;p=26456"},"modified":"2026-02-11T13:39:49","modified_gmt":"2026-02-11T13:39:49","slug":"product-design-comparison-and-usability-evaluation","status":"publish","type":"product","link":"https:\/\/logic-vault.com\/tr\/urun\/product-design-comparison-and-usability-evaluation\/","title":{"rendered":"\u00dcr\u00fcn Tasar\u0131m\u0131 Kar\u015f\u0131la\u015ft\u0131rmas\u0131 ve Kullan\u0131labilirlik De\u011ferlendirmesi"},"content":{"rendered":"<p>Bu komut, bir yapay zeka modelinin g\u00f6rsel girdilere dayal\u0131 olarak iki \u00fcr\u00fcn tasar\u0131m\u0131 aras\u0131nda yap\u0131land\u0131r\u0131lm\u0131\u015f, profesyonel bir kullan\u0131labilirlik kar\u015f\u0131la\u015ft\u0131rmas\u0131 yapmas\u0131n\u0131 sa\u011flar. Modelin her tasar\u0131m\u0131 tan\u0131mlamas\u0131, temel UX boyutlar\u0131ndaki farkl\u0131l\u0131klar\u0131n\u0131 analiz etmesi, kullan\u0131labilirlik sorunlar\u0131n\u0131 belirlemesi, kullan\u0131c\u0131lar \u00fczerindeki etkilerini de\u011ferlendirmesi ve eyleme ge\u00e7irilebilir, kan\u0131ta dayal\u0131 \u00f6neriler sunmas\u0131 gerekir. Analiz, tamamen g\u00f6rsel olarak g\u00f6zlemlenebilir olana dayanmal\u0131d\u0131r; bu da bu komutu tasar\u0131m incelemeleri, denetimler veya rekabet\u00e7i k\u0131yaslama s\u0131ras\u0131nda kullan\u0131c\u0131 aray\u00fcz\u00fc maketlerini, \u00fcr\u00fcn foto\u011fraflar\u0131n\u0131 veya uygulama ekranlar\u0131n\u0131 de\u011ferlendirmek i\u00e7in ideal hale getirir.<\/p>","protected":false},"excerpt":{"rendered":"<p>This prompt guides an AI model to perform a structured, professional usability comparison between two product designs based on visual inputs. It requires the model to describe each design, analyze their differences across core UX dimensions, identify usability issues, assess their impact on users, and provide actionable, evidence-based recommendations. The analysis must remain grounded strictly [&hellip;]<\/p>\n","protected":false},"featured_media":25712,"comment_status":"open","ping_status":"closed","template":"","meta":[],"product_brand":[],"product_cat":[4097],"product_tag":[],"class_list":{"0":"post-26456","1":"product","2":"type-product","3":"status-publish","4":"has-post-thumbnail","6":"product_cat-design-creativity","8":"first","9":"instock","10":"downloadable","11":"virtual","12":"product-type-simple"},"bundled_by":[],"bundle_stock_status":"instock","bundle_stock_quantity":null,"bundle_virtual":false,"bundle_layout":"","bundle_add_to_cart_form_location":"","bundle_editable_in_cart":false,"bundle_sold_individually_context":"","bundle_item_grouping":"","bundle_min_size":"","bundle_max_size":"","bundle_price":[],"bundled_items":[],"bundle_sell_ids":[],"_links":{"self":[{"href":"https:\/\/logic-vault.com\/tr\/wp-json\/wp\/v2\/product\/26456","targetHints":{"allow":["GET"]}}],"collection":[{"href":"https:\/\/logic-vault.com\/tr\/wp-json\/wp\/v2\/product"}],"about":[{"href":"https:\/\/logic-vault.com\/tr\/wp-json\/wp\/v2\/types\/product"}],"replies":[{"embeddable":true,"href":"https:\/\/logic-vault.com\/tr\/wp-json\/wp\/v2\/comments?post=26456"}],"wp:featuredmedia":[{"embeddable":true,"href":"https:\/\/logic-vault.com\/tr\/wp-json\/wp\/v2\/media\/25712"}],"wp:attachment":[{"href":"https:\/\/logic-vault.com\/tr\/wp-json\/wp\/v2\/media?parent=26456"}],"wp:term":[{"taxonomy":"product_brand","embeddable":true,"href":"https:\/\/logic-vault.com\/tr\/wp-json\/wp\/v2\/product_brand?post=26456"},{"taxonomy":"product_cat","embeddable":true,"href":"https:\/\/logic-vault.com\/tr\/wp-json\/wp\/v2\/product_cat?post=26456"},{"taxonomy":"product_tag","embeddable":true,"href":"https:\/\/logic-vault.com\/tr\/wp-json\/wp\/v2\/product_tag?post=26456"}],"curies":[{"name":"wp","href":"https:\/\/api.w.org\/{rel}","templated":true}]}}