{"id":26452,"date":"2026-02-09T11:02:59","date_gmt":"2026-02-09T11:02:59","guid":{"rendered":"http:\/\/logic-vault.com\/?post_type=product&#038;p=26452"},"modified":"2026-02-11T13:39:49","modified_gmt":"2026-02-11T13:39:49","slug":"analyze-logical-gaps-in-a-long-argument-or-discussion-deepseek","status":"publish","type":"product","link":"https:\/\/logic-vault.com\/tr\/urun\/analyze-logical-gaps-in-a-long-argument-or-discussion-deepseek\/","title":{"rendered":"Uzun Bir Tart\u0131\u015fma veya G\u00f6r\u00fc\u015f Bildirisindeki Mant\u0131ksal Bo\u015fluklar\u0131 Analiz Etme (DeepSeek)"},"content":{"rendered":"<p>A DeepSeek prompt for rigorously analyzing long arguments or discussions to uncover logical gaps, hidden assumptions, and weak reasoning. It reconstructs the argument, assesses evidence quality, and provides concrete fixes to strengthen conclusions and decision quality.<\/p>","protected":false},"excerpt":{"rendered":"<p>A DeepSeek prompt for rigorously analyzing long arguments or discussions to uncover logical gaps, hidden assumptions, and weak reasoning. It reconstructs the argument, assesses evidence quality, and provides concrete fixes to strengthen conclusions and decision quality.<\/p>","protected":false},"featured_media":25956,"comment_status":"open","ping_status":"closed","template":"","meta":[],"product_brand":[],"product_cat":[4101],"product_tag":[],"class_list":{"0":"post-26452","1":"product","2":"type-product","3":"status-publish","4":"has-post-thumbnail","6":"product_cat-productivity-automation","8":"first","9":"instock","10":"downloadable","11":"virtual","12":"product-type-simple"},"bundled_by":[],"bundle_stock_status":"instock","bundle_stock_quantity":null,"bundle_virtual":false,"bundle_layout":"","bundle_add_to_cart_form_location":"","bundle_editable_in_cart":false,"bundle_sold_individually_context":"","bundle_item_grouping":"","bundle_min_size":"","bundle_max_size":"","bundle_price":[],"bundled_items":[],"bundle_sell_ids":[],"_links":{"self":[{"href":"https:\/\/logic-vault.com\/tr\/wp-json\/wp\/v2\/product\/26452","targetHints":{"allow":["GET"]}}],"collection":[{"href":"https:\/\/logic-vault.com\/tr\/wp-json\/wp\/v2\/product"}],"about":[{"href":"https:\/\/logic-vault.com\/tr\/wp-json\/wp\/v2\/types\/product"}],"replies":[{"embeddable":true,"href":"https:\/\/logic-vault.com\/tr\/wp-json\/wp\/v2\/comments?post=26452"}],"wp:featuredmedia":[{"embeddable":true,"href":"https:\/\/logic-vault.com\/tr\/wp-json\/wp\/v2\/media\/25956"}],"wp:attachment":[{"href":"https:\/\/logic-vault.com\/tr\/wp-json\/wp\/v2\/media?parent=26452"}],"wp:term":[{"taxonomy":"product_brand","embeddable":true,"href":"https:\/\/logic-vault.com\/tr\/wp-json\/wp\/v2\/product_brand?post=26452"},{"taxonomy":"product_cat","embeddable":true,"href":"https:\/\/logic-vault.com\/tr\/wp-json\/wp\/v2\/product_cat?post=26452"},{"taxonomy":"product_tag","embeddable":true,"href":"https:\/\/logic-vault.com\/tr\/wp-json\/wp\/v2\/product_tag?post=26452"}],"curies":[{"name":"wp","href":"https:\/\/api.w.org\/{rel}","templated":true}]}}