{"id":26451,"date":"2026-02-09T11:02:59","date_gmt":"2026-02-09T11:02:59","guid":{"rendered":"http:\/\/logic-vault.com\/?post_type=product&#038;p=26451"},"modified":"2026-02-11T13:39:48","modified_gmt":"2026-02-11T13:39:48","slug":"review-a-database-migration-plan-and-identify-potential-issues-deepseek","status":"publish","type":"product","link":"https:\/\/logic-vault.com\/tr\/urun\/review-a-database-migration-plan-and-identify-potential-issues-deepseek\/","title":{"rendered":"Veritaban\u0131 Ge\u00e7i\u015f Plan\u0131n\u0131 G\u00f6zden Ge\u00e7irme ve Potansiyel Sorunlar\u0131 Belirleme (DeepSeek)"},"content":{"rendered":"<p>Veritaban\u0131 ge\u00e7i\u015f planlar\u0131n\u0131 kritik bir \u015fekilde g\u00f6zden ge\u00e7irerek gizli riskleri, uyumluluk sorunlar\u0131n\u0131 ve hata modlar\u0131n\u0131 ortaya \u00e7\u0131karmak i\u00e7in DeepSeek&#039;in bir arac\u0131. G\u00fcvenli ve d\u00fc\u015f\u00fck kesinti s\u00fcreli ge\u00e7i\u015fler sa\u011flamak i\u00e7in somut \u00f6nlemler, do\u011frulama ad\u0131mlar\u0131 ve haz\u0131rl\u0131k kontrol listeleri sunar.<\/p>","protected":false},"excerpt":{"rendered":"<p>Veritaban\u0131 ge\u00e7i\u015f planlar\u0131n\u0131 kritik bir \u015fekilde g\u00f6zden ge\u00e7irerek gizli riskleri, uyumluluk sorunlar\u0131n\u0131 ve hata modlar\u0131n\u0131 ortaya \u00e7\u0131karmak i\u00e7in DeepSeek&#039;in bir arac\u0131. G\u00fcvenli ve d\u00fc\u015f\u00fck kesinti s\u00fcreli ge\u00e7i\u015fler sa\u011flamak i\u00e7in somut \u00f6nlemler, do\u011frulama ad\u0131mlar\u0131 ve haz\u0131rl\u0131k kontrol listeleri sunar.<\/p>","protected":false},"featured_media":25956,"comment_status":"open","ping_status":"closed","template":"","meta":[],"product_brand":[],"product_cat":[4101],"product_tag":[],"class_list":{"0":"post-26451","1":"product","2":"type-product","3":"status-publish","4":"has-post-thumbnail","6":"product_cat-productivity-automation","8":"first","9":"instock","10":"downloadable","11":"virtual","12":"product-type-simple"},"bundled_by":[],"bundle_stock_status":"instock","bundle_stock_quantity":null,"bundle_virtual":false,"bundle_layout":"","bundle_add_to_cart_form_location":"","bundle_editable_in_cart":false,"bundle_sold_individually_context":"","bundle_item_grouping":"","bundle_min_size":"","bundle_max_size":"","bundle_price":[],"bundled_items":[],"bundle_sell_ids":[],"_links":{"self":[{"href":"https:\/\/logic-vault.com\/tr\/wp-json\/wp\/v2\/product\/26451","targetHints":{"allow":["GET"]}}],"collection":[{"href":"https:\/\/logic-vault.com\/tr\/wp-json\/wp\/v2\/product"}],"about":[{"href":"https:\/\/logic-vault.com\/tr\/wp-json\/wp\/v2\/types\/product"}],"replies":[{"embeddable":true,"href":"https:\/\/logic-vault.com\/tr\/wp-json\/wp\/v2\/comments?post=26451"}],"wp:featuredmedia":[{"embeddable":true,"href":"https:\/\/logic-vault.com\/tr\/wp-json\/wp\/v2\/media\/25956"}],"wp:attachment":[{"href":"https:\/\/logic-vault.com\/tr\/wp-json\/wp\/v2\/media?parent=26451"}],"wp:term":[{"taxonomy":"product_brand","embeddable":true,"href":"https:\/\/logic-vault.com\/tr\/wp-json\/wp\/v2\/product_brand?post=26451"},{"taxonomy":"product_cat","embeddable":true,"href":"https:\/\/logic-vault.com\/tr\/wp-json\/wp\/v2\/product_cat?post=26451"},{"taxonomy":"product_tag","embeddable":true,"href":"https:\/\/logic-vault.com\/tr\/wp-json\/wp\/v2\/product_tag?post=26451"}],"curies":[{"name":"wp","href":"https:\/\/api.w.org\/{rel}","templated":true}]}}