{"id":26448,"date":"2026-02-09T11:02:58","date_gmt":"2026-02-09T11:02:58","guid":{"rendered":"http:\/\/logic-vault.com\/?post_type=product&#038;p=26448"},"modified":"2026-02-11T13:39:48","modified_gmt":"2026-02-11T13:39:48","slug":"assess-deployment-strategy-risks-in-distributed-systems-deepseek","status":"publish","type":"product","link":"https:\/\/logic-vault.com\/tr\/urun\/assess-deployment-strategy-risks-in-distributed-systems-deepseek\/","title":{"rendered":"Da\u011f\u0131t\u0131lm\u0131\u015f Sistemlerde Da\u011f\u0131t\u0131m Stratejisi Risklerini De\u011ferlendirme (DeepSeek)"},"content":{"rendered":"<p>Da\u011f\u0131t\u0131lm\u0131\u015f sistemlerde da\u011f\u0131t\u0131m stratejisi risklerini de\u011ferlendirmek i\u00e7in kullan\u0131lan bir DeepSeek komut istemi. Ar\u0131za modlar\u0131n\u0131, etki alanlar\u0131n\u0131 ve hizmetler aras\u0131 koordinasyon risklerini belirler ve kesintileri ve kurtarma s\u00fcresini azaltmak i\u00e7in somut \u00f6nlemler, do\u011frulama ad\u0131mlar\u0131 ve g\u00fcvenlik kontrolleri \u00f6nerir.<\/p>","protected":false},"excerpt":{"rendered":"<p>Da\u011f\u0131t\u0131lm\u0131\u015f sistemlerde da\u011f\u0131t\u0131m stratejisi risklerini de\u011ferlendirmek i\u00e7in kullan\u0131lan bir DeepSeek komut istemi. Ar\u0131za modlar\u0131n\u0131, etki alanlar\u0131n\u0131 ve hizmetler aras\u0131 koordinasyon risklerini belirler ve kesintileri ve kurtarma s\u00fcresini azaltmak i\u00e7in somut \u00f6nlemler, do\u011frulama ad\u0131mlar\u0131 ve g\u00fcvenlik kontrolleri \u00f6nerir.<\/p>","protected":false},"featured_media":25956,"comment_status":"open","ping_status":"closed","template":"","meta":[],"product_brand":[],"product_cat":[4101],"product_tag":[],"class_list":{"0":"post-26448","1":"product","2":"type-product","3":"status-publish","4":"has-post-thumbnail","6":"product_cat-productivity-automation","8":"first","9":"instock","10":"downloadable","11":"virtual","12":"product-type-simple"},"bundled_by":[],"bundle_stock_status":"instock","bundle_stock_quantity":null,"bundle_virtual":false,"bundle_layout":"","bundle_add_to_cart_form_location":"","bundle_editable_in_cart":false,"bundle_sold_individually_context":"","bundle_item_grouping":"","bundle_min_size":"","bundle_max_size":"","bundle_price":[],"bundled_items":[],"bundle_sell_ids":[],"_links":{"self":[{"href":"https:\/\/logic-vault.com\/tr\/wp-json\/wp\/v2\/product\/26448","targetHints":{"allow":["GET"]}}],"collection":[{"href":"https:\/\/logic-vault.com\/tr\/wp-json\/wp\/v2\/product"}],"about":[{"href":"https:\/\/logic-vault.com\/tr\/wp-json\/wp\/v2\/types\/product"}],"replies":[{"embeddable":true,"href":"https:\/\/logic-vault.com\/tr\/wp-json\/wp\/v2\/comments?post=26448"}],"wp:featuredmedia":[{"embeddable":true,"href":"https:\/\/logic-vault.com\/tr\/wp-json\/wp\/v2\/media\/25956"}],"wp:attachment":[{"href":"https:\/\/logic-vault.com\/tr\/wp-json\/wp\/v2\/media?parent=26448"}],"wp:term":[{"taxonomy":"product_brand","embeddable":true,"href":"https:\/\/logic-vault.com\/tr\/wp-json\/wp\/v2\/product_brand?post=26448"},{"taxonomy":"product_cat","embeddable":true,"href":"https:\/\/logic-vault.com\/tr\/wp-json\/wp\/v2\/product_cat?post=26448"},{"taxonomy":"product_tag","embeddable":true,"href":"https:\/\/logic-vault.com\/tr\/wp-json\/wp\/v2\/product_tag?post=26448"}],"curies":[{"name":"wp","href":"https:\/\/api.w.org\/{rel}","templated":true}]}}