{"id":26446,"date":"2026-02-09T11:02:58","date_gmt":"2026-02-09T11:02:58","guid":{"rendered":"http:\/\/logic-vault.com\/?post_type=product&#038;p=26446"},"modified":"2026-02-11T13:39:48","modified_gmt":"2026-02-11T13:39:48","slug":"identify-hidden-inefficiencies-in-business-reporting-workflows-deepseek","status":"publish","type":"product","link":"https:\/\/logic-vault.com\/tr\/urun\/identify-hidden-inefficiencies-in-business-reporting-workflows-deepseek\/","title":{"rendered":"\u0130\u015f Raporlama \u0130\u015f Ak\u0131\u015flar\u0131ndaki Gizli Verimsizlikleri Belirleme (DeepSeek)"},"content":{"rendered":"<p>A DeepSeek prompt for uncovering hidden inefficiencies in business reporting workflows\u2014pinpointing manual rework, brittle dependencies, latency sources, and data quality risks\u2014then delivering prioritized, actionable improvements to speed up insights and increase trust.<\/p>","protected":false},"excerpt":{"rendered":"<p>A DeepSeek prompt for uncovering hidden inefficiencies in business reporting workflows\u2014pinpointing manual rework, brittle dependencies, latency sources, and data quality risks\u2014then delivering prioritized, actionable improvements to speed up insights and increase trust.<\/p>","protected":false},"featured_media":25529,"comment_status":"open","ping_status":"closed","template":"","meta":[],"product_brand":[],"product_cat":[4094],"product_tag":[],"class_list":{"0":"post-26446","1":"product","2":"type-product","3":"status-publish","4":"has-post-thumbnail","6":"product_cat-business-marketing","8":"first","9":"instock","10":"downloadable","11":"virtual","12":"product-type-simple"},"bundled_by":[],"bundle_stock_status":"instock","bundle_stock_quantity":null,"bundle_virtual":false,"bundle_layout":"","bundle_add_to_cart_form_location":"","bundle_editable_in_cart":false,"bundle_sold_individually_context":"","bundle_item_grouping":"","bundle_min_size":"","bundle_max_size":"","bundle_price":[],"bundled_items":[],"bundle_sell_ids":[],"_links":{"self":[{"href":"https:\/\/logic-vault.com\/tr\/wp-json\/wp\/v2\/product\/26446","targetHints":{"allow":["GET"]}}],"collection":[{"href":"https:\/\/logic-vault.com\/tr\/wp-json\/wp\/v2\/product"}],"about":[{"href":"https:\/\/logic-vault.com\/tr\/wp-json\/wp\/v2\/types\/product"}],"replies":[{"embeddable":true,"href":"https:\/\/logic-vault.com\/tr\/wp-json\/wp\/v2\/comments?post=26446"}],"wp:featuredmedia":[{"embeddable":true,"href":"https:\/\/logic-vault.com\/tr\/wp-json\/wp\/v2\/media\/25529"}],"wp:attachment":[{"href":"https:\/\/logic-vault.com\/tr\/wp-json\/wp\/v2\/media?parent=26446"}],"wp:term":[{"taxonomy":"product_brand","embeddable":true,"href":"https:\/\/logic-vault.com\/tr\/wp-json\/wp\/v2\/product_brand?post=26446"},{"taxonomy":"product_cat","embeddable":true,"href":"https:\/\/logic-vault.com\/tr\/wp-json\/wp\/v2\/product_cat?post=26446"},{"taxonomy":"product_tag","embeddable":true,"href":"https:\/\/logic-vault.com\/tr\/wp-json\/wp\/v2\/product_tag?post=26446"}],"curies":[{"name":"wp","href":"https:\/\/api.w.org\/{rel}","templated":true}]}}