{"id":26443,"date":"2026-02-09T11:02:58","date_gmt":"2026-02-09T11:02:58","guid":{"rendered":"http:\/\/logic-vault.com\/?post_type=product&#038;p=26443"},"modified":"2026-02-11T13:39:48","modified_gmt":"2026-02-11T13:39:48","slug":"assess-the-scalability-of-an-existing-backend-architecture-deepseek","status":"publish","type":"product","link":"https:\/\/logic-vault.com\/tr\/urun\/assess-the-scalability-of-an-existing-backend-architecture-deepseek\/","title":{"rendered":"Mevcut Bir Arka U\u00e7 Mimarisinin \u00d6l\u00e7eklenebilirli\u011fini De\u011ferlendirme (DeepSeek)"},"content":{"rendered":"<p>DeepSeek&#039;in mevcut bir arka u\u00e7 mimarisinin \u00f6l\u00e7eklenebilirlik s\u0131n\u0131rlar\u0131n\u0131 de\u011ferlendirmek ve net, risk odakl\u0131 bir iyile\u015ftirme yol haritas\u0131 olu\u015fturmak i\u00e7in kulland\u0131\u011f\u0131 bir komut istemi. Bu komut istemi, darbo\u011faz analizi, ar\u0131za modlar\u0131, k\u0131sa vadeli \u00f6nlemler ve b\u00fcy\u00fcme s\u00fcrecinde uzun vadeli mimari evrimi kapsar.<\/p>","protected":false},"excerpt":{"rendered":"<p>DeepSeek&#039;in mevcut bir arka u\u00e7 mimarisinin \u00f6l\u00e7eklenebilirlik s\u0131n\u0131rlar\u0131n\u0131 de\u011ferlendirmek ve net, risk odakl\u0131 bir iyile\u015ftirme yol haritas\u0131 olu\u015fturmak i\u00e7in kulland\u0131\u011f\u0131 bir komut istemi. Bu komut istemi, darbo\u011faz analizi, ar\u0131za modlar\u0131, k\u0131sa vadeli \u00f6nlemler ve b\u00fcy\u00fcme s\u00fcrecinde uzun vadeli mimari evrimi kapsar.<\/p>","protected":false},"featured_media":25468,"comment_status":"open","ping_status":"closed","template":"","meta":[],"product_brand":[],"product_cat":[4091],"product_tag":[],"class_list":{"0":"post-26443","1":"product","2":"type-product","3":"status-publish","4":"has-post-thumbnail","6":"product_cat-coding-development","8":"first","9":"instock","10":"downloadable","11":"virtual","12":"product-type-simple"},"bundled_by":[],"bundle_stock_status":"instock","bundle_stock_quantity":null,"bundle_virtual":false,"bundle_layout":"","bundle_add_to_cart_form_location":"","bundle_editable_in_cart":false,"bundle_sold_individually_context":"","bundle_item_grouping":"","bundle_min_size":"","bundle_max_size":"","bundle_price":[],"bundled_items":[],"bundle_sell_ids":[],"_links":{"self":[{"href":"https:\/\/logic-vault.com\/tr\/wp-json\/wp\/v2\/product\/26443","targetHints":{"allow":["GET"]}}],"collection":[{"href":"https:\/\/logic-vault.com\/tr\/wp-json\/wp\/v2\/product"}],"about":[{"href":"https:\/\/logic-vault.com\/tr\/wp-json\/wp\/v2\/types\/product"}],"replies":[{"embeddable":true,"href":"https:\/\/logic-vault.com\/tr\/wp-json\/wp\/v2\/comments?post=26443"}],"wp:featuredmedia":[{"embeddable":true,"href":"https:\/\/logic-vault.com\/tr\/wp-json\/wp\/v2\/media\/25468"}],"wp:attachment":[{"href":"https:\/\/logic-vault.com\/tr\/wp-json\/wp\/v2\/media?parent=26443"}],"wp:term":[{"taxonomy":"product_brand","embeddable":true,"href":"https:\/\/logic-vault.com\/tr\/wp-json\/wp\/v2\/product_brand?post=26443"},{"taxonomy":"product_cat","embeddable":true,"href":"https:\/\/logic-vault.com\/tr\/wp-json\/wp\/v2\/product_cat?post=26443"},{"taxonomy":"product_tag","embeddable":true,"href":"https:\/\/logic-vault.com\/tr\/wp-json\/wp\/v2\/product_tag?post=26443"}],"curies":[{"name":"wp","href":"https:\/\/api.w.org\/{rel}","templated":true}]}}