{"id":26442,"date":"2026-02-09T11:02:58","date_gmt":"2026-02-09T11:02:58","guid":{"rendered":"http:\/\/logic-vault.com\/?post_type=product&#038;p=26442"},"modified":"2026-02-11T13:39:48","modified_gmt":"2026-02-11T13:39:48","slug":"competitive-analysis-with-reasoning-based-insights-deepseek","status":"publish","type":"product","link":"https:\/\/logic-vault.com\/tr\/urun\/competitive-analysis-with-reasoning-based-insights-deepseek\/","title":{"rendered":"Ak\u0131l Y\u00fcr\u00fctmeye Dayal\u0131 \u0130\u00e7g\u00f6r\u00fclerle Rekabet Analizi (DeepSeek)"},"content":{"rendered":"<p>A DeepSeek prompt for producing a strategic competitive analysis that goes beyond feature lists\u2014extracting reasoning-based insights about competitor intent, moats, trade-offs, and market whitespace. Ideal for founders and product\/GTM teams shaping positioning and strategy.<\/p>","protected":false},"excerpt":{"rendered":"<p>A DeepSeek prompt for producing a strategic competitive analysis that goes beyond feature lists\u2014extracting reasoning-based insights about competitor intent, moats, trade-offs, and market whitespace. Ideal for founders and product\/GTM teams shaping positioning and strategy.<\/p>","protected":false},"featured_media":25468,"comment_status":"open","ping_status":"closed","template":"","meta":[],"product_brand":[],"product_cat":[4091],"product_tag":[],"class_list":{"0":"post-26442","1":"product","2":"type-product","3":"status-publish","4":"has-post-thumbnail","6":"product_cat-coding-development","8":"first","9":"instock","10":"downloadable","11":"virtual","12":"product-type-simple"},"bundled_by":[],"bundle_stock_status":"instock","bundle_stock_quantity":null,"bundle_virtual":false,"bundle_layout":"","bundle_add_to_cart_form_location":"","bundle_editable_in_cart":false,"bundle_sold_individually_context":"","bundle_item_grouping":"","bundle_min_size":"","bundle_max_size":"","bundle_price":[],"bundled_items":[],"bundle_sell_ids":[],"_links":{"self":[{"href":"https:\/\/logic-vault.com\/tr\/wp-json\/wp\/v2\/product\/26442","targetHints":{"allow":["GET"]}}],"collection":[{"href":"https:\/\/logic-vault.com\/tr\/wp-json\/wp\/v2\/product"}],"about":[{"href":"https:\/\/logic-vault.com\/tr\/wp-json\/wp\/v2\/types\/product"}],"replies":[{"embeddable":true,"href":"https:\/\/logic-vault.com\/tr\/wp-json\/wp\/v2\/comments?post=26442"}],"wp:featuredmedia":[{"embeddable":true,"href":"https:\/\/logic-vault.com\/tr\/wp-json\/wp\/v2\/media\/25468"}],"wp:attachment":[{"href":"https:\/\/logic-vault.com\/tr\/wp-json\/wp\/v2\/media?parent=26442"}],"wp:term":[{"taxonomy":"product_brand","embeddable":true,"href":"https:\/\/logic-vault.com\/tr\/wp-json\/wp\/v2\/product_brand?post=26442"},{"taxonomy":"product_cat","embeddable":true,"href":"https:\/\/logic-vault.com\/tr\/wp-json\/wp\/v2\/product_cat?post=26442"},{"taxonomy":"product_tag","embeddable":true,"href":"https:\/\/logic-vault.com\/tr\/wp-json\/wp\/v2\/product_tag?post=26442"}],"curies":[{"name":"wp","href":"https:\/\/api.w.org\/{rel}","templated":true}]}}