{"id":26441,"date":"2026-02-09T11:02:58","date_gmt":"2026-02-09T11:02:58","guid":{"rendered":"http:\/\/logic-vault.com\/?post_type=product&#038;p=26441"},"modified":"2026-02-11T13:39:48","modified_gmt":"2026-02-11T13:39:48","slug":"evaluate-the-robustness-of-a-machine-learning-pipeline-deepseek","status":"publish","type":"product","link":"https:\/\/logic-vault.com\/tr\/urun\/evaluate-the-robustness-of-a-machine-learning-pipeline-deepseek\/","title":{"rendered":"Bir Makine \u00d6\u011frenmesi \u0130\u015flem Hatt\u0131n\u0131n (DeepSeek) Sa\u011flaml\u0131\u011f\u0131n\u0131 De\u011ferlendirme"},"content":{"rendered":"<p>Veri al\u0131m\u0131ndan e\u011fitime, da\u011f\u0131t\u0131mdan izlemeye kadar makine \u00f6\u011frenimi i\u015flem hatt\u0131n\u0131n u\u00e7tan uca sa\u011flaml\u0131\u011f\u0131n\u0131 de\u011ferlendirmek i\u00e7in DeepSeek komut istemi. G\u00fcvenilirlik, tekrarlanabilirlik, sapma direnci ve MLOps en iyi uygulamalar\u0131na odaklanarak, \u00f6nceliklendirilmi\u015f, \u00fcretime haz\u0131r iyile\u015ftirmeler sunar.<\/p>","protected":false},"excerpt":{"rendered":"<p>Veri al\u0131m\u0131ndan e\u011fitime, da\u011f\u0131t\u0131mdan izlemeye kadar makine \u00f6\u011frenimi i\u015flem hatt\u0131n\u0131n u\u00e7tan uca sa\u011flaml\u0131\u011f\u0131n\u0131 de\u011ferlendirmek i\u00e7in DeepSeek komut istemi. G\u00fcvenilirlik, tekrarlanabilirlik, sapma direnci ve MLOps en iyi uygulamalar\u0131na odaklanarak, \u00f6nceliklendirilmi\u015f, \u00fcretime haz\u0131r iyile\u015ftirmeler sunar.<\/p>","protected":false},"featured_media":25773,"comment_status":"open","ping_status":"closed","template":"","meta":[],"product_brand":[],"product_cat":[4098],"product_tag":[],"class_list":{"0":"post-26441","1":"product","2":"type-product","3":"status-publish","4":"has-post-thumbnail","6":"product_cat-education-learning","8":"first","9":"instock","10":"downloadable","11":"virtual","12":"product-type-simple"},"bundled_by":[],"bundle_stock_status":"instock","bundle_stock_quantity":null,"bundle_virtual":false,"bundle_layout":"","bundle_add_to_cart_form_location":"","bundle_editable_in_cart":false,"bundle_sold_individually_context":"","bundle_item_grouping":"","bundle_min_size":"","bundle_max_size":"","bundle_price":[],"bundled_items":[],"bundle_sell_ids":[],"_links":{"self":[{"href":"https:\/\/logic-vault.com\/tr\/wp-json\/wp\/v2\/product\/26441","targetHints":{"allow":["GET"]}}],"collection":[{"href":"https:\/\/logic-vault.com\/tr\/wp-json\/wp\/v2\/product"}],"about":[{"href":"https:\/\/logic-vault.com\/tr\/wp-json\/wp\/v2\/types\/product"}],"replies":[{"embeddable":true,"href":"https:\/\/logic-vault.com\/tr\/wp-json\/wp\/v2\/comments?post=26441"}],"wp:featuredmedia":[{"embeddable":true,"href":"https:\/\/logic-vault.com\/tr\/wp-json\/wp\/v2\/media\/25773"}],"wp:attachment":[{"href":"https:\/\/logic-vault.com\/tr\/wp-json\/wp\/v2\/media?parent=26441"}],"wp:term":[{"taxonomy":"product_brand","embeddable":true,"href":"https:\/\/logic-vault.com\/tr\/wp-json\/wp\/v2\/product_brand?post=26441"},{"taxonomy":"product_cat","embeddable":true,"href":"https:\/\/logic-vault.com\/tr\/wp-json\/wp\/v2\/product_cat?post=26441"},{"taxonomy":"product_tag","embeddable":true,"href":"https:\/\/logic-vault.com\/tr\/wp-json\/wp\/v2\/product_tag?post=26441"}],"curies":[{"name":"wp","href":"https:\/\/api.w.org\/{rel}","templated":true}]}}