{"id":26436,"date":"2026-02-09T11:02:58","date_gmt":"2026-02-09T11:02:58","guid":{"rendered":"http:\/\/logic-vault.com\/?post_type=product&#038;p=26436"},"modified":"2026-02-11T13:39:47","modified_gmt":"2026-02-11T13:39:47","slug":"design-an-optimal-caching-strategy-for-high-traffic-services-deepseek","status":"publish","type":"product","link":"https:\/\/logic-vault.com\/tr\/urun\/design-an-optimal-caching-strategy-for-high-traffic-services-deepseek\/","title":{"rendered":"Y\u00fcksek Trafikli Hizmetler i\u00e7in Optimal Bir \u00d6nbellekleme Stratejisi Tasarlay\u0131n (DeepSeek)"},"content":{"rendered":"<p>DeepSeek&#039;in, y\u00fcksek trafikli hizmetlere \u00f6zel, sa\u011flam ve \u00fcretime haz\u0131r bir \u00f6nbellekleme stratejisi tasarlamaya y\u00f6nelik bir k\u0131lavuzu. \u00d6nbellek kapsam\u0131, \u00e7ok katmanl\u0131 topoloji, ge\u00e7ersiz k\u0131lma stratejileri, performans \u00f6d\u00fcnle\u015fmeleri, g\u00f6zlemlenebilirlik ve g\u00fcvenli da\u011f\u0131t\u0131m konular\u0131n\u0131 kapsar; d\u00fc\u015f\u00fck gecikmeli, \u00f6l\u00e7eklenebilir sistemler i\u00e7in idealdir.<\/p>","protected":false},"excerpt":{"rendered":"<p>DeepSeek&#039;in, y\u00fcksek trafikli hizmetlere \u00f6zel, sa\u011flam ve \u00fcretime haz\u0131r bir \u00f6nbellekleme stratejisi tasarlamaya y\u00f6nelik bir k\u0131lavuzu. \u00d6nbellek kapsam\u0131, \u00e7ok katmanl\u0131 topoloji, ge\u00e7ersiz k\u0131lma stratejileri, performans \u00f6d\u00fcnle\u015fmeleri, g\u00f6zlemlenebilirlik ve g\u00fcvenli da\u011f\u0131t\u0131m konular\u0131n\u0131 kapsar; d\u00fc\u015f\u00fck gecikmeli, \u00f6l\u00e7eklenebilir sistemler i\u00e7in idealdir.<\/p>","protected":false},"featured_media":25712,"comment_status":"open","ping_status":"closed","template":"","meta":[],"product_brand":[],"product_cat":[4097],"product_tag":[],"class_list":{"0":"post-26436","1":"product","2":"type-product","3":"status-publish","4":"has-post-thumbnail","6":"product_cat-design-creativity","8":"first","9":"instock","10":"downloadable","11":"virtual","12":"product-type-simple"},"bundled_by":[],"bundle_stock_status":"instock","bundle_stock_quantity":null,"bundle_virtual":false,"bundle_layout":"","bundle_add_to_cart_form_location":"","bundle_editable_in_cart":false,"bundle_sold_individually_context":"","bundle_item_grouping":"","bundle_min_size":"","bundle_max_size":"","bundle_price":[],"bundled_items":[],"bundle_sell_ids":[],"_links":{"self":[{"href":"https:\/\/logic-vault.com\/tr\/wp-json\/wp\/v2\/product\/26436","targetHints":{"allow":["GET"]}}],"collection":[{"href":"https:\/\/logic-vault.com\/tr\/wp-json\/wp\/v2\/product"}],"about":[{"href":"https:\/\/logic-vault.com\/tr\/wp-json\/wp\/v2\/types\/product"}],"replies":[{"embeddable":true,"href":"https:\/\/logic-vault.com\/tr\/wp-json\/wp\/v2\/comments?post=26436"}],"wp:featuredmedia":[{"embeddable":true,"href":"https:\/\/logic-vault.com\/tr\/wp-json\/wp\/v2\/media\/25712"}],"wp:attachment":[{"href":"https:\/\/logic-vault.com\/tr\/wp-json\/wp\/v2\/media?parent=26436"}],"wp:term":[{"taxonomy":"product_brand","embeddable":true,"href":"https:\/\/logic-vault.com\/tr\/wp-json\/wp\/v2\/product_brand?post=26436"},{"taxonomy":"product_cat","embeddable":true,"href":"https:\/\/logic-vault.com\/tr\/wp-json\/wp\/v2\/product_cat?post=26436"},{"taxonomy":"product_tag","embeddable":true,"href":"https:\/\/logic-vault.com\/tr\/wp-json\/wp\/v2\/product_tag?post=26436"}],"curies":[{"name":"wp","href":"https:\/\/api.w.org\/{rel}","templated":true}]}}