{"id":26434,"date":"2026-02-09T11:02:58","date_gmt":"2026-02-09T11:02:58","guid":{"rendered":"http:\/\/logic-vault.com\/?post_type=product&#038;p=26434"},"modified":"2026-02-11T13:39:47","modified_gmt":"2026-02-11T13:39:47","slug":"identify-logical-errors-in-a-multi-step-business-process-deepseek","status":"publish","type":"product","link":"https:\/\/logic-vault.com\/tr\/urun\/identify-logical-errors-in-a-multi-step-business-process-deepseek\/","title":{"rendered":"\u00c7ok Ad\u0131ml\u0131 Bir \u0130\u015f S\u00fcrecindeki Mant\u0131ksal Hatalar\u0131 Belirleme (DeepSeek)"},"content":{"rendered":"<p>Karma\u015f\u0131k, \u00e7ok ad\u0131ml\u0131 i\u015f s\u00fcre\u00e7lerindeki mant\u0131ksal hatalar\u0131 te\u015fhis etmek i\u00e7in tasarlanm\u0131\u015f bir DeepSeek komut istemi. U\u00e7tan uca ak\u0131\u015f\u0131 yeniden olu\u015fturur, s\u0131ralama hatalar\u0131n\u0131 ve ge\u00e7ersiz varsay\u0131mlar\u0131 belirler ve do\u011frulama ad\u0131mlar\u0131yla birlikte kesin d\u00fczeltmeler sunar; operasyon, \u00fcr\u00fcn ve uyumluluk i\u015f ak\u0131\u015flar\u0131 i\u00e7in idealdir.<\/p>","protected":false},"excerpt":{"rendered":"<p>Karma\u015f\u0131k, \u00e7ok ad\u0131ml\u0131 i\u015f s\u00fcre\u00e7lerindeki mant\u0131ksal hatalar\u0131 te\u015fhis etmek i\u00e7in tasarlanm\u0131\u015f bir DeepSeek komut istemi. U\u00e7tan uca ak\u0131\u015f\u0131 yeniden olu\u015fturur, s\u0131ralama hatalar\u0131n\u0131 ve ge\u00e7ersiz varsay\u0131mlar\u0131 belirler ve do\u011frulama ad\u0131mlar\u0131yla birlikte kesin d\u00fczeltmeler sunar; operasyon, \u00fcr\u00fcn ve uyumluluk i\u015f ak\u0131\u015flar\u0131 i\u00e7in idealdir.<\/p>","protected":false},"featured_media":25529,"comment_status":"open","ping_status":"closed","template":"","meta":[],"product_brand":[],"product_cat":[4094],"product_tag":[],"class_list":{"0":"post-26434","1":"product","2":"type-product","3":"status-publish","4":"has-post-thumbnail","6":"product_cat-business-marketing","8":"first","9":"instock","10":"downloadable","11":"virtual","12":"product-type-simple"},"bundled_by":[],"bundle_stock_status":"instock","bundle_stock_quantity":null,"bundle_virtual":false,"bundle_layout":"","bundle_add_to_cart_form_location":"","bundle_editable_in_cart":false,"bundle_sold_individually_context":"","bundle_item_grouping":"","bundle_min_size":"","bundle_max_size":"","bundle_price":[],"bundled_items":[],"bundle_sell_ids":[],"_links":{"self":[{"href":"https:\/\/logic-vault.com\/tr\/wp-json\/wp\/v2\/product\/26434","targetHints":{"allow":["GET"]}}],"collection":[{"href":"https:\/\/logic-vault.com\/tr\/wp-json\/wp\/v2\/product"}],"about":[{"href":"https:\/\/logic-vault.com\/tr\/wp-json\/wp\/v2\/types\/product"}],"replies":[{"embeddable":true,"href":"https:\/\/logic-vault.com\/tr\/wp-json\/wp\/v2\/comments?post=26434"}],"wp:featuredmedia":[{"embeddable":true,"href":"https:\/\/logic-vault.com\/tr\/wp-json\/wp\/v2\/media\/25529"}],"wp:attachment":[{"href":"https:\/\/logic-vault.com\/tr\/wp-json\/wp\/v2\/media?parent=26434"}],"wp:term":[{"taxonomy":"product_brand","embeddable":true,"href":"https:\/\/logic-vault.com\/tr\/wp-json\/wp\/v2\/product_brand?post=26434"},{"taxonomy":"product_cat","embeddable":true,"href":"https:\/\/logic-vault.com\/tr\/wp-json\/wp\/v2\/product_cat?post=26434"},{"taxonomy":"product_tag","embeddable":true,"href":"https:\/\/logic-vault.com\/tr\/wp-json\/wp\/v2\/product_tag?post=26434"}],"curies":[{"name":"wp","href":"https:\/\/api.w.org\/{rel}","templated":true}]}}