{"id":26433,"date":"2026-02-09T11:02:58","date_gmt":"2026-02-09T11:02:58","guid":{"rendered":"http:\/\/logic-vault.com\/?post_type=product&#038;p=26433"},"modified":"2026-02-11T13:39:47","modified_gmt":"2026-02-11T13:39:47","slug":"build-a-reasoning-based-model-to-evaluate-business-decisions-deepseek","status":"publish","type":"product","link":"https:\/\/logic-vault.com\/tr\/urun\/build-a-reasoning-based-model-to-evaluate-business-decisions-deepseek\/","title":{"rendered":"\u0130\u015f Kararlar\u0131n\u0131 De\u011ferlendirmek i\u00e7in Ak\u0131l Y\u00fcr\u00fctmeye Dayal\u0131 Bir Model Olu\u015fturun (DeepSeek)"},"content":{"rendered":"<p>A DeepSeek prompt that builds a structured, auditable decision-evaluation model using weighted criteria, gating checks, scenario\/sensitivity analysis, and risk mitigation planning. Ideal for leadership teams making high-stakes business decisions with transparent reasoning.<\/p>","protected":false},"excerpt":{"rendered":"<p>A DeepSeek prompt that builds a structured, auditable decision-evaluation model using weighted criteria, gating checks, scenario\/sensitivity analysis, and risk mitigation planning. Ideal for leadership teams making high-stakes business decisions with transparent reasoning.<\/p>","protected":false},"featured_media":25529,"comment_status":"open","ping_status":"closed","template":"","meta":[],"product_brand":[],"product_cat":[4094],"product_tag":[],"class_list":{"0":"post-26433","1":"product","2":"type-product","3":"status-publish","4":"has-post-thumbnail","6":"product_cat-business-marketing","8":"first","9":"instock","10":"downloadable","11":"virtual","12":"product-type-simple"},"bundled_by":[],"bundle_stock_status":"instock","bundle_stock_quantity":null,"bundle_virtual":false,"bundle_layout":"","bundle_add_to_cart_form_location":"","bundle_editable_in_cart":false,"bundle_sold_individually_context":"","bundle_item_grouping":"","bundle_min_size":"","bundle_max_size":"","bundle_price":[],"bundled_items":[],"bundle_sell_ids":[],"_links":{"self":[{"href":"https:\/\/logic-vault.com\/tr\/wp-json\/wp\/v2\/product\/26433","targetHints":{"allow":["GET"]}}],"collection":[{"href":"https:\/\/logic-vault.com\/tr\/wp-json\/wp\/v2\/product"}],"about":[{"href":"https:\/\/logic-vault.com\/tr\/wp-json\/wp\/v2\/types\/product"}],"replies":[{"embeddable":true,"href":"https:\/\/logic-vault.com\/tr\/wp-json\/wp\/v2\/comments?post=26433"}],"wp:featuredmedia":[{"embeddable":true,"href":"https:\/\/logic-vault.com\/tr\/wp-json\/wp\/v2\/media\/25529"}],"wp:attachment":[{"href":"https:\/\/logic-vault.com\/tr\/wp-json\/wp\/v2\/media?parent=26433"}],"wp:term":[{"taxonomy":"product_brand","embeddable":true,"href":"https:\/\/logic-vault.com\/tr\/wp-json\/wp\/v2\/product_brand?post=26433"},{"taxonomy":"product_cat","embeddable":true,"href":"https:\/\/logic-vault.com\/tr\/wp-json\/wp\/v2\/product_cat?post=26433"},{"taxonomy":"product_tag","embeddable":true,"href":"https:\/\/logic-vault.com\/tr\/wp-json\/wp\/v2\/product_tag?post=26433"}],"curies":[{"name":"wp","href":"https:\/\/api.w.org\/{rel}","templated":true}]}}