{"id":26432,"date":"2026-02-09T11:02:58","date_gmt":"2026-02-09T11:02:58","guid":{"rendered":"http:\/\/logic-vault.com\/?post_type=product&#038;p=26432"},"modified":"2026-02-11T13:39:47","modified_gmt":"2026-02-11T13:39:47","slug":"write-detailed-documentation-for-a-complex-software-module-deepseek","status":"publish","type":"product","link":"https:\/\/logic-vault.com\/tr\/urun\/write-detailed-documentation-for-a-complex-software-module-deepseek\/","title":{"rendered":"Karma\u015f\u0131k Bir Yaz\u0131l\u0131m Mod\u00fcl\u00fc (DeepSeek) \u0130\u00e7in Ayr\u0131nt\u0131l\u0131 Dok\u00fcmantasyon Yazma"},"content":{"rendered":"<p>Karma\u015f\u0131k yaz\u0131l\u0131m mod\u00fclleri i\u00e7in y\u00fcksek kaliteli, \u00fcretime haz\u0131r dok\u00fcmantasyon olu\u015fturmaya y\u00f6nelik bir DeepSeek arac\u0131. Mimari, API&#039;ler, yap\u0131land\u0131rma, operasyonel davran\u0131\u015f ve bak\u0131m hususlar\u0131n\u0131n net bir \u015fekilde a\u00e7\u0131klanmas\u0131na rehberlik eder; bu da entegrasyon, denetimler ve uzun vadeli destek i\u00e7in idealdir.<\/p>","protected":false},"excerpt":{"rendered":"<p>Karma\u015f\u0131k yaz\u0131l\u0131m mod\u00fclleri i\u00e7in y\u00fcksek kaliteli, \u00fcretime haz\u0131r dok\u00fcmantasyon olu\u015fturmaya y\u00f6nelik bir DeepSeek arac\u0131. Mimari, API&#039;ler, yap\u0131land\u0131rma, operasyonel davran\u0131\u015f ve bak\u0131m hususlar\u0131n\u0131n net bir \u015fekilde a\u00e7\u0131klanmas\u0131na rehberlik eder; bu da entegrasyon, denetimler ve uzun vadeli destek i\u00e7in idealdir.<\/p>","protected":false},"featured_media":25468,"comment_status":"open","ping_status":"closed","template":"","meta":[],"product_brand":[],"product_cat":[4091],"product_tag":[],"class_list":{"0":"post-26432","1":"product","2":"type-product","3":"status-publish","4":"has-post-thumbnail","6":"product_cat-coding-development","8":"first","9":"instock","10":"downloadable","11":"virtual","12":"product-type-simple"},"bundled_by":[],"bundle_stock_status":"instock","bundle_stock_quantity":null,"bundle_virtual":false,"bundle_layout":"","bundle_add_to_cart_form_location":"","bundle_editable_in_cart":false,"bundle_sold_individually_context":"","bundle_item_grouping":"","bundle_min_size":"","bundle_max_size":"","bundle_price":[],"bundled_items":[],"bundle_sell_ids":[],"_links":{"self":[{"href":"https:\/\/logic-vault.com\/tr\/wp-json\/wp\/v2\/product\/26432","targetHints":{"allow":["GET"]}}],"collection":[{"href":"https:\/\/logic-vault.com\/tr\/wp-json\/wp\/v2\/product"}],"about":[{"href":"https:\/\/logic-vault.com\/tr\/wp-json\/wp\/v2\/types\/product"}],"replies":[{"embeddable":true,"href":"https:\/\/logic-vault.com\/tr\/wp-json\/wp\/v2\/comments?post=26432"}],"wp:featuredmedia":[{"embeddable":true,"href":"https:\/\/logic-vault.com\/tr\/wp-json\/wp\/v2\/media\/25468"}],"wp:attachment":[{"href":"https:\/\/logic-vault.com\/tr\/wp-json\/wp\/v2\/media?parent=26432"}],"wp:term":[{"taxonomy":"product_brand","embeddable":true,"href":"https:\/\/logic-vault.com\/tr\/wp-json\/wp\/v2\/product_brand?post=26432"},{"taxonomy":"product_cat","embeddable":true,"href":"https:\/\/logic-vault.com\/tr\/wp-json\/wp\/v2\/product_cat?post=26432"},{"taxonomy":"product_tag","embeddable":true,"href":"https:\/\/logic-vault.com\/tr\/wp-json\/wp\/v2\/product_tag?post=26432"}],"curies":[{"name":"wp","href":"https:\/\/api.w.org\/{rel}","templated":true}]}}