{"id":26431,"date":"2026-02-09T11:02:58","date_gmt":"2026-02-09T11:02:58","guid":{"rendered":"http:\/\/logic-vault.com\/?post_type=product&#038;p=26431"},"modified":"2026-02-11T13:39:47","modified_gmt":"2026-02-11T13:39:47","slug":"analyze-cybersecurity-risks-in-a-corporate-network-deepseek","status":"publish","type":"product","link":"https:\/\/logic-vault.com\/tr\/urun\/analyze-cybersecurity-risks-in-a-corporate-network-deepseek\/","title":{"rendered":"Kurumsal A\u011fdaki Siber G\u00fcvenlik Risklerini Analiz Etme (DeepSeek)"},"content":{"rendered":"<p>Kurumsal bir a\u011f\u0131n yap\u0131land\u0131r\u0131lm\u0131\u015f, kurumsal d\u00fczeyde siber g\u00fcvenlik risk analizini ger\u00e7ekle\u015ftirmek i\u00e7in DeepSeek taraf\u0131ndan sunulan bir komut istemidir. Tehdit vekt\u00f6rlerini, a\u00e7\u0131kta kalan varl\u0131klar\u0131, y\u00fcksek riskli sald\u0131r\u0131 yollar\u0131n\u0131 belirlemeye yard\u0131mc\u0131 olur ve s\u0131f\u0131r g\u00fcven ve derinlemesine savunma ilkeleriyle uyumlu, \u00f6nceliklendirilmi\u015f, uygulanabilir azaltma stratejileri sunar.<\/p>","protected":false},"excerpt":{"rendered":"<p>Kurumsal bir a\u011f\u0131n yap\u0131land\u0131r\u0131lm\u0131\u015f, kurumsal d\u00fczeyde siber g\u00fcvenlik risk analizini ger\u00e7ekle\u015ftirmek i\u00e7in DeepSeek taraf\u0131ndan sunulan bir komut istemidir. Tehdit vekt\u00f6rlerini, a\u00e7\u0131kta kalan varl\u0131klar\u0131, y\u00fcksek riskli sald\u0131r\u0131 yollar\u0131n\u0131 belirlemeye yard\u0131mc\u0131 olur ve s\u0131f\u0131r g\u00fcven ve derinlemesine savunma ilkeleriyle uyumlu, \u00f6nceliklendirilmi\u015f, uygulanabilir azaltma stratejileri sunar.<\/p>","protected":false},"featured_media":25956,"comment_status":"open","ping_status":"closed","template":"","meta":[],"product_brand":[],"product_cat":[4101],"product_tag":[],"class_list":{"0":"post-26431","1":"product","2":"type-product","3":"status-publish","4":"has-post-thumbnail","6":"product_cat-productivity-automation","8":"first","9":"instock","10":"downloadable","11":"virtual","12":"product-type-simple"},"bundled_by":[],"bundle_stock_status":"instock","bundle_stock_quantity":null,"bundle_virtual":false,"bundle_layout":"","bundle_add_to_cart_form_location":"","bundle_editable_in_cart":false,"bundle_sold_individually_context":"","bundle_item_grouping":"","bundle_min_size":"","bundle_max_size":"","bundle_price":[],"bundled_items":[],"bundle_sell_ids":[],"_links":{"self":[{"href":"https:\/\/logic-vault.com\/tr\/wp-json\/wp\/v2\/product\/26431","targetHints":{"allow":["GET"]}}],"collection":[{"href":"https:\/\/logic-vault.com\/tr\/wp-json\/wp\/v2\/product"}],"about":[{"href":"https:\/\/logic-vault.com\/tr\/wp-json\/wp\/v2\/types\/product"}],"replies":[{"embeddable":true,"href":"https:\/\/logic-vault.com\/tr\/wp-json\/wp\/v2\/comments?post=26431"}],"wp:featuredmedia":[{"embeddable":true,"href":"https:\/\/logic-vault.com\/tr\/wp-json\/wp\/v2\/media\/25956"}],"wp:attachment":[{"href":"https:\/\/logic-vault.com\/tr\/wp-json\/wp\/v2\/media?parent=26431"}],"wp:term":[{"taxonomy":"product_brand","embeddable":true,"href":"https:\/\/logic-vault.com\/tr\/wp-json\/wp\/v2\/product_brand?post=26431"},{"taxonomy":"product_cat","embeddable":true,"href":"https:\/\/logic-vault.com\/tr\/wp-json\/wp\/v2\/product_cat?post=26431"},{"taxonomy":"product_tag","embeddable":true,"href":"https:\/\/logic-vault.com\/tr\/wp-json\/wp\/v2\/product_tag?post=26431"}],"curies":[{"name":"wp","href":"https:\/\/api.w.org\/{rel}","templated":true}]}}