{"id":26428,"date":"2026-02-09T11:02:57","date_gmt":"2026-02-09T11:02:57","guid":{"rendered":"http:\/\/logic-vault.com\/?post_type=product&#038;p=26428"},"modified":"2026-02-11T13:39:47","modified_gmt":"2026-02-11T13:39:47","slug":"extract-actionable-insights-from-a-long-technical-report-deepseek","status":"publish","type":"product","link":"https:\/\/logic-vault.com\/tr\/urun\/extract-actionable-insights-from-a-long-technical-report-deepseek\/","title":{"rendered":"Uzun Teknik Raporlardan Eyleme Ge\u00e7irilebilir Bilgiler \u00c7\u0131kar\u0131n (DeepSeek)"},"content":{"rendered":"<p>DeepSeek&#039;in uzun ve karma\u015f\u0131k teknik raporlar\u0131 \u00f6zl\u00fc, karar almaya haz\u0131r bilgilere d\u00f6n\u00fc\u015ft\u00fcrmeye y\u00f6nelik bir arac\u0131. \u00d6nemli noktalar\u0131, gereksiz bilgileri ay\u0131klamak, bulgular\u0131 somut eylemlere d\u00f6n\u00fc\u015ft\u00fcrmek ve y\u00f6neticiler ile ekipler i\u00e7in sonraki ad\u0131mlar\u0131 \u00f6nceliklendirmektir.<\/p>","protected":false},"excerpt":{"rendered":"<p>DeepSeek&#039;in uzun ve karma\u015f\u0131k teknik raporlar\u0131 \u00f6zl\u00fc, karar almaya haz\u0131r bilgilere d\u00f6n\u00fc\u015ft\u00fcrmeye y\u00f6nelik bir arac\u0131. \u00d6nemli noktalar\u0131, gereksiz bilgileri ay\u0131klamak, bulgular\u0131 somut eylemlere d\u00f6n\u00fc\u015ft\u00fcrmek ve y\u00f6neticiler ile ekipler i\u00e7in sonraki ad\u0131mlar\u0131 \u00f6nceliklendirmektir.<\/p>","protected":false},"featured_media":25956,"comment_status":"open","ping_status":"closed","template":"","meta":[],"product_brand":[],"product_cat":[4101],"product_tag":[],"class_list":{"0":"post-26428","1":"product","2":"type-product","3":"status-publish","4":"has-post-thumbnail","6":"product_cat-productivity-automation","8":"first","9":"instock","10":"downloadable","11":"virtual","12":"product-type-simple"},"bundled_by":[],"bundle_stock_status":"instock","bundle_stock_quantity":null,"bundle_virtual":false,"bundle_layout":"","bundle_add_to_cart_form_location":"","bundle_editable_in_cart":false,"bundle_sold_individually_context":"","bundle_item_grouping":"","bundle_min_size":"","bundle_max_size":"","bundle_price":[],"bundled_items":[],"bundle_sell_ids":[],"_links":{"self":[{"href":"https:\/\/logic-vault.com\/tr\/wp-json\/wp\/v2\/product\/26428","targetHints":{"allow":["GET"]}}],"collection":[{"href":"https:\/\/logic-vault.com\/tr\/wp-json\/wp\/v2\/product"}],"about":[{"href":"https:\/\/logic-vault.com\/tr\/wp-json\/wp\/v2\/types\/product"}],"replies":[{"embeddable":true,"href":"https:\/\/logic-vault.com\/tr\/wp-json\/wp\/v2\/comments?post=26428"}],"wp:featuredmedia":[{"embeddable":true,"href":"https:\/\/logic-vault.com\/tr\/wp-json\/wp\/v2\/media\/25956"}],"wp:attachment":[{"href":"https:\/\/logic-vault.com\/tr\/wp-json\/wp\/v2\/media?parent=26428"}],"wp:term":[{"taxonomy":"product_brand","embeddable":true,"href":"https:\/\/logic-vault.com\/tr\/wp-json\/wp\/v2\/product_brand?post=26428"},{"taxonomy":"product_cat","embeddable":true,"href":"https:\/\/logic-vault.com\/tr\/wp-json\/wp\/v2\/product_cat?post=26428"},{"taxonomy":"product_tag","embeddable":true,"href":"https:\/\/logic-vault.com\/tr\/wp-json\/wp\/v2\/product_tag?post=26428"}],"curies":[{"name":"wp","href":"https:\/\/api.w.org\/{rel}","templated":true}]}}