{"id":26427,"date":"2026-02-09T11:02:57","date_gmt":"2026-02-09T11:02:57","guid":{"rendered":"http:\/\/logic-vault.com\/?post_type=product&#038;p=26427"},"modified":"2026-02-11T13:39:47","modified_gmt":"2026-02-11T13:39:47","slug":"review-a-complex-pull-request-with-high-quality-improvements-deepseek","status":"publish","type":"product","link":"https:\/\/logic-vault.com\/tr\/urun\/review-a-complex-pull-request-with-high-quality-improvements-deepseek\/","title":{"rendered":"Y\u00fcksek Kaliteli \u0130yile\u015ftirmeler \u0130\u00e7eren Karma\u015f\u0131k Bir \u00c7ekme \u0130ste\u011fini \u0130nceleyin (DeepSeek)"},"content":{"rendered":"<p>\u00dcst d\u00fczey bir bak\u0131\u015f a\u00e7\u0131s\u0131yla karma\u015f\u0131k \u00e7ekme isteklerini incelemek i\u00e7in tasarlanm\u0131\u015f bir DeepSeek komut istemi. \u00dcretim kod tabanlar\u0131 i\u00e7in uygun, net, uygulanabilir ve sayg\u0131l\u0131 geri bildirim sa\u011flarken, do\u011fruluk sorunlar\u0131n\u0131, mimari riskleri, performans endi\u015felerini ve s\u00fcrd\u00fcr\u00fclebilirlik problemlerini belirlemeye yard\u0131mc\u0131 olur.<\/p>","protected":false},"excerpt":{"rendered":"<p>\u00dcst d\u00fczey bir bak\u0131\u015f a\u00e7\u0131s\u0131yla karma\u015f\u0131k \u00e7ekme isteklerini incelemek i\u00e7in tasarlanm\u0131\u015f bir DeepSeek komut istemi. \u00dcretim kod tabanlar\u0131 i\u00e7in uygun, net, uygulanabilir ve sayg\u0131l\u0131 geri bildirim sa\u011flarken, do\u011fruluk sorunlar\u0131n\u0131, mimari riskleri, performans endi\u015felerini ve s\u00fcrd\u00fcr\u00fclebilirlik problemlerini belirlemeye yard\u0131mc\u0131 olur.<\/p>","protected":false},"featured_media":25468,"comment_status":"open","ping_status":"closed","template":"","meta":[],"product_brand":[],"product_cat":[4091],"product_tag":[],"class_list":{"0":"post-26427","1":"product","2":"type-product","3":"status-publish","4":"has-post-thumbnail","6":"product_cat-coding-development","8":"first","9":"instock","10":"downloadable","11":"virtual","12":"product-type-simple"},"bundled_by":[],"bundle_stock_status":"instock","bundle_stock_quantity":null,"bundle_virtual":false,"bundle_layout":"","bundle_add_to_cart_form_location":"","bundle_editable_in_cart":false,"bundle_sold_individually_context":"","bundle_item_grouping":"","bundle_min_size":"","bundle_max_size":"","bundle_price":[],"bundled_items":[],"bundle_sell_ids":[],"_links":{"self":[{"href":"https:\/\/logic-vault.com\/tr\/wp-json\/wp\/v2\/product\/26427","targetHints":{"allow":["GET"]}}],"collection":[{"href":"https:\/\/logic-vault.com\/tr\/wp-json\/wp\/v2\/product"}],"about":[{"href":"https:\/\/logic-vault.com\/tr\/wp-json\/wp\/v2\/types\/product"}],"replies":[{"embeddable":true,"href":"https:\/\/logic-vault.com\/tr\/wp-json\/wp\/v2\/comments?post=26427"}],"wp:featuredmedia":[{"embeddable":true,"href":"https:\/\/logic-vault.com\/tr\/wp-json\/wp\/v2\/media\/25468"}],"wp:attachment":[{"href":"https:\/\/logic-vault.com\/tr\/wp-json\/wp\/v2\/media?parent=26427"}],"wp:term":[{"taxonomy":"product_brand","embeddable":true,"href":"https:\/\/logic-vault.com\/tr\/wp-json\/wp\/v2\/product_brand?post=26427"},{"taxonomy":"product_cat","embeddable":true,"href":"https:\/\/logic-vault.com\/tr\/wp-json\/wp\/v2\/product_cat?post=26427"},{"taxonomy":"product_tag","embeddable":true,"href":"https:\/\/logic-vault.com\/tr\/wp-json\/wp\/v2\/product_tag?post=26427"}],"curies":[{"name":"wp","href":"https:\/\/api.w.org\/{rel}","templated":true}]}}