{"id":26426,"date":"2026-02-09T11:02:57","date_gmt":"2026-02-09T11:02:57","guid":{"rendered":"http:\/\/logic-vault.com\/?post_type=product&#038;p=26426"},"modified":"2026-02-11T13:39:47","modified_gmt":"2026-02-11T13:39:47","slug":"solve-math-heavy-problems-with-clear-stepwise-explanation-deepseek","status":"publish","type":"product","link":"https:\/\/logic-vault.com\/tr\/urun\/solve-math-heavy-problems-with-clear-stepwise-explanation-deepseek\/","title":{"rendered":"Yo\u011fun Matematik \u0130\u00e7eren Problemleri A\u00e7\u0131k ve Ad\u0131m Ad\u0131m A\u00e7\u0131klamalarla \u00c7\u00f6z\u00fcn (DeepSeek)"},"content":{"rendered":"<p>Matematik a\u011f\u0131rl\u0131kl\u0131 problemleri \u00e7\u00f6zmek i\u00e7in tasarlanm\u0131\u015f, net, yap\u0131land\u0131r\u0131lm\u0131\u015f, ad\u0131m ad\u0131m a\u00e7\u0131klamalar sunan ve do\u011frulanmas\u0131 kolay bir DeepSeek komut istemi. A\u015f\u0131r\u0131 detayl\u0131 i\u00e7sel mant\u0131k y\u00fcr\u00fctmeden, temel denklemlere, k\u0131sa gerek\u00e7elere ve nihai do\u011frulamaya odaklan\u0131r.<\/p>","protected":false},"excerpt":{"rendered":"<p>Matematik a\u011f\u0131rl\u0131kl\u0131 problemleri \u00e7\u00f6zmek i\u00e7in tasarlanm\u0131\u015f, net, yap\u0131land\u0131r\u0131lm\u0131\u015f, ad\u0131m ad\u0131m a\u00e7\u0131klamalar sunan ve do\u011frulanmas\u0131 kolay bir DeepSeek komut istemi. A\u015f\u0131r\u0131 detayl\u0131 i\u00e7sel mant\u0131k y\u00fcr\u00fctmeden, temel denklemlere, k\u0131sa gerek\u00e7elere ve nihai do\u011frulamaya odaklan\u0131r.<\/p>","protected":false},"featured_media":25956,"comment_status":"open","ping_status":"closed","template":"","meta":[],"product_brand":[],"product_cat":[4101],"product_tag":[],"class_list":{"0":"post-26426","1":"product","2":"type-product","3":"status-publish","4":"has-post-thumbnail","6":"product_cat-productivity-automation","8":"first","9":"instock","10":"downloadable","11":"virtual","12":"product-type-simple"},"bundled_by":[],"bundle_stock_status":"instock","bundle_stock_quantity":null,"bundle_virtual":false,"bundle_layout":"","bundle_add_to_cart_form_location":"","bundle_editable_in_cart":false,"bundle_sold_individually_context":"","bundle_item_grouping":"","bundle_min_size":"","bundle_max_size":"","bundle_price":[],"bundled_items":[],"bundle_sell_ids":[],"_links":{"self":[{"href":"https:\/\/logic-vault.com\/tr\/wp-json\/wp\/v2\/product\/26426","targetHints":{"allow":["GET"]}}],"collection":[{"href":"https:\/\/logic-vault.com\/tr\/wp-json\/wp\/v2\/product"}],"about":[{"href":"https:\/\/logic-vault.com\/tr\/wp-json\/wp\/v2\/types\/product"}],"replies":[{"embeddable":true,"href":"https:\/\/logic-vault.com\/tr\/wp-json\/wp\/v2\/comments?post=26426"}],"wp:featuredmedia":[{"embeddable":true,"href":"https:\/\/logic-vault.com\/tr\/wp-json\/wp\/v2\/media\/25956"}],"wp:attachment":[{"href":"https:\/\/logic-vault.com\/tr\/wp-json\/wp\/v2\/media?parent=26426"}],"wp:term":[{"taxonomy":"product_brand","embeddable":true,"href":"https:\/\/logic-vault.com\/tr\/wp-json\/wp\/v2\/product_brand?post=26426"},{"taxonomy":"product_cat","embeddable":true,"href":"https:\/\/logic-vault.com\/tr\/wp-json\/wp\/v2\/product_cat?post=26426"},{"taxonomy":"product_tag","embeddable":true,"href":"https:\/\/logic-vault.com\/tr\/wp-json\/wp\/v2\/product_tag?post=26426"}],"curies":[{"name":"wp","href":"https:\/\/api.w.org\/{rel}","templated":true}]}}