{"id":26423,"date":"2026-02-09T11:02:57","date_gmt":"2026-02-09T11:02:57","guid":{"rendered":"http:\/\/logic-vault.com\/?post_type=product&#038;p=26423"},"modified":"2026-02-11T13:39:46","modified_gmt":"2026-02-11T13:39:46","slug":"scalable-database-schema-design-for-an-analytics-platform-deepseek","status":"publish","type":"product","link":"https:\/\/logic-vault.com\/tr\/urun\/scalable-database-schema-design-for-an-analytics-platform-deepseek\/","title":{"rendered":"\u00d6l\u00e7eklenebilir Veritaban\u0131 \u015eemas\u0131 Tasar\u0131m\u0131: Analitik Platformu (DeepSeek)"},"content":{"rendered":"<p>Analitik platformlara \u00f6zel, \u00f6l\u00e7eklenebilir ve y\u00fcksek performansl\u0131 bir veritaban\u0131 \u015femas\u0131 tasarlamak i\u00e7in DeepSeek komut istemi. B\u00fcy\u00fck \u00f6l\u00e7ekli analitik i\u015f y\u00fckleri i\u00e7in veri modelleme, \u015fema kal\u0131plar\u0131 (y\u0131ld\u0131z\/kar tanesi), b\u00f6l\u00fcmleme, indeksleme ve ya\u015fam d\u00f6ng\u00fcs\u00fc y\u00f6netimi konular\u0131n\u0131 kapsar.<\/p>","protected":false},"excerpt":{"rendered":"<p>Analitik platformlara \u00f6zel, \u00f6l\u00e7eklenebilir ve y\u00fcksek performansl\u0131 bir veritaban\u0131 \u015femas\u0131 tasarlamak i\u00e7in DeepSeek komut istemi. B\u00fcy\u00fck \u00f6l\u00e7ekli analitik i\u015f y\u00fckleri i\u00e7in veri modelleme, \u015fema kal\u0131plar\u0131 (y\u0131ld\u0131z\/kar tanesi), b\u00f6l\u00fcmleme, indeksleme ve ya\u015fam d\u00f6ng\u00fcs\u00fc y\u00f6netimi konular\u0131n\u0131 kapsar.<\/p>","protected":false},"featured_media":25712,"comment_status":"open","ping_status":"closed","template":"","meta":[],"product_brand":[],"product_cat":[4097],"product_tag":[],"class_list":{"0":"post-26423","1":"product","2":"type-product","3":"status-publish","4":"has-post-thumbnail","6":"product_cat-design-creativity","8":"first","9":"instock","10":"downloadable","11":"virtual","12":"product-type-simple"},"bundled_by":[],"bundle_stock_status":"instock","bundle_stock_quantity":null,"bundle_virtual":false,"bundle_layout":"","bundle_add_to_cart_form_location":"","bundle_editable_in_cart":false,"bundle_sold_individually_context":"","bundle_item_grouping":"","bundle_min_size":"","bundle_max_size":"","bundle_price":[],"bundled_items":[],"bundle_sell_ids":[],"_links":{"self":[{"href":"https:\/\/logic-vault.com\/tr\/wp-json\/wp\/v2\/product\/26423","targetHints":{"allow":["GET"]}}],"collection":[{"href":"https:\/\/logic-vault.com\/tr\/wp-json\/wp\/v2\/product"}],"about":[{"href":"https:\/\/logic-vault.com\/tr\/wp-json\/wp\/v2\/types\/product"}],"replies":[{"embeddable":true,"href":"https:\/\/logic-vault.com\/tr\/wp-json\/wp\/v2\/comments?post=26423"}],"wp:featuredmedia":[{"embeddable":true,"href":"https:\/\/logic-vault.com\/tr\/wp-json\/wp\/v2\/media\/25712"}],"wp:attachment":[{"href":"https:\/\/logic-vault.com\/tr\/wp-json\/wp\/v2\/media?parent=26423"}],"wp:term":[{"taxonomy":"product_brand","embeddable":true,"href":"https:\/\/logic-vault.com\/tr\/wp-json\/wp\/v2\/product_brand?post=26423"},{"taxonomy":"product_cat","embeddable":true,"href":"https:\/\/logic-vault.com\/tr\/wp-json\/wp\/v2\/product_cat?post=26423"},{"taxonomy":"product_tag","embeddable":true,"href":"https:\/\/logic-vault.com\/tr\/wp-json\/wp\/v2\/product_tag?post=26423"}],"curies":[{"name":"wp","href":"https:\/\/api.w.org\/{rel}","templated":true}]}}