{"id":26422,"date":"2026-02-09T11:02:53","date_gmt":"2026-02-09T11:02:53","guid":{"rendered":"http:\/\/logic-vault.com\/?post_type=product&#038;p=26422"},"modified":"2026-02-11T13:39:46","modified_gmt":"2026-02-11T13:39:46","slug":"convert-poorly-written-requirements-into-a-precise-technical-specification-deepseek","status":"publish","type":"product","link":"https:\/\/logic-vault.com\/tr\/urun\/convert-poorly-written-requirements-into-a-precise-technical-specification-deepseek\/","title":{"rendered":"K\u00f6t\u00fc Yaz\u0131lm\u0131\u015f Gereksinimleri Hassas Bir Teknik Spesifikasyona D\u00f6n\u00fc\u015ft\u00fcrme (DeepSeek)"},"content":{"rendered":"<p>Belirsiz, tutars\u0131z veya k\u00f6t\u00fc yaz\u0131lm\u0131\u015f gereksinimleri net, yap\u0131land\u0131r\u0131lm\u0131\u015f ve test edilebilir bir teknik \u015fartnameye d\u00f6n\u00fc\u015ft\u00fcrmek i\u00e7in tasarlanm\u0131\u015f bir DeepSeek komutu. Payda\u015flar, \u00fcr\u00fcn y\u00f6neticileri, m\u00fchendisler ve kalite g\u00fcvence ekipleri aras\u0131ndaki bo\u015flu\u011fu doldurmak i\u00e7in idealdir.<\/p>","protected":false},"excerpt":{"rendered":"<p>Belirsiz, tutars\u0131z veya k\u00f6t\u00fc yaz\u0131lm\u0131\u015f gereksinimleri net, yap\u0131land\u0131r\u0131lm\u0131\u015f ve test edilebilir bir teknik \u015fartnameye d\u00f6n\u00fc\u015ft\u00fcrmek i\u00e7in tasarlanm\u0131\u015f bir DeepSeek komutu. Payda\u015flar, \u00fcr\u00fcn y\u00f6neticileri, m\u00fchendisler ve kalite g\u00fcvence ekipleri aras\u0131ndaki bo\u015flu\u011fu doldurmak i\u00e7in idealdir.<\/p>","protected":false},"featured_media":25712,"comment_status":"open","ping_status":"closed","template":"","meta":[],"product_brand":[],"product_cat":[4097],"product_tag":[],"class_list":{"0":"post-26422","1":"product","2":"type-product","3":"status-publish","4":"has-post-thumbnail","6":"product_cat-design-creativity","8":"first","9":"instock","10":"downloadable","11":"virtual","12":"product-type-simple"},"bundled_by":[],"bundle_stock_status":"instock","bundle_stock_quantity":null,"bundle_virtual":false,"bundle_layout":"","bundle_add_to_cart_form_location":"","bundle_editable_in_cart":false,"bundle_sold_individually_context":"","bundle_item_grouping":"","bundle_min_size":"","bundle_max_size":"","bundle_price":[],"bundled_items":[],"bundle_sell_ids":[],"_links":{"self":[{"href":"https:\/\/logic-vault.com\/tr\/wp-json\/wp\/v2\/product\/26422","targetHints":{"allow":["GET"]}}],"collection":[{"href":"https:\/\/logic-vault.com\/tr\/wp-json\/wp\/v2\/product"}],"about":[{"href":"https:\/\/logic-vault.com\/tr\/wp-json\/wp\/v2\/types\/product"}],"replies":[{"embeddable":true,"href":"https:\/\/logic-vault.com\/tr\/wp-json\/wp\/v2\/comments?post=26422"}],"wp:featuredmedia":[{"embeddable":true,"href":"https:\/\/logic-vault.com\/tr\/wp-json\/wp\/v2\/media\/25712"}],"wp:attachment":[{"href":"https:\/\/logic-vault.com\/tr\/wp-json\/wp\/v2\/media?parent=26422"}],"wp:term":[{"taxonomy":"product_brand","embeddable":true,"href":"https:\/\/logic-vault.com\/tr\/wp-json\/wp\/v2\/product_brand?post=26422"},{"taxonomy":"product_cat","embeddable":true,"href":"https:\/\/logic-vault.com\/tr\/wp-json\/wp\/v2\/product_cat?post=26422"},{"taxonomy":"product_tag","embeddable":true,"href":"https:\/\/logic-vault.com\/tr\/wp-json\/wp\/v2\/product_tag?post=26422"}],"curies":[{"name":"wp","href":"https:\/\/api.w.org\/{rel}","templated":true}]}}