{"id":26421,"date":"2026-02-09T11:02:53","date_gmt":"2026-02-09T11:02:53","guid":{"rendered":"http:\/\/logic-vault.com\/?post_type=product&#038;p=26421"},"modified":"2026-02-11T13:39:46","modified_gmt":"2026-02-11T13:39:46","slug":"algorithm-time-complexity-analysis-and-optimization-deepseek","status":"publish","type":"product","link":"https:\/\/logic-vault.com\/tr\/urun\/algorithm-time-complexity-analysis-and-optimization-deepseek\/","title":{"rendered":"Algoritma Zaman Karma\u015f\u0131kl\u0131\u011f\u0131 Analizi ve Optimizasyonu (DeepSeek)"},"content":{"rendered":"<p>Bir algoritman\u0131n zaman karma\u015f\u0131kl\u0131\u011f\u0131n\u0131n titiz analizini, performans darbo\u011fazlar\u0131n\u0131n belirlenmesini ve somut optimizasyonlar\u0131n \u00f6nerilmesini sa\u011flayan bir DeepSeek komut istemi. Kod incelemeleri, performans ayarlamas\u0131 ve algoritmalar\u0131n b\u00fcy\u00fck \u00f6l\u00e7ekli girdilere haz\u0131rlanmas\u0131 i\u00e7in idealdir.<\/p>","protected":false},"excerpt":{"rendered":"<p>Bir algoritman\u0131n zaman karma\u015f\u0131kl\u0131\u011f\u0131n\u0131n titiz analizini, performans darbo\u011fazlar\u0131n\u0131n belirlenmesini ve somut optimizasyonlar\u0131n \u00f6nerilmesini sa\u011flayan bir DeepSeek komut istemi. Kod incelemeleri, performans ayarlamas\u0131 ve algoritmalar\u0131n b\u00fcy\u00fck \u00f6l\u00e7ekli girdilere haz\u0131rlanmas\u0131 i\u00e7in idealdir.<\/p>","protected":false},"featured_media":25468,"comment_status":"open","ping_status":"closed","template":"","meta":[],"product_brand":[],"product_cat":[4091],"product_tag":[],"class_list":{"0":"post-26421","1":"product","2":"type-product","3":"status-publish","4":"has-post-thumbnail","6":"product_cat-coding-development","8":"first","9":"instock","10":"downloadable","11":"virtual","12":"product-type-simple"},"bundled_by":[],"bundle_stock_status":"instock","bundle_stock_quantity":null,"bundle_virtual":false,"bundle_layout":"","bundle_add_to_cart_form_location":"","bundle_editable_in_cart":false,"bundle_sold_individually_context":"","bundle_item_grouping":"","bundle_min_size":"","bundle_max_size":"","bundle_price":[],"bundled_items":[],"bundle_sell_ids":[],"_links":{"self":[{"href":"https:\/\/logic-vault.com\/tr\/wp-json\/wp\/v2\/product\/26421","targetHints":{"allow":["GET"]}}],"collection":[{"href":"https:\/\/logic-vault.com\/tr\/wp-json\/wp\/v2\/product"}],"about":[{"href":"https:\/\/logic-vault.com\/tr\/wp-json\/wp\/v2\/types\/product"}],"replies":[{"embeddable":true,"href":"https:\/\/logic-vault.com\/tr\/wp-json\/wp\/v2\/comments?post=26421"}],"wp:featuredmedia":[{"embeddable":true,"href":"https:\/\/logic-vault.com\/tr\/wp-json\/wp\/v2\/media\/25468"}],"wp:attachment":[{"href":"https:\/\/logic-vault.com\/tr\/wp-json\/wp\/v2\/media?parent=26421"}],"wp:term":[{"taxonomy":"product_brand","embeddable":true,"href":"https:\/\/logic-vault.com\/tr\/wp-json\/wp\/v2\/product_brand?post=26421"},{"taxonomy":"product_cat","embeddable":true,"href":"https:\/\/logic-vault.com\/tr\/wp-json\/wp\/v2\/product_cat?post=26421"},{"taxonomy":"product_tag","embeddable":true,"href":"https:\/\/logic-vault.com\/tr\/wp-json\/wp\/v2\/product_tag?post=26421"}],"curies":[{"name":"wp","href":"https:\/\/api.w.org\/{rel}","templated":true}]}}