{"id":26419,"date":"2026-02-09T11:02:53","date_gmt":"2026-02-09T11:02:53","guid":{"rendered":"http:\/\/logic-vault.com\/?post_type=product&#038;p=26419"},"modified":"2026-02-11T13:39:46","modified_gmt":"2026-02-11T13:39:46","slug":"full-microservices-architecture-planning-and-design-deepseek","status":"publish","type":"product","link":"https:\/\/logic-vault.com\/tr\/urun\/full-microservices-architecture-planning-and-design-deepseek\/","title":{"rendered":"Mikroservis Mimarisinin Tam Planlamas\u0131 ve Tasar\u0131m\u0131 (DeepSeek)"},"content":{"rendered":"<p>Mikroservis projeleri i\u00e7in eksiksiz, \u00fcretime haz\u0131r bir mimari plan\u0131 olu\u015fturmak \u00fczere tasarlanm\u0131\u015f kapsaml\u0131 bir DeepSeek komut istemi. Hizmet s\u0131n\u0131rlar\u0131, altyap\u0131, \u00f6l\u00e7eklenebilirlik, g\u00fcvenlik, veri tutarl\u0131l\u0131\u011f\u0131 ve da\u011f\u0131t\u0131m stratejisini kapsar; s\u0131f\u0131rdan sistemler veya monolit mimariden mikroservis mimariye ge\u00e7i\u015fler i\u00e7in idealdir.<\/p>","protected":false},"excerpt":{"rendered":"<p>Mikroservis projeleri i\u00e7in eksiksiz, \u00fcretime haz\u0131r bir mimari plan\u0131 olu\u015fturmak \u00fczere tasarlanm\u0131\u015f kapsaml\u0131 bir DeepSeek komut istemi. Hizmet s\u0131n\u0131rlar\u0131, altyap\u0131, \u00f6l\u00e7eklenebilirlik, g\u00fcvenlik, veri tutarl\u0131l\u0131\u011f\u0131 ve da\u011f\u0131t\u0131m stratejisini kapsar; s\u0131f\u0131rdan sistemler veya monolit mimariden mikroservis mimariye ge\u00e7i\u015fler i\u00e7in idealdir.<\/p>","protected":false},"featured_media":26677,"comment_status":"open","ping_status":"closed","template":"","meta":[],"product_brand":[],"product_cat":[4097],"product_tag":[],"class_list":{"0":"post-26419","1":"product","2":"type-product","3":"status-publish","4":"has-post-thumbnail","6":"product_cat-design-creativity","8":"first","9":"instock","10":"downloadable","11":"virtual","12":"product-type-simple"},"bundled_by":[],"bundle_stock_status":"instock","bundle_stock_quantity":null,"bundle_virtual":false,"bundle_layout":"","bundle_add_to_cart_form_location":"","bundle_editable_in_cart":false,"bundle_sold_individually_context":"","bundle_item_grouping":"","bundle_min_size":"","bundle_max_size":"","bundle_price":[],"bundled_items":[],"bundle_sell_ids":[],"_links":{"self":[{"href":"https:\/\/logic-vault.com\/tr\/wp-json\/wp\/v2\/product\/26419","targetHints":{"allow":["GET"]}}],"collection":[{"href":"https:\/\/logic-vault.com\/tr\/wp-json\/wp\/v2\/product"}],"about":[{"href":"https:\/\/logic-vault.com\/tr\/wp-json\/wp\/v2\/types\/product"}],"replies":[{"embeddable":true,"href":"https:\/\/logic-vault.com\/tr\/wp-json\/wp\/v2\/comments?post=26419"}],"wp:featuredmedia":[{"embeddable":true,"href":"https:\/\/logic-vault.com\/tr\/wp-json\/wp\/v2\/media\/26677"}],"wp:attachment":[{"href":"https:\/\/logic-vault.com\/tr\/wp-json\/wp\/v2\/media?parent=26419"}],"wp:term":[{"taxonomy":"product_brand","embeddable":true,"href":"https:\/\/logic-vault.com\/tr\/wp-json\/wp\/v2\/product_brand?post=26419"},{"taxonomy":"product_cat","embeddable":true,"href":"https:\/\/logic-vault.com\/tr\/wp-json\/wp\/v2\/product_cat?post=26419"},{"taxonomy":"product_tag","embeddable":true,"href":"https:\/\/logic-vault.com\/tr\/wp-json\/wp\/v2\/product_tag?post=26419"}],"curies":[{"name":"wp","href":"https:\/\/api.w.org\/{rel}","templated":true}]}}