{"id":26416,"date":"2026-02-09T11:02:53","date_gmt":"2026-02-09T11:02:53","guid":{"rendered":"http:\/\/logic-vault.com\/?post_type=product&#038;p=26416"},"modified":"2026-02-11T13:39:46","modified_gmt":"2026-02-11T13:39:46","slug":"explain-complex-technical-concepts-in-simple-structured-steps-deepseek","status":"publish","type":"product","link":"https:\/\/logic-vault.com\/tr\/urun\/explain-complex-technical-concepts-in-simple-structured-steps-deepseek\/","title":{"rendered":"Karma\u015f\u0131k Teknik Kavramlar\u0131 Basit ve Yap\u0131land\u0131r\u0131lm\u0131\u015f Ad\u0131mlarla A\u00e7\u0131klay\u0131n (DeepSeek)"},"content":{"rendered":"<p>Karma\u015f\u0131k teknik kavramlar\u0131 basit, yap\u0131land\u0131r\u0131lm\u0131\u015f ve kolay anla\u015f\u0131l\u0131r ad\u0131mlara ay\u0131rmak i\u00e7in tasarlanm\u0131\u015f bir DeepSeek komutu. Yeni kullan\u0131c\u0131lar\u0131n sisteme entegrasyonu, payda\u015f ileti\u015fimi, \u00fcr\u00fcn e\u011fitimi ve teknik fikirleri teknik olmayan kitlelere a\u00e7\u0131klamak i\u00e7in idealdir.<\/p>","protected":false},"excerpt":{"rendered":"<p>Karma\u015f\u0131k teknik kavramlar\u0131 basit, yap\u0131land\u0131r\u0131lm\u0131\u015f ve kolay anla\u015f\u0131l\u0131r ad\u0131mlara ay\u0131rmak i\u00e7in tasarlanm\u0131\u015f bir DeepSeek komutu. Yeni kullan\u0131c\u0131lar\u0131n sisteme entegrasyonu, payda\u015f ileti\u015fimi, \u00fcr\u00fcn e\u011fitimi ve teknik fikirleri teknik olmayan kitlelere a\u00e7\u0131klamak i\u00e7in idealdir.<\/p>","protected":false},"featured_media":25712,"comment_status":"open","ping_status":"closed","template":"","meta":[],"product_brand":[],"product_cat":[4097],"product_tag":[],"class_list":{"0":"post-26416","1":"product","2":"type-product","3":"status-publish","4":"has-post-thumbnail","6":"product_cat-design-creativity","8":"first","9":"instock","10":"downloadable","11":"virtual","12":"product-type-simple"},"bundled_by":[],"bundle_stock_status":"instock","bundle_stock_quantity":null,"bundle_virtual":false,"bundle_layout":"","bundle_add_to_cart_form_location":"","bundle_editable_in_cart":false,"bundle_sold_individually_context":"","bundle_item_grouping":"","bundle_min_size":"","bundle_max_size":"","bundle_price":[],"bundled_items":[],"bundle_sell_ids":[],"_links":{"self":[{"href":"https:\/\/logic-vault.com\/tr\/wp-json\/wp\/v2\/product\/26416","targetHints":{"allow":["GET"]}}],"collection":[{"href":"https:\/\/logic-vault.com\/tr\/wp-json\/wp\/v2\/product"}],"about":[{"href":"https:\/\/logic-vault.com\/tr\/wp-json\/wp\/v2\/types\/product"}],"replies":[{"embeddable":true,"href":"https:\/\/logic-vault.com\/tr\/wp-json\/wp\/v2\/comments?post=26416"}],"wp:featuredmedia":[{"embeddable":true,"href":"https:\/\/logic-vault.com\/tr\/wp-json\/wp\/v2\/media\/25712"}],"wp:attachment":[{"href":"https:\/\/logic-vault.com\/tr\/wp-json\/wp\/v2\/media?parent=26416"}],"wp:term":[{"taxonomy":"product_brand","embeddable":true,"href":"https:\/\/logic-vault.com\/tr\/wp-json\/wp\/v2\/product_brand?post=26416"},{"taxonomy":"product_cat","embeddable":true,"href":"https:\/\/logic-vault.com\/tr\/wp-json\/wp\/v2\/product_cat?post=26416"},{"taxonomy":"product_tag","embeddable":true,"href":"https:\/\/logic-vault.com\/tr\/wp-json\/wp\/v2\/product_tag?post=26416"}],"curies":[{"name":"wp","href":"https:\/\/api.w.org\/{rel}","templated":true}]}}