{"id":26415,"date":"2026-02-09T11:02:53","date_gmt":"2026-02-09T11:02:53","guid":{"rendered":"http:\/\/logic-vault.com\/?post_type=product&#038;p=26415"},"modified":"2026-02-11T13:39:46","modified_gmt":"2026-02-11T13:39:46","slug":"financial-model-vulnerability-analysis-and-remediation-deepseek","status":"publish","type":"product","link":"https:\/\/logic-vault.com\/tr\/urun\/financial-model-vulnerability-analysis-and-remediation-deepseek\/","title":{"rendered":"Finansal Model G\u00fcvenlik A\u00e7\u0131\u011f\u0131 Analizi ve Giderilmesi (DeepSeek)"},"content":{"rendered":"<p>Finansal modellerdeki g\u00fcvenlik a\u00e7\u0131klar\u0131n\u0131, gizli riskleri ve k\u0131r\u0131lgan varsay\u0131mlar\u0131 ortaya \u00e7\u0131karmak ve ard\u0131ndan somut, karar al\u0131nabilir \u00e7\u00f6z\u00fcmler \u00f6nermek i\u00e7in tasarlanm\u0131\u015f bir DeepSeek arac\u0131. Finans ekipleri, risk y\u00f6netimi, finansal planlama ve analiz (FP&amp;A) ve yat\u0131r\u0131mc\u0131ya haz\u0131r modelleme i\u00e7in idealdir.<\/p>","protected":false},"excerpt":{"rendered":"<p>Finansal modellerdeki g\u00fcvenlik a\u00e7\u0131klar\u0131n\u0131, gizli riskleri ve k\u0131r\u0131lgan varsay\u0131mlar\u0131 ortaya \u00e7\u0131karmak ve ard\u0131ndan somut, karar al\u0131nabilir \u00e7\u00f6z\u00fcmler \u00f6nermek i\u00e7in tasarlanm\u0131\u015f bir DeepSeek arac\u0131. Finans ekipleri, risk y\u00f6netimi, finansal planlama ve analiz (FP&amp;A) ve yat\u0131r\u0131mc\u0131ya haz\u0131r modelleme i\u00e7in idealdir.<\/p>","protected":false},"featured_media":25712,"comment_status":"open","ping_status":"closed","template":"","meta":[],"product_brand":[],"product_cat":[4097],"product_tag":[],"class_list":{"0":"post-26415","1":"product","2":"type-product","3":"status-publish","4":"has-post-thumbnail","6":"product_cat-design-creativity","8":"first","9":"instock","10":"downloadable","11":"virtual","12":"product-type-simple"},"bundled_by":[],"bundle_stock_status":"instock","bundle_stock_quantity":null,"bundle_virtual":false,"bundle_layout":"","bundle_add_to_cart_form_location":"","bundle_editable_in_cart":false,"bundle_sold_individually_context":"","bundle_item_grouping":"","bundle_min_size":"","bundle_max_size":"","bundle_price":[],"bundled_items":[],"bundle_sell_ids":[],"_links":{"self":[{"href":"https:\/\/logic-vault.com\/tr\/wp-json\/wp\/v2\/product\/26415","targetHints":{"allow":["GET"]}}],"collection":[{"href":"https:\/\/logic-vault.com\/tr\/wp-json\/wp\/v2\/product"}],"about":[{"href":"https:\/\/logic-vault.com\/tr\/wp-json\/wp\/v2\/types\/product"}],"replies":[{"embeddable":true,"href":"https:\/\/logic-vault.com\/tr\/wp-json\/wp\/v2\/comments?post=26415"}],"wp:featuredmedia":[{"embeddable":true,"href":"https:\/\/logic-vault.com\/tr\/wp-json\/wp\/v2\/media\/25712"}],"wp:attachment":[{"href":"https:\/\/logic-vault.com\/tr\/wp-json\/wp\/v2\/media?parent=26415"}],"wp:term":[{"taxonomy":"product_brand","embeddable":true,"href":"https:\/\/logic-vault.com\/tr\/wp-json\/wp\/v2\/product_brand?post=26415"},{"taxonomy":"product_cat","embeddable":true,"href":"https:\/\/logic-vault.com\/tr\/wp-json\/wp\/v2\/product_cat?post=26415"},{"taxonomy":"product_tag","embeddable":true,"href":"https:\/\/logic-vault.com\/tr\/wp-json\/wp\/v2\/product_tag?post=26415"}],"curies":[{"name":"wp","href":"https:\/\/api.w.org\/{rel}","templated":true}]}}