{"id":26414,"date":"2026-02-09T11:02:53","date_gmt":"2026-02-09T11:02:53","guid":{"rendered":"http:\/\/logic-vault.com\/?post_type=product&#038;p=26414"},"modified":"2026-02-11T13:39:46","modified_gmt":"2026-02-11T13:39:46","slug":"backend-code-refactoring-into-clean-scalable-architecture-deepseek","status":"publish","type":"product","link":"https:\/\/logic-vault.com\/tr\/urun\/backend-code-refactoring-into-clean-scalable-architecture-deepseek\/","title":{"rendered":"Arka U\u00e7 Kodunun Temiz ve \u00d6l\u00e7eklenebilir Bir Mimariye Yeniden Yap\u0131land\u0131r\u0131lmas\u0131 (DeepSeek)"},"content":{"rendered":"<p>DeepSeek&#039;in, karma\u015f\u0131k veya eski arka u\u00e7 kodunu temiz, \u00f6l\u00e7eklenebilir ve bak\u0131m\u0131 kolay bir mimariye d\u00f6n\u00fc\u015ft\u00fcrmeye odaklanan bir arama komutu. Monolit kodlar\u0131 yeniden yap\u0131land\u0131rmak, h\u0131zla b\u00fcy\u00fcyen kod tabanlar\u0131n\u0131 stabilize etmek ve sistemleri uzun vadeli \u00f6l\u00e7eklendirmeye haz\u0131rlamak i\u00e7in idealdir.<\/p>","protected":false},"excerpt":{"rendered":"<p>DeepSeek&#039;in, karma\u015f\u0131k veya eski arka u\u00e7 kodunu temiz, \u00f6l\u00e7eklenebilir ve bak\u0131m\u0131 kolay bir mimariye d\u00f6n\u00fc\u015ft\u00fcrmeye odaklanan bir arama komutu. Monolit kodlar\u0131 yeniden yap\u0131land\u0131rmak, h\u0131zla b\u00fcy\u00fcyen kod tabanlar\u0131n\u0131 stabilize etmek ve sistemleri uzun vadeli \u00f6l\u00e7eklendirmeye haz\u0131rlamak i\u00e7in idealdir.<\/p>","protected":false},"featured_media":25468,"comment_status":"open","ping_status":"closed","template":"","meta":[],"product_brand":[],"product_cat":[4091],"product_tag":[],"class_list":{"0":"post-26414","1":"product","2":"type-product","3":"status-publish","4":"has-post-thumbnail","6":"product_cat-coding-development","8":"first","9":"instock","10":"downloadable","11":"virtual","12":"product-type-simple"},"bundled_by":[],"bundle_stock_status":"instock","bundle_stock_quantity":null,"bundle_virtual":false,"bundle_layout":"","bundle_add_to_cart_form_location":"","bundle_editable_in_cart":false,"bundle_sold_individually_context":"","bundle_item_grouping":"","bundle_min_size":"","bundle_max_size":"","bundle_price":[],"bundled_items":[],"bundle_sell_ids":[],"_links":{"self":[{"href":"https:\/\/logic-vault.com\/tr\/wp-json\/wp\/v2\/product\/26414","targetHints":{"allow":["GET"]}}],"collection":[{"href":"https:\/\/logic-vault.com\/tr\/wp-json\/wp\/v2\/product"}],"about":[{"href":"https:\/\/logic-vault.com\/tr\/wp-json\/wp\/v2\/types\/product"}],"replies":[{"embeddable":true,"href":"https:\/\/logic-vault.com\/tr\/wp-json\/wp\/v2\/comments?post=26414"}],"wp:featuredmedia":[{"embeddable":true,"href":"https:\/\/logic-vault.com\/tr\/wp-json\/wp\/v2\/media\/25468"}],"wp:attachment":[{"href":"https:\/\/logic-vault.com\/tr\/wp-json\/wp\/v2\/media?parent=26414"}],"wp:term":[{"taxonomy":"product_brand","embeddable":true,"href":"https:\/\/logic-vault.com\/tr\/wp-json\/wp\/v2\/product_brand?post=26414"},{"taxonomy":"product_cat","embeddable":true,"href":"https:\/\/logic-vault.com\/tr\/wp-json\/wp\/v2\/product_cat?post=26414"},{"taxonomy":"product_tag","embeddable":true,"href":"https:\/\/logic-vault.com\/tr\/wp-json\/wp\/v2\/product_tag?post=26414"}],"curies":[{"name":"wp","href":"https:\/\/api.w.org\/{rel}","templated":true}]}}