{"id":26412,"date":"2026-02-09T11:02:53","date_gmt":"2026-02-09T11:02:53","guid":{"rendered":"http:\/\/logic-vault.com\/?post_type=product&#038;p=26412"},"modified":"2026-02-11T13:39:46","modified_gmt":"2026-02-11T13:39:46","slug":"colorful-abstract-representation-of-big-data-analytics","status":"publish","type":"product","link":"https:\/\/logic-vault.com\/tr\/urun\/colorful-abstract-representation-of-big-data-analytics\/","title":{"rendered":"B\u00fcy\u00fck Veri Analiti\u011finin Renkli Soyut Temsili"},"content":{"rendered":"<p>Bu komut, dinamik geometri ve zengin renk ge\u00e7i\u015fleri kullanarak b\u00fcy\u00fck veri analiti\u011finin canl\u0131 ve soyut bir g\u00f6rselle\u015ftirmesini olu\u015fturur. Veri odakl\u0131 i\u00e7g\u00f6r\u00fcleri, analitik platformlar\u0131 ve modern BI kavramlar\u0131n\u0131 sunumlarda, marka olu\u015fturmada ve teknoloji hikaye anlat\u0131m\u0131nda g\u00f6stermek i\u00e7in idealdir.<\/p>","protected":false},"excerpt":{"rendered":"<p>Bu komut, dinamik geometri ve zengin renk ge\u00e7i\u015fleri kullanarak b\u00fcy\u00fck veri analiti\u011finin canl\u0131 ve soyut bir g\u00f6rselle\u015ftirmesini olu\u015fturur. Veri odakl\u0131 i\u00e7g\u00f6r\u00fcleri, analitik platformlar\u0131 ve modern BI kavramlar\u0131n\u0131 sunumlarda, marka olu\u015fturmada ve teknoloji hikaye anlat\u0131m\u0131nda g\u00f6stermek i\u00e7in idealdir.<\/p>","protected":false},"featured_media":25529,"comment_status":"open","ping_status":"closed","template":"","meta":[],"product_brand":[],"product_cat":[4094],"product_tag":[],"class_list":{"0":"post-26412","1":"product","2":"type-product","3":"status-publish","4":"has-post-thumbnail","6":"product_cat-business-marketing","8":"first","9":"instock","10":"downloadable","11":"virtual","12":"product-type-simple"},"bundled_by":[],"bundle_stock_status":"instock","bundle_stock_quantity":null,"bundle_virtual":false,"bundle_layout":"","bundle_add_to_cart_form_location":"","bundle_editable_in_cart":false,"bundle_sold_individually_context":"","bundle_item_grouping":"","bundle_min_size":"","bundle_max_size":"","bundle_price":[],"bundled_items":[],"bundle_sell_ids":[],"_links":{"self":[{"href":"https:\/\/logic-vault.com\/tr\/wp-json\/wp\/v2\/product\/26412","targetHints":{"allow":["GET"]}}],"collection":[{"href":"https:\/\/logic-vault.com\/tr\/wp-json\/wp\/v2\/product"}],"about":[{"href":"https:\/\/logic-vault.com\/tr\/wp-json\/wp\/v2\/types\/product"}],"replies":[{"embeddable":true,"href":"https:\/\/logic-vault.com\/tr\/wp-json\/wp\/v2\/comments?post=26412"}],"wp:featuredmedia":[{"embeddable":true,"href":"https:\/\/logic-vault.com\/tr\/wp-json\/wp\/v2\/media\/25529"}],"wp:attachment":[{"href":"https:\/\/logic-vault.com\/tr\/wp-json\/wp\/v2\/media?parent=26412"}],"wp:term":[{"taxonomy":"product_brand","embeddable":true,"href":"https:\/\/logic-vault.com\/tr\/wp-json\/wp\/v2\/product_brand?post=26412"},{"taxonomy":"product_cat","embeddable":true,"href":"https:\/\/logic-vault.com\/tr\/wp-json\/wp\/v2\/product_cat?post=26412"},{"taxonomy":"product_tag","embeddable":true,"href":"https:\/\/logic-vault.com\/tr\/wp-json\/wp\/v2\/product_tag?post=26412"}],"curies":[{"name":"wp","href":"https:\/\/api.w.org\/{rel}","templated":true}]}}