{"id":26410,"date":"2026-02-09T11:02:53","date_gmt":"2026-02-09T11:02:53","guid":{"rendered":"http:\/\/logic-vault.com\/?post_type=product&#038;p=26410"},"modified":"2026-02-11T13:39:46","modified_gmt":"2026-02-11T13:39:46","slug":"next-generation-supercomputer-concept-art","status":"publish","type":"product","link":"https:\/\/logic-vault.com\/tr\/urun\/next-generation-supercomputer-concept-art\/","title":{"rendered":"Yeni Nesil S\u00fcper Bilgisayar Konsept \u00c7izimi"},"content":{"rendered":"<p>Bu komut, a\u015f\u0131r\u0131 \u00f6l\u00e7ekli hesaplama ve yapay zeka i\u015f y\u00fckleri i\u00e7in tasarlanm\u0131\u015f yeni nesil bir s\u00fcper bilgisayar\u0131n sinematik konsept \u00e7izimlerini olu\u015fturur. Ara\u015ft\u0131rma, pazarlama ve y\u00f6netici sunumlar\u0131nda y\u00fcksek performansl\u0131 hesaplama, yapay zeka altyap\u0131s\u0131 ve gelece\u011fin teknoloji vizyonlar\u0131n\u0131 g\u00f6rselle\u015ftirmek i\u00e7in idealdir.<\/p>","protected":false},"excerpt":{"rendered":"<p>Bu komut, a\u015f\u0131r\u0131 \u00f6l\u00e7ekli hesaplama ve yapay zeka i\u015f y\u00fckleri i\u00e7in tasarlanm\u0131\u015f yeni nesil bir s\u00fcper bilgisayar\u0131n sinematik konsept \u00e7izimlerini olu\u015fturur. Ara\u015ft\u0131rma, pazarlama ve y\u00f6netici sunumlar\u0131nda y\u00fcksek performansl\u0131 hesaplama, yapay zeka altyap\u0131s\u0131 ve gelece\u011fin teknoloji vizyonlar\u0131n\u0131 g\u00f6rselle\u015ftirmek i\u00e7in idealdir.<\/p>","protected":false},"featured_media":25529,"comment_status":"open","ping_status":"closed","template":"","meta":[],"product_brand":[],"product_cat":[4094],"product_tag":[],"class_list":{"0":"post-26410","1":"product","2":"type-product","3":"status-publish","4":"has-post-thumbnail","6":"product_cat-business-marketing","8":"first","9":"instock","10":"downloadable","11":"virtual","12":"product-type-simple"},"bundled_by":[],"bundle_stock_status":"instock","bundle_stock_quantity":null,"bundle_virtual":false,"bundle_layout":"","bundle_add_to_cart_form_location":"","bundle_editable_in_cart":false,"bundle_sold_individually_context":"","bundle_item_grouping":"","bundle_min_size":"","bundle_max_size":"","bundle_price":[],"bundled_items":[],"bundle_sell_ids":[],"_links":{"self":[{"href":"https:\/\/logic-vault.com\/tr\/wp-json\/wp\/v2\/product\/26410","targetHints":{"allow":["GET"]}}],"collection":[{"href":"https:\/\/logic-vault.com\/tr\/wp-json\/wp\/v2\/product"}],"about":[{"href":"https:\/\/logic-vault.com\/tr\/wp-json\/wp\/v2\/types\/product"}],"replies":[{"embeddable":true,"href":"https:\/\/logic-vault.com\/tr\/wp-json\/wp\/v2\/comments?post=26410"}],"wp:featuredmedia":[{"embeddable":true,"href":"https:\/\/logic-vault.com\/tr\/wp-json\/wp\/v2\/media\/25529"}],"wp:attachment":[{"href":"https:\/\/logic-vault.com\/tr\/wp-json\/wp\/v2\/media?parent=26410"}],"wp:term":[{"taxonomy":"product_brand","embeddable":true,"href":"https:\/\/logic-vault.com\/tr\/wp-json\/wp\/v2\/product_brand?post=26410"},{"taxonomy":"product_cat","embeddable":true,"href":"https:\/\/logic-vault.com\/tr\/wp-json\/wp\/v2\/product_cat?post=26410"},{"taxonomy":"product_tag","embeddable":true,"href":"https:\/\/logic-vault.com\/tr\/wp-json\/wp\/v2\/product_tag?post=26410"}],"curies":[{"name":"wp","href":"https:\/\/api.w.org\/{rel}","templated":true}]}}