{"id":26409,"date":"2026-02-09T11:02:52","date_gmt":"2026-02-09T11:02:52","guid":{"rendered":"http:\/\/logic-vault.com\/?post_type=product&#038;p=26409"},"modified":"2026-02-11T13:39:46","modified_gmt":"2026-02-11T13:39:46","slug":"futuristic-technology-focused-university-campus","status":"publish","type":"product","link":"https:\/\/logic-vault.com\/tr\/urun\/futuristic-technology-focused-university-campus\/","title":{"rendered":"Gelecek\u00e7i Teknoloji Odakl\u0131 \u00dcniversite Kamp\u00fcs\u00fc"},"content":{"rendered":"<p>Bu komut, teknoloji, inovasyon ve geli\u015fmi\u015f \u00f6\u011frenme ortamlar\u0131na odaklanan f\u00fct\u00fcristik bir \u00fcniversite kamp\u00fcs\u00fcn\u00fcn sinematik bir g\u00f6rselle\u015ftirmesini olu\u015fturur. E\u011fitimin, ara\u015ft\u0131rma merkezlerinin ve teknoloji odakl\u0131 akademik kurumlar\u0131n gelece\u011fini g\u00f6rselle\u015ftirmek i\u00e7in idealdir.<\/p>","protected":false},"excerpt":{"rendered":"<p>Bu komut, teknoloji, inovasyon ve geli\u015fmi\u015f \u00f6\u011frenme ortamlar\u0131na odaklanan f\u00fct\u00fcristik bir \u00fcniversite kamp\u00fcs\u00fcn\u00fcn sinematik bir g\u00f6rselle\u015ftirmesini olu\u015fturur. E\u011fitimin, ara\u015ft\u0131rma merkezlerinin ve teknoloji odakl\u0131 akademik kurumlar\u0131n gelece\u011fini g\u00f6rselle\u015ftirmek i\u00e7in idealdir.<\/p>","protected":false},"featured_media":25773,"comment_status":"open","ping_status":"closed","template":"","meta":[],"product_brand":[],"product_cat":[4098],"product_tag":[],"class_list":{"0":"post-26409","1":"product","2":"type-product","3":"status-publish","4":"has-post-thumbnail","6":"product_cat-education-learning","8":"first","9":"instock","10":"downloadable","11":"virtual","12":"product-type-simple"},"bundled_by":[],"bundle_stock_status":"instock","bundle_stock_quantity":null,"bundle_virtual":false,"bundle_layout":"","bundle_add_to_cart_form_location":"","bundle_editable_in_cart":false,"bundle_sold_individually_context":"","bundle_item_grouping":"","bundle_min_size":"","bundle_max_size":"","bundle_price":[],"bundled_items":[],"bundle_sell_ids":[],"_links":{"self":[{"href":"https:\/\/logic-vault.com\/tr\/wp-json\/wp\/v2\/product\/26409","targetHints":{"allow":["GET"]}}],"collection":[{"href":"https:\/\/logic-vault.com\/tr\/wp-json\/wp\/v2\/product"}],"about":[{"href":"https:\/\/logic-vault.com\/tr\/wp-json\/wp\/v2\/types\/product"}],"replies":[{"embeddable":true,"href":"https:\/\/logic-vault.com\/tr\/wp-json\/wp\/v2\/comments?post=26409"}],"wp:featuredmedia":[{"embeddable":true,"href":"https:\/\/logic-vault.com\/tr\/wp-json\/wp\/v2\/media\/25773"}],"wp:attachment":[{"href":"https:\/\/logic-vault.com\/tr\/wp-json\/wp\/v2\/media?parent=26409"}],"wp:term":[{"taxonomy":"product_brand","embeddable":true,"href":"https:\/\/logic-vault.com\/tr\/wp-json\/wp\/v2\/product_brand?post=26409"},{"taxonomy":"product_cat","embeddable":true,"href":"https:\/\/logic-vault.com\/tr\/wp-json\/wp\/v2\/product_cat?post=26409"},{"taxonomy":"product_tag","embeddable":true,"href":"https:\/\/logic-vault.com\/tr\/wp-json\/wp\/v2\/product_tag?post=26409"}],"curies":[{"name":"wp","href":"https:\/\/api.w.org\/{rel}","templated":true}]}}