{"id":26408,"date":"2026-02-09T11:02:52","date_gmt":"2026-02-09T11:02:52","guid":{"rendered":"http:\/\/logic-vault.com\/?post_type=product&#038;p=26408"},"modified":"2026-02-11T13:39:45","modified_gmt":"2026-02-11T13:39:45","slug":"ai-tool-sorting-and-organizing-digital-files","status":"publish","type":"product","link":"https:\/\/logic-vault.com\/tr\/urun\/ai-tool-sorting-and-organizing-digital-files\/","title":{"rendered":"Yapay Zeka Arac\u0131 ile Dijital Dosyalar\u0131n S\u0131ralanmas\u0131 ve D\u00fczenlenmesi"},"content":{"rendered":"<p>Bu komut, dijital dosyalar\u0131 otomatik olarak s\u0131ralayan ve d\u00fczenleyen bir yapay zeka arac\u0131n\u0131n soyut, f\u00fct\u00fcristik bir g\u00f6rselle\u015ftirmesini olu\u015fturur. SaaS pazarlamas\u0131nda ve \u00fcr\u00fcn hikaye anlat\u0131m\u0131nda yapay zeka destekli \u00fcretkenlik, belge y\u00f6netimi ve ak\u0131ll\u0131 organizasyon sistemlerini g\u00f6stermek i\u00e7in idealdir.<\/p>","protected":false},"excerpt":{"rendered":"<p>Bu komut, dijital dosyalar\u0131 otomatik olarak s\u0131ralayan ve d\u00fczenleyen bir yapay zeka arac\u0131n\u0131n soyut, f\u00fct\u00fcristik bir g\u00f6rselle\u015ftirmesini olu\u015fturur. SaaS pazarlamas\u0131nda ve \u00fcr\u00fcn hikaye anlat\u0131m\u0131nda yapay zeka destekli \u00fcretkenlik, belge y\u00f6netimi ve ak\u0131ll\u0131 organizasyon sistemlerini g\u00f6stermek i\u00e7in idealdir.<\/p>","protected":false},"featured_media":25529,"comment_status":"open","ping_status":"closed","template":"","meta":[],"product_brand":[],"product_cat":[4094],"product_tag":[],"class_list":{"0":"post-26408","1":"product","2":"type-product","3":"status-publish","4":"has-post-thumbnail","6":"product_cat-business-marketing","8":"first","9":"instock","10":"downloadable","11":"virtual","12":"product-type-simple"},"bundled_by":[],"bundle_stock_status":"instock","bundle_stock_quantity":null,"bundle_virtual":false,"bundle_layout":"","bundle_add_to_cart_form_location":"","bundle_editable_in_cart":false,"bundle_sold_individually_context":"","bundle_item_grouping":"","bundle_min_size":"","bundle_max_size":"","bundle_price":[],"bundled_items":[],"bundle_sell_ids":[],"_links":{"self":[{"href":"https:\/\/logic-vault.com\/tr\/wp-json\/wp\/v2\/product\/26408","targetHints":{"allow":["GET"]}}],"collection":[{"href":"https:\/\/logic-vault.com\/tr\/wp-json\/wp\/v2\/product"}],"about":[{"href":"https:\/\/logic-vault.com\/tr\/wp-json\/wp\/v2\/types\/product"}],"replies":[{"embeddable":true,"href":"https:\/\/logic-vault.com\/tr\/wp-json\/wp\/v2\/comments?post=26408"}],"wp:featuredmedia":[{"embeddable":true,"href":"https:\/\/logic-vault.com\/tr\/wp-json\/wp\/v2\/media\/25529"}],"wp:attachment":[{"href":"https:\/\/logic-vault.com\/tr\/wp-json\/wp\/v2\/media?parent=26408"}],"wp:term":[{"taxonomy":"product_brand","embeddable":true,"href":"https:\/\/logic-vault.com\/tr\/wp-json\/wp\/v2\/product_brand?post=26408"},{"taxonomy":"product_cat","embeddable":true,"href":"https:\/\/logic-vault.com\/tr\/wp-json\/wp\/v2\/product_cat?post=26408"},{"taxonomy":"product_tag","embeddable":true,"href":"https:\/\/logic-vault.com\/tr\/wp-json\/wp\/v2\/product_tag?post=26408"}],"curies":[{"name":"wp","href":"https:\/\/api.w.org\/{rel}","templated":true}]}}