{"id":26406,"date":"2026-02-09T11:02:52","date_gmt":"2026-02-09T11:02:52","guid":{"rendered":"http:\/\/logic-vault.com\/?post_type=product&#038;p=26406"},"modified":"2026-02-10T12:02:19","modified_gmt":"2026-02-10T12:02:19","slug":"advanced-robot-assistant-navigating-a-modern-home","status":"publish","type":"product","link":"https:\/\/logic-vault.com\/tr\/urun\/advanced-robot-assistant-navigating-a-modern-home\/","title":{"rendered":"Geli\u015fmi\u015f Robot Asistan\u0131 Modern Bir Evde Gezinme"},"content":{"rendered":"<p>Bu komut, modern bir ak\u0131ll\u0131 evin i\u00e7inde \u00e7al\u0131\u015fan geli\u015fmi\u015f bir robot asistan\u0131n ger\u00e7ek\u00e7i ve iyimser bir g\u00f6rselle\u015ftirmesini olu\u015fturur. T\u00fcketici yapay zekas\u0131, ev robotlar\u0131, ak\u0131ll\u0131 ya\u015fam ve gelece\u011fin ya\u015fam tarz\u0131 kavramlar\u0131n\u0131 \u00fcr\u00fcn pazarlamas\u0131nda ve hikaye anlat\u0131m\u0131nda g\u00f6stermek i\u00e7in idealdir.<\/p>","protected":false},"excerpt":{"rendered":"<p>Bu komut, modern bir ak\u0131ll\u0131 evin i\u00e7inde \u00e7al\u0131\u015fan geli\u015fmi\u015f bir robot asistan\u0131n ger\u00e7ek\u00e7i ve iyimser bir g\u00f6rselle\u015ftirmesini olu\u015fturur. T\u00fcketici yapay zekas\u0131, ev robotlar\u0131, ak\u0131ll\u0131 ya\u015fam ve gelece\u011fin ya\u015fam tarz\u0131 kavramlar\u0131n\u0131 \u00fcr\u00fcn pazarlamas\u0131nda ve hikaye anlat\u0131m\u0131nda g\u00f6stermek i\u00e7in idealdir.<\/p>","protected":false},"featured_media":26656,"comment_status":"open","ping_status":"closed","template":"","meta":[],"product_brand":[],"product_cat":[4091],"product_tag":[],"class_list":{"0":"post-26406","1":"product","2":"type-product","3":"status-publish","4":"has-post-thumbnail","6":"product_cat-coding-development","8":"first","9":"instock","10":"downloadable","11":"virtual","12":"product-type-simple"},"bundled_by":[],"bundle_stock_status":"instock","bundle_stock_quantity":null,"bundle_virtual":false,"bundle_layout":"","bundle_add_to_cart_form_location":"","bundle_editable_in_cart":false,"bundle_sold_individually_context":"","bundle_item_grouping":"","bundle_min_size":"","bundle_max_size":"","bundle_price":[],"bundled_items":[],"bundle_sell_ids":[],"_links":{"self":[{"href":"https:\/\/logic-vault.com\/tr\/wp-json\/wp\/v2\/product\/26406","targetHints":{"allow":["GET"]}}],"collection":[{"href":"https:\/\/logic-vault.com\/tr\/wp-json\/wp\/v2\/product"}],"about":[{"href":"https:\/\/logic-vault.com\/tr\/wp-json\/wp\/v2\/types\/product"}],"replies":[{"embeddable":true,"href":"https:\/\/logic-vault.com\/tr\/wp-json\/wp\/v2\/comments?post=26406"}],"wp:featuredmedia":[{"embeddable":true,"href":"https:\/\/logic-vault.com\/tr\/wp-json\/wp\/v2\/media\/26656"}],"wp:attachment":[{"href":"https:\/\/logic-vault.com\/tr\/wp-json\/wp\/v2\/media?parent=26406"}],"wp:term":[{"taxonomy":"product_brand","embeddable":true,"href":"https:\/\/logic-vault.com\/tr\/wp-json\/wp\/v2\/product_brand?post=26406"},{"taxonomy":"product_cat","embeddable":true,"href":"https:\/\/logic-vault.com\/tr\/wp-json\/wp\/v2\/product_cat?post=26406"},{"taxonomy":"product_tag","embeddable":true,"href":"https:\/\/logic-vault.com\/tr\/wp-json\/wp\/v2\/product_tag?post=26406"}],"curies":[{"name":"wp","href":"https:\/\/api.w.org\/{rel}","templated":true}]}}