{"id":26405,"date":"2026-02-09T11:02:52","date_gmt":"2026-02-09T11:02:52","guid":{"rendered":"http:\/\/logic-vault.com\/?post_type=product&#038;p=26405"},"modified":"2026-02-11T13:39:45","modified_gmt":"2026-02-11T13:39:45","slug":"innovation-concept-visualized-with-geometric-shapes","status":"publish","type":"product","link":"https:\/\/logic-vault.com\/tr\/urun\/innovation-concept-visualized-with-geometric-shapes\/","title":{"rendered":"Geometrik \u015eekillerle G\u00f6rselle\u015ftirilen \u0130novasyon Konsepti"},"content":{"rendered":"<p>This prompt generates an abstract visualization of innovation using evolving geometric shapes and dynamic composition. It\u2019s ideal for illustrating creativity, strategic thinking, and forward momentum in presentations, branding, and thought-leadership visuals.<\/p>","protected":false},"excerpt":{"rendered":"<p>This prompt generates an abstract visualization of innovation using evolving geometric shapes and dynamic composition. It\u2019s ideal for illustrating creativity, strategic thinking, and forward momentum in presentations, branding, and thought-leadership visuals.<\/p>","protected":false},"featured_media":25529,"comment_status":"open","ping_status":"closed","template":"","meta":[],"product_brand":[],"product_cat":[4094],"product_tag":[],"class_list":{"0":"post-26405","1":"product","2":"type-product","3":"status-publish","4":"has-post-thumbnail","6":"product_cat-business-marketing","8":"first","9":"instock","10":"downloadable","11":"virtual","12":"product-type-simple"},"bundled_by":[],"bundle_stock_status":"instock","bundle_stock_quantity":null,"bundle_virtual":false,"bundle_layout":"","bundle_add_to_cart_form_location":"","bundle_editable_in_cart":false,"bundle_sold_individually_context":"","bundle_item_grouping":"","bundle_min_size":"","bundle_max_size":"","bundle_price":[],"bundled_items":[],"bundle_sell_ids":[],"_links":{"self":[{"href":"https:\/\/logic-vault.com\/tr\/wp-json\/wp\/v2\/product\/26405","targetHints":{"allow":["GET"]}}],"collection":[{"href":"https:\/\/logic-vault.com\/tr\/wp-json\/wp\/v2\/product"}],"about":[{"href":"https:\/\/logic-vault.com\/tr\/wp-json\/wp\/v2\/types\/product"}],"replies":[{"embeddable":true,"href":"https:\/\/logic-vault.com\/tr\/wp-json\/wp\/v2\/comments?post=26405"}],"wp:featuredmedia":[{"embeddable":true,"href":"https:\/\/logic-vault.com\/tr\/wp-json\/wp\/v2\/media\/25529"}],"wp:attachment":[{"href":"https:\/\/logic-vault.com\/tr\/wp-json\/wp\/v2\/media?parent=26405"}],"wp:term":[{"taxonomy":"product_brand","embeddable":true,"href":"https:\/\/logic-vault.com\/tr\/wp-json\/wp\/v2\/product_brand?post=26405"},{"taxonomy":"product_cat","embeddable":true,"href":"https:\/\/logic-vault.com\/tr\/wp-json\/wp\/v2\/product_cat?post=26405"},{"taxonomy":"product_tag","embeddable":true,"href":"https:\/\/logic-vault.com\/tr\/wp-json\/wp\/v2\/product_tag?post=26405"}],"curies":[{"name":"wp","href":"https:\/\/api.w.org\/{rel}","templated":true}]}}