{"id":26402,"date":"2026-02-09T11:02:52","date_gmt":"2026-02-09T11:02:52","guid":{"rendered":"http:\/\/logic-vault.com\/?post_type=product&#038;p=26402"},"modified":"2026-02-11T13:39:45","modified_gmt":"2026-02-11T13:39:45","slug":"autonomous-drone-capturing-urban-analytics-data","status":"publish","type":"product","link":"https:\/\/logic-vault.com\/tr\/urun\/autonomous-drone-capturing-urban-analytics-data\/","title":{"rendered":"Otonom Drone Kentsel Analiz Verilerini Yakal\u0131yor"},"content":{"rendered":"<p>Bu komut, holografik katmanlarla kentsel analiz verileri toplayan otonom bir dronun sinematik bir g\u00f6rselle\u015ftirmesini olu\u015fturur. Ak\u0131ll\u0131 \u015fehirler, kentsel zeka, otonom sistemler ve veri odakl\u0131 \u015fehir y\u00f6netimi konular\u0131n\u0131 g\u00f6rselle\u015ftirmek i\u00e7in idealdir.<\/p>","protected":false},"excerpt":{"rendered":"<p>Bu komut, holografik katmanlarla kentsel analiz verileri toplayan otonom bir dronun sinematik bir g\u00f6rselle\u015ftirmesini olu\u015fturur. Ak\u0131ll\u0131 \u015fehirler, kentsel zeka, otonom sistemler ve veri odakl\u0131 \u015fehir y\u00f6netimi konular\u0131n\u0131 g\u00f6rselle\u015ftirmek i\u00e7in idealdir.<\/p>","protected":false},"featured_media":25712,"comment_status":"open","ping_status":"closed","template":"","meta":[],"product_brand":[],"product_cat":[4097],"product_tag":[],"class_list":{"0":"post-26402","1":"product","2":"type-product","3":"status-publish","4":"has-post-thumbnail","6":"product_cat-design-creativity","8":"first","9":"instock","10":"downloadable","11":"virtual","12":"product-type-simple"},"bundled_by":[],"bundle_stock_status":"instock","bundle_stock_quantity":null,"bundle_virtual":false,"bundle_layout":"","bundle_add_to_cart_form_location":"","bundle_editable_in_cart":false,"bundle_sold_individually_context":"","bundle_item_grouping":"","bundle_min_size":"","bundle_max_size":"","bundle_price":[],"bundled_items":[],"bundle_sell_ids":[],"_links":{"self":[{"href":"https:\/\/logic-vault.com\/tr\/wp-json\/wp\/v2\/product\/26402","targetHints":{"allow":["GET"]}}],"collection":[{"href":"https:\/\/logic-vault.com\/tr\/wp-json\/wp\/v2\/product"}],"about":[{"href":"https:\/\/logic-vault.com\/tr\/wp-json\/wp\/v2\/types\/product"}],"replies":[{"embeddable":true,"href":"https:\/\/logic-vault.com\/tr\/wp-json\/wp\/v2\/comments?post=26402"}],"wp:featuredmedia":[{"embeddable":true,"href":"https:\/\/logic-vault.com\/tr\/wp-json\/wp\/v2\/media\/25712"}],"wp:attachment":[{"href":"https:\/\/logic-vault.com\/tr\/wp-json\/wp\/v2\/media?parent=26402"}],"wp:term":[{"taxonomy":"product_brand","embeddable":true,"href":"https:\/\/logic-vault.com\/tr\/wp-json\/wp\/v2\/product_brand?post=26402"},{"taxonomy":"product_cat","embeddable":true,"href":"https:\/\/logic-vault.com\/tr\/wp-json\/wp\/v2\/product_cat?post=26402"},{"taxonomy":"product_tag","embeddable":true,"href":"https:\/\/logic-vault.com\/tr\/wp-json\/wp\/v2\/product_tag?post=26402"}],"curies":[{"name":"wp","href":"https:\/\/api.w.org\/{rel}","templated":true}]}}