{"id":26400,"date":"2026-02-09T11:02:52","date_gmt":"2026-02-09T11:02:52","guid":{"rendered":"http:\/\/logic-vault.com\/?post_type=product&#038;p=26400"},"modified":"2026-02-11T13:39:45","modified_gmt":"2026-02-11T13:39:45","slug":"business-investment-concept-with-golden-growth-arrows","status":"publish","type":"product","link":"https:\/\/logic-vault.com\/tr\/urun\/business-investment-concept-with-golden-growth-arrows\/","title":{"rendered":"Alt\u0131n B\u00fcy\u00fcme Oklar\u0131yla \u0130\u015f Yat\u0131r\u0131m\u0131 Konsepti"},"content":{"rendered":"<p>Bu komut, alt\u0131n rengi yukar\u0131 oklar kullanarak i\u015f yat\u0131r\u0131m\u0131 ve b\u00fcy\u00fcmesinin sinematik ve ilham verici bir g\u00f6rselle\u015ftirmesini olu\u015fturur. Yat\u0131r\u0131mc\u0131 sunumlar\u0131nda, pazarlama materyallerinde ve y\u00f6netici sunumlar\u0131nda finansal ba\u015far\u0131y\u0131, yat\u0131r\u0131m getirisi b\u00fcy\u00fcmesini ve stratejik ivmeyi g\u00f6stermek i\u00e7in idealdir.<\/p>","protected":false},"excerpt":{"rendered":"<p>Bu komut, alt\u0131n rengi yukar\u0131 oklar kullanarak i\u015f yat\u0131r\u0131m\u0131 ve b\u00fcy\u00fcmesinin sinematik ve ilham verici bir g\u00f6rselle\u015ftirmesini olu\u015fturur. Yat\u0131r\u0131mc\u0131 sunumlar\u0131nda, pazarlama materyallerinde ve y\u00f6netici sunumlar\u0131nda finansal ba\u015far\u0131y\u0131, yat\u0131r\u0131m getirisi b\u00fcy\u00fcmesini ve stratejik ivmeyi g\u00f6stermek i\u00e7in idealdir.<\/p>","protected":false},"featured_media":25529,"comment_status":"open","ping_status":"closed","template":"","meta":[],"product_brand":[],"product_cat":[4094],"product_tag":[],"class_list":{"0":"post-26400","1":"product","2":"type-product","3":"status-publish","4":"has-post-thumbnail","6":"product_cat-business-marketing","8":"first","9":"instock","10":"downloadable","11":"virtual","12":"product-type-simple"},"bundled_by":[],"bundle_stock_status":"instock","bundle_stock_quantity":null,"bundle_virtual":false,"bundle_layout":"","bundle_add_to_cart_form_location":"","bundle_editable_in_cart":false,"bundle_sold_individually_context":"","bundle_item_grouping":"","bundle_min_size":"","bundle_max_size":"","bundle_price":[],"bundled_items":[],"bundle_sell_ids":[],"_links":{"self":[{"href":"https:\/\/logic-vault.com\/tr\/wp-json\/wp\/v2\/product\/26400","targetHints":{"allow":["GET"]}}],"collection":[{"href":"https:\/\/logic-vault.com\/tr\/wp-json\/wp\/v2\/product"}],"about":[{"href":"https:\/\/logic-vault.com\/tr\/wp-json\/wp\/v2\/types\/product"}],"replies":[{"embeddable":true,"href":"https:\/\/logic-vault.com\/tr\/wp-json\/wp\/v2\/comments?post=26400"}],"wp:featuredmedia":[{"embeddable":true,"href":"https:\/\/logic-vault.com\/tr\/wp-json\/wp\/v2\/media\/25529"}],"wp:attachment":[{"href":"https:\/\/logic-vault.com\/tr\/wp-json\/wp\/v2\/media?parent=26400"}],"wp:term":[{"taxonomy":"product_brand","embeddable":true,"href":"https:\/\/logic-vault.com\/tr\/wp-json\/wp\/v2\/product_brand?post=26400"},{"taxonomy":"product_cat","embeddable":true,"href":"https:\/\/logic-vault.com\/tr\/wp-json\/wp\/v2\/product_cat?post=26400"},{"taxonomy":"product_tag","embeddable":true,"href":"https:\/\/logic-vault.com\/tr\/wp-json\/wp\/v2\/product_tag?post=26400"}],"curies":[{"name":"wp","href":"https:\/\/api.w.org\/{rel}","templated":true}]}}