{"id":26394,"date":"2026-02-09T11:02:52","date_gmt":"2026-02-09T11:02:52","guid":{"rendered":"http:\/\/logic-vault.com\/?post_type=product&#038;p=26394"},"modified":"2026-02-11T13:39:44","modified_gmt":"2026-02-11T13:39:44","slug":"isometric-illustration-of-a-smart-office","status":"publish","type":"product","link":"https:\/\/logic-vault.com\/tr\/urun\/isometric-illustration-of-a-smart-office\/","title":{"rendered":"Ak\u0131ll\u0131 Ofisin \u0130zometrik \u00c7izimi"},"content":{"rendered":"<p>Bu komut, ba\u011flant\u0131l\u0131 \u00e7al\u0131\u015fma alanlar\u0131n\u0131, yapay zeka ara\u00e7lar\u0131n\u0131 ve IoT \u00f6zellikli ortamlar\u0131 sergileyen ak\u0131ll\u0131 bir ofisin temiz, ayr\u0131nt\u0131l\u0131 bir izometrik ill\u00fcstrasyonunu olu\u015fturur. Gelece\u011fin \u00e7al\u0131\u015fma bi\u00e7imine dair g\u00f6rseller, i\u015f yeri teknolojisi a\u00e7\u0131klamalar\u0131 ve kurumsal sunumlar i\u00e7in idealdir.<\/p>","protected":false},"excerpt":{"rendered":"<p>Bu komut, ba\u011flant\u0131l\u0131 \u00e7al\u0131\u015fma alanlar\u0131n\u0131, yapay zeka ara\u00e7lar\u0131n\u0131 ve IoT \u00f6zellikli ortamlar\u0131 sergileyen ak\u0131ll\u0131 bir ofisin temiz, ayr\u0131nt\u0131l\u0131 bir izometrik ill\u00fcstrasyonunu olu\u015fturur. Gelece\u011fin \u00e7al\u0131\u015fma bi\u00e7imine dair g\u00f6rseller, i\u015f yeri teknolojisi a\u00e7\u0131klamalar\u0131 ve kurumsal sunumlar i\u00e7in idealdir.<\/p>","protected":false},"featured_media":25956,"comment_status":"open","ping_status":"closed","template":"","meta":[],"product_brand":[],"product_cat":[4101],"product_tag":[],"class_list":{"0":"post-26394","1":"product","2":"type-product","3":"status-publish","4":"has-post-thumbnail","6":"product_cat-productivity-automation","8":"first","9":"instock","10":"downloadable","11":"virtual","12":"product-type-simple"},"bundled_by":[],"bundle_stock_status":"instock","bundle_stock_quantity":null,"bundle_virtual":false,"bundle_layout":"","bundle_add_to_cart_form_location":"","bundle_editable_in_cart":false,"bundle_sold_individually_context":"","bundle_item_grouping":"","bundle_min_size":"","bundle_max_size":"","bundle_price":[],"bundled_items":[],"bundle_sell_ids":[],"_links":{"self":[{"href":"https:\/\/logic-vault.com\/tr\/wp-json\/wp\/v2\/product\/26394","targetHints":{"allow":["GET"]}}],"collection":[{"href":"https:\/\/logic-vault.com\/tr\/wp-json\/wp\/v2\/product"}],"about":[{"href":"https:\/\/logic-vault.com\/tr\/wp-json\/wp\/v2\/types\/product"}],"replies":[{"embeddable":true,"href":"https:\/\/logic-vault.com\/tr\/wp-json\/wp\/v2\/comments?post=26394"}],"wp:featuredmedia":[{"embeddable":true,"href":"https:\/\/logic-vault.com\/tr\/wp-json\/wp\/v2\/media\/25956"}],"wp:attachment":[{"href":"https:\/\/logic-vault.com\/tr\/wp-json\/wp\/v2\/media?parent=26394"}],"wp:term":[{"taxonomy":"product_brand","embeddable":true,"href":"https:\/\/logic-vault.com\/tr\/wp-json\/wp\/v2\/product_brand?post=26394"},{"taxonomy":"product_cat","embeddable":true,"href":"https:\/\/logic-vault.com\/tr\/wp-json\/wp\/v2\/product_cat?post=26394"},{"taxonomy":"product_tag","embeddable":true,"href":"https:\/\/logic-vault.com\/tr\/wp-json\/wp\/v2\/product_tag?post=26394"}],"curies":[{"name":"wp","href":"https:\/\/api.w.org\/{rel}","templated":true}]}}