{"id":26391,"date":"2026-02-09T11:02:49","date_gmt":"2026-02-09T11:02:49","guid":{"rendered":"http:\/\/logic-vault.com\/?post_type=product&#038;p=26391"},"modified":"2026-02-11T13:39:44","modified_gmt":"2026-02-11T13:39:44","slug":"ai-powered-financial-trading-interface-design","status":"publish","type":"product","link":"https:\/\/logic-vault.com\/tr\/urun\/ai-powered-financial-trading-interface-design\/","title":{"rendered":"Yapay Zeka Destekli Finansal \u0130\u015flem Aray\u00fcz\u00fc Tasar\u0131m\u0131"},"content":{"rendered":"<p>This prompt generates a sleek, professional AI-powered financial trading interface with real-time analytics and intelligent decision-support cues. It\u2019s ideal for fintech products, trading platforms, investor decks, and advanced market visualization concepts.<\/p>","protected":false},"excerpt":{"rendered":"<p>This prompt generates a sleek, professional AI-powered financial trading interface with real-time analytics and intelligent decision-support cues. It\u2019s ideal for fintech products, trading platforms, investor decks, and advanced market visualization concepts.<\/p>","protected":false},"featured_media":25529,"comment_status":"open","ping_status":"closed","template":"","meta":[],"product_brand":[],"product_cat":[4094],"product_tag":[],"class_list":{"0":"post-26391","1":"product","2":"type-product","3":"status-publish","4":"has-post-thumbnail","6":"product_cat-business-marketing","8":"first","9":"instock","10":"downloadable","11":"virtual","12":"product-type-simple"},"bundled_by":[],"bundle_stock_status":"instock","bundle_stock_quantity":null,"bundle_virtual":false,"bundle_layout":"","bundle_add_to_cart_form_location":"","bundle_editable_in_cart":false,"bundle_sold_individually_context":"","bundle_item_grouping":"","bundle_min_size":"","bundle_max_size":"","bundle_price":[],"bundled_items":[],"bundle_sell_ids":[],"_links":{"self":[{"href":"https:\/\/logic-vault.com\/tr\/wp-json\/wp\/v2\/product\/26391","targetHints":{"allow":["GET"]}}],"collection":[{"href":"https:\/\/logic-vault.com\/tr\/wp-json\/wp\/v2\/product"}],"about":[{"href":"https:\/\/logic-vault.com\/tr\/wp-json\/wp\/v2\/types\/product"}],"replies":[{"embeddable":true,"href":"https:\/\/logic-vault.com\/tr\/wp-json\/wp\/v2\/comments?post=26391"}],"wp:featuredmedia":[{"embeddable":true,"href":"https:\/\/logic-vault.com\/tr\/wp-json\/wp\/v2\/media\/25529"}],"wp:attachment":[{"href":"https:\/\/logic-vault.com\/tr\/wp-json\/wp\/v2\/media?parent=26391"}],"wp:term":[{"taxonomy":"product_brand","embeddable":true,"href":"https:\/\/logic-vault.com\/tr\/wp-json\/wp\/v2\/product_brand?post=26391"},{"taxonomy":"product_cat","embeddable":true,"href":"https:\/\/logic-vault.com\/tr\/wp-json\/wp\/v2\/product_cat?post=26391"},{"taxonomy":"product_tag","embeddable":true,"href":"https:\/\/logic-vault.com\/tr\/wp-json\/wp\/v2\/product_tag?post=26391"}],"curies":[{"name":"wp","href":"https:\/\/api.w.org\/{rel}","templated":true}]}}