{"id":26387,"date":"2026-02-09T11:02:49","date_gmt":"2026-02-09T11:02:49","guid":{"rendered":"http:\/\/logic-vault.com\/?post_type=product&#038;p=26387"},"modified":"2026-02-11T13:39:44","modified_gmt":"2026-02-11T13:39:44","slug":"creative-workspace-with-design-tools-and-ai-devices","status":"publish","type":"product","link":"https:\/\/logic-vault.com\/tr\/urun\/creative-workspace-with-design-tools-and-ai-devices\/","title":{"rendered":"Tasar\u0131m Ara\u00e7lar\u0131 ve Yapay Zeka Cihazlar\u0131yla Donat\u0131lm\u0131\u015f Yarat\u0131c\u0131 \u00c7al\u0131\u015fma Alan\u0131"},"content":{"rendered":"<p>Bu komut dosyas\u0131, geleneksel tasar\u0131m ara\u00e7lar\u0131n\u0131 yapay zeka destekli cihazlarla harmanlayan modern ve ilham verici bir yarat\u0131c\u0131 \u00e7al\u0131\u015fma alan\u0131 olu\u015fturur. Yapay zeka destekli yarat\u0131c\u0131l\u0131\u011f\u0131, tasar\u0131m st\u00fcdyolar\u0131n\u0131 ve yeni nesil yarat\u0131c\u0131 i\u015f ak\u0131\u015flar\u0131n\u0131 g\u00f6stermek i\u00e7in idealdir.<\/p>","protected":false},"excerpt":{"rendered":"<p>Bu komut dosyas\u0131, geleneksel tasar\u0131m ara\u00e7lar\u0131n\u0131 yapay zeka destekli cihazlarla harmanlayan modern ve ilham verici bir yarat\u0131c\u0131 \u00e7al\u0131\u015fma alan\u0131 olu\u015fturur. Yapay zeka destekli yarat\u0131c\u0131l\u0131\u011f\u0131, tasar\u0131m st\u00fcdyolar\u0131n\u0131 ve yeni nesil yarat\u0131c\u0131 i\u015f ak\u0131\u015flar\u0131n\u0131 g\u00f6stermek i\u00e7in idealdir.<\/p>","protected":false},"featured_media":25468,"comment_status":"open","ping_status":"closed","template":"","meta":[],"product_brand":[],"product_cat":[4091],"product_tag":[],"class_list":{"0":"post-26387","1":"product","2":"type-product","3":"status-publish","4":"has-post-thumbnail","6":"product_cat-coding-development","8":"first","9":"instock","10":"downloadable","11":"virtual","12":"product-type-simple"},"bundled_by":[],"bundle_stock_status":"instock","bundle_stock_quantity":null,"bundle_virtual":false,"bundle_layout":"","bundle_add_to_cart_form_location":"","bundle_editable_in_cart":false,"bundle_sold_individually_context":"","bundle_item_grouping":"","bundle_min_size":"","bundle_max_size":"","bundle_price":[],"bundled_items":[],"bundle_sell_ids":[],"_links":{"self":[{"href":"https:\/\/logic-vault.com\/tr\/wp-json\/wp\/v2\/product\/26387","targetHints":{"allow":["GET"]}}],"collection":[{"href":"https:\/\/logic-vault.com\/tr\/wp-json\/wp\/v2\/product"}],"about":[{"href":"https:\/\/logic-vault.com\/tr\/wp-json\/wp\/v2\/types\/product"}],"replies":[{"embeddable":true,"href":"https:\/\/logic-vault.com\/tr\/wp-json\/wp\/v2\/comments?post=26387"}],"wp:featuredmedia":[{"embeddable":true,"href":"https:\/\/logic-vault.com\/tr\/wp-json\/wp\/v2\/media\/25468"}],"wp:attachment":[{"href":"https:\/\/logic-vault.com\/tr\/wp-json\/wp\/v2\/media?parent=26387"}],"wp:term":[{"taxonomy":"product_brand","embeddable":true,"href":"https:\/\/logic-vault.com\/tr\/wp-json\/wp\/v2\/product_brand?post=26387"},{"taxonomy":"product_cat","embeddable":true,"href":"https:\/\/logic-vault.com\/tr\/wp-json\/wp\/v2\/product_cat?post=26387"},{"taxonomy":"product_tag","embeddable":true,"href":"https:\/\/logic-vault.com\/tr\/wp-json\/wp\/v2\/product_tag?post=26387"}],"curies":[{"name":"wp","href":"https:\/\/api.w.org\/{rel}","templated":true}]}}